{"id":6220,"date":"2020-07-14T00:08:51","date_gmt":"2020-07-14T07:08:51","guid":{"rendered":"https:\/\/stimrouter.com\/patients-targeted-relief\/patient-resource-center\/post-procedure-care\/"},"modified":"2023-03-29T09:08:56","modified_gmt":"2023-03-29T16:08:56","slug":"post-procedure-care","status":"publish","type":"page","link":"https:\/\/stimrouter.com\/fr\/patients-targeted-relief\/patient-resource-center\/post-procedure-care\/","title":{"rendered":"Post-Procedure Care"},"content":{"rendered":"\n<div id=\"acf\/banner-block_e4704848550ee95da3e6054fb1eb224c\" class=\"pxblock pxblock--banner banner text-color--light height--default\">\n\t\n\t<div class=\"container\">\n\t\t\t\t\t<div class=\"banner__content\">\n\t\t\t\t<h1>Utilisation de votre syst\u00e8me StimRouter<\/h1>\n\t\t\t<\/div>\n\t\t\t<\/div>\n\n\t\t\t<img decoding=\"async\" class=\"banner__wave\" src=\"\/wp-content\/themes\/stimrouter\/assets\/images\/wave-text.svg\">\n\t<\/div>\n\n\n\n<div id=\"acf\/text-block_f611b65794e9a640343559f729629640\" class=\"pxblock pxblock--text text width--default\">\n\t\n\t<div class=\"container\">\n\t\t<h2>Vid\u00e9os \u00e9ducatives pour les patients utilisant StimRouter PNS<\/h2>\n<p><span style=\"font-weight: 400;\">F\u00e9licitations pour votre implantation StimRouter. Les vid\u00e9os suivantes ont \u00e9t\u00e9 cr\u00e9\u00e9es pour vous aider \u00e0 vous familiariser avec l&rsquo;utilisation de cette technologie. Si vous avez des questions, veuillez nous contacter au 1-855-771-0606 du lundi au vendredi, entre 8 h et 17 h (heure du Pacifique).<\/span><\/p>\n\t<\/div>\n<\/div>\n\n\n\n<div id=\"acf\/video-content-block_c8034cf28d69569d8b7c32d9223475ad\" class=\"pxblock pxblock--video-content video-content vc\">\n\t\n\t<div class=\"vc__container\">\n\t\t<h2 class=\"vc__heading\">Pr\u00e9paration de la peau pour la pose d&rsquo;\u00e9lectrodes<\/h2>\n\n\t\t<div class=\"video-modal-preview\" style=\"background-image: url(https:\/\/stimrouter.com\/wp-content\/uploads\/2020\/07\/Screen-Shot-2020-07-29-at-12.10.17-PM.png);\">\n\t\t\t<iframe loading=\"lazy\" title=\"Prepping Your Skin for Electrode Placement | StimRouter UXU\" width=\"640\" height=\"360\" src=\"https:\/\/www.youtube.com\/embed\/oEiCjBvv0fY?feature=oembed\" frameborder=\"0\" allow=\"accelerometer; autoplay; clipboard-write; encrypted-media; gyroscope; picture-in-picture; web-share\" referrerpolicy=\"strict-origin-when-cross-origin\" allowfullscreen><\/iframe>\t\t<\/div>\n\n\t\t<p class=\"vc__description\">Apprenez \u00e0 pr\u00e9parer votre peau avant de placer les \u00e9lectrodes du programme th\u00e9rapeutique StimRouter.<\/p>\n\t\t\t<\/div>\n<\/div>\n\n\n\n<div id=\"acf\/video-content-block_210fd0cee1229c5eea341a22283b6b22\" class=\"pxblock pxblock--video-content video-content vc\">\n\t\n\t<div class=\"vc__container\">\n\t\t<h2 class=\"vc__heading\">S\u00e9lection d\u2019un nouveau programme th\u00e9rapeutique<\/h2>\n\n\t\t<div class=\"video-modal-preview\" style=\"background-image: url(https:\/\/stimrouter.com\/wp-content\/uploads\/2020\/07\/Screen-Shot-2020-07-29-at-12.10.55-PM.png);\">\n\t\t\t<iframe loading=\"lazy\" title=\"Select a New Therapy Program | StimRouter UXU\" width=\"640\" height=\"360\" src=\"https:\/\/www.youtube.com\/embed\/jIdgcLbUWn0?feature=oembed\" frameborder=\"0\" allow=\"accelerometer; autoplay; clipboard-write; encrypted-media; gyroscope; picture-in-picture; web-share\" referrerpolicy=\"strict-origin-when-cross-origin\" allowfullscreen><\/iframe>\t\t<\/div>\n\n\t\t<p class=\"vc__description\">D\u00e9couvrez comment passer d&rsquo;un programme th\u00e9rapeutique \u00e0 l&rsquo;autre sur StimRouter.<\/p>\n\t\t\t<\/div>\n<\/div>\n\n\n\n<div id=\"acf\/video-content-block_d61e3c1accd230ad68701491ade209da\" class=\"pxblock pxblock--video-content video-content vc\">\n\t\n\t<div class=\"vc__container\">\n\t\t<h2 class=\"vc__heading\">Ex\u00e9cution de votre programme th\u00e9rapeutique<\/h2>\n\n\t\t<div class=\"video-modal-preview\" style=\"background-image: url(https:\/\/stimrouter.com\/wp-content\/uploads\/2020\/07\/Screen-Shot-2020-07-29-at-12.45.19-PM.png);\">\n\t\t\t<iframe loading=\"lazy\" title=\"Running Your Therapy Program | StimRouter UXU\" width=\"640\" height=\"360\" src=\"https:\/\/www.youtube.com\/embed\/fbkYDREMdGY?feature=oembed\" frameborder=\"0\" allow=\"accelerometer; autoplay; clipboard-write; encrypted-media; gyroscope; picture-in-picture; web-share\" referrerpolicy=\"strict-origin-when-cross-origin\" allowfullscreen><\/iframe>\t\t<\/div>\n\n\t\t<p class=\"vc__description\">Apprenez \u00e0 d\u00e9marrer et \u00e0 ajuster votre programme th\u00e9rapeutique sur StimRouter.<\/p>\n\t\t\t<\/div>\n<\/div>\n\n\n\n<div id=\"acf\/video-content-block_639e74aae124f2a107b63f5c1555ff72\" class=\"pxblock pxblock--video-content video-content vc\">\n\t\n\t<div class=\"vc__container\">\n\t\t<h2 class=\"vc__heading\">S\u00e9lection d&rsquo;une nouvelle intensit\u00e9 par d\u00e9faut<\/h2>\n\n\t\t<div class=\"video-modal-preview\" style=\"background-image: url(https:\/\/stimrouter.com\/wp-content\/uploads\/2020\/07\/Screen-Shot-2020-07-29-at-12.09.43-PM.png);\">\n\t\t\t<iframe loading=\"lazy\" title=\"Selecting a New Default Intensity | StimRouter UXU\" width=\"640\" height=\"360\" src=\"https:\/\/www.youtube.com\/embed\/S0dfZfbo70E?feature=oembed\" frameborder=\"0\" allow=\"accelerometer; autoplay; clipboard-write; encrypted-media; gyroscope; picture-in-picture; web-share\" referrerpolicy=\"strict-origin-when-cross-origin\" allowfullscreen><\/iframe>\t\t<\/div>\n\n\t\t<p class=\"vc__description\">Apprenez \u00e0 s\u00e9lectionner une nouvelle intensit\u00e9 de stimulation par d\u00e9faut pour le programme th\u00e9rapeutique StimRouter que vous avez choisi.<\/p>\n\t\t\t<\/div>\n<\/div>\n\n\n\n<div id=\"acf\/video-content-block_553f2200faec49458584a84ec83d90ea\" class=\"pxblock pxblock--video-content video-content vc\">\n\t\n\t<div class=\"vc__container\">\n\t\t<h2 class=\"vc__heading\">Indicateurs de batteries faibles<\/h2>\n\n\t\t<div class=\"video-modal-preview\" style=\"background-image: url(https:\/\/stimrouter.com\/wp-content\/uploads\/2020\/07\/Screen-Shot-2020-07-29-at-12.11.41-PM.png);\">\n\t\t\t<iframe loading=\"lazy\" title=\"Low Battery Indicators | StimRouter UXU\" width=\"640\" height=\"360\" src=\"https:\/\/www.youtube.com\/embed\/VPf6LtMYAMk?feature=oembed\" frameborder=\"0\" allow=\"accelerometer; autoplay; clipboard-write; encrypted-media; gyroscope; picture-in-picture; web-share\" referrerpolicy=\"strict-origin-when-cross-origin\" allowfullscreen><\/iframe>\t\t<\/div>\n\n\t\t<p class=\"vc__description\">Apprenez \u00e0 identifier les erreurs de batterie faible pour l&rsquo;\u00c9EI et le programmateur du patient de StimRouter.<\/p>\n\t\t\t<\/div>\n<\/div>\n\n\n\n<div id=\"acf\/video-content-block_e54fa8338bfcbfd074bf4c697ec9597f\" class=\"pxblock pxblock--video-content video-content vc\">\n\t\n\t<div class=\"vc__container\">\n\t\t<h2 class=\"vc__heading\">Contact d\u00e9fectueux de l&rsquo;\u00e9lectrode<\/h2>\n\n\t\t<div class=\"video-modal-preview\" style=\"background-image: url(https:\/\/stimrouter.com\/wp-content\/uploads\/2020\/07\/Screen-Shot-2020-07-29-at-12.12.25-PM.png);\">\n\t\t\t<iframe loading=\"lazy\" title=\"Faulty Electrode Contact | StimRouter UXU\" width=\"640\" height=\"360\" src=\"https:\/\/www.youtube.com\/embed\/WE2YZlbIWi0?feature=oembed\" frameborder=\"0\" allow=\"accelerometer; autoplay; clipboard-write; encrypted-media; gyroscope; picture-in-picture; web-share\" referrerpolicy=\"strict-origin-when-cross-origin\" allowfullscreen><\/iframe>\t\t<\/div>\n\n\t\t<p class=\"vc__description\">D\u00e9couvrez comment remplacer l\u2019\u00e9lectrode de StimRouter apr\u00e8s une erreur de contact d&rsquo;\u00e9lectrode d\u00e9fectueux.<\/p>\n\t\t\t<\/div>\n<\/div>\n\n\n\n<div id=\"acf\/text-block_79ce43e73577ece9cdda026a1d5835dc\" class=\"pxblock pxblock--text text\">\n\t\n\t<div class=\"container\">\n\t\t<p><small class=\"footnote\"><span style=\"font-weight: 400;\">Rx Only. The StimRouter Neuromodulation System is indicated for pain management in adults who have severe intractable chronic pain of peripheral nerve origin, as an adjunct to other modes of therapy (e.g. medications). The StimRouter is not intended to treat pain in the craniofacial region. StimRouter is contraindicated in patients who have any active implanted device such as an implanted demand cardiac pacemaker or defibrillator, or metallic implant in the immediate area intended for implant. For complete instructions for use, storage, warnings, indications, contraindications, precautions, adverse reactions and disclaimer of warranties, please refer to the insert accompanying each product or online at <\/span><a href=\"http:\/\/www.stimrouter.com\"><span style=\"font-weight: 400;\">www.stimrouter.com<\/span><\/a><span style=\"font-weight: 400;\">.<\/span><\/small><\/p>\n\t<\/div>\n<\/div>\n","protected":false},"excerpt":{"rendered":"","protected":false},"author":29,"featured_media":0,"parent":6024,"menu_order":0,"comment_status":"closed","ping_status":"closed","template":"","meta":{"_acf_changed":false,"footnotes":""},"class_list":["post-6220","page","type-page","status-publish","hentry"],"acf":[],"_links":{"self":[{"href":"https:\/\/stimrouter.com\/fr\/wp-json\/wp\/v2\/pages\/6220","targetHints":{"allow":["GET"]}}],"collection":[{"href":"https:\/\/stimrouter.com\/fr\/wp-json\/wp\/v2\/pages"}],"about":[{"href":"https:\/\/stimrouter.com\/fr\/wp-json\/wp\/v2\/types\/page"}],"author":[{"embeddable":true,"href":"https:\/\/stimrouter.com\/fr\/wp-json\/wp\/v2\/users\/29"}],"replies":[{"embeddable":true,"href":"https:\/\/stimrouter.com\/fr\/wp-json\/wp\/v2\/comments?post=6220"}],"version-history":[{"count":0,"href":"https:\/\/stimrouter.com\/fr\/wp-json\/wp\/v2\/pages\/6220\/revisions"}],"up":[{"embeddable":true,"href":"https:\/\/stimrouter.com\/fr\/wp-json\/wp\/v2\/pages\/6024"}],"wp:attachment":[{"href":"https:\/\/stimrouter.com\/fr\/wp-json\/wp\/v2\/media?parent=6220"}],"curies":[{"name":"wp","href":"https:\/\/api.w.org\/{rel}","templated":true}]}}