{"id":6209,"date":"2020-07-08T19:59:02","date_gmt":"2020-07-09T02:59:02","guid":{"rendered":"https:\/\/stimrouter.com\/physicians\/stimrouter-pns-for-chronic-pain-management\/resource-center-2\/"},"modified":"2023-03-21T11:26:35","modified_gmt":"2023-03-21T18:26:35","slug":"resource-center","status":"publish","type":"page","link":"https:\/\/stimrouter.com\/fr\/physicians\/stimrouter-pns-for-chronic-pain-management\/resource-center\/","title":{"rendered":"Physician Resource Center"},"content":{"rendered":"\n<div id=\"acf\/banner-block_ef94ee3020511153e45d7ab6575c7533\" class=\"pxblock pxblock--banner banner text-color--light height--short\">\n\t\n\t<div class=\"container\">\n\t\t\t\t\t<div class=\"banner__content\">\n\t\t\t\t<h1 class=\"p1\">Centre de ressources StimRouter PNS<\/h1>\n\t\t\t<\/div>\n\t\t\t<\/div>\n\n\t\t\t<img decoding=\"async\" class=\"banner__wave\" src=\"\/wp-content\/themes\/stimrouter\/assets\/images\/wave-image.svg\">\n\t<\/div>\n\n\n\n<div id=\"acf\/text-block_41b232335e1f01bfac76cd65f35a01ba\" class=\"pxblock pxblock--text text width--default\">\n\t\n\t<div class=\"container\">\n\t\t<h2>Vous mettre en relation avec des ressources permettant d&rsquo;\u00e9largir le traitement de la douleur chronique<\/h2>\n<h3>La formation la plus solide de l\u2019industrie<\/h3>\n<ul>\n<li>Vid\u00e9os de formation par nerf p\u00e9riph\u00e9rique : 16 nerfs implant\u00e9s sur des cadavres \u00e0 l&rsquo;aide d&rsquo;ultrasons, racont\u00e9s par des membres du corps enseignant de la WAPMU (World Academy of Pain Medicine United).<u><\/u><\/li>\n<li>Ressources de planification des approches des nerfs p\u00e9riph\u00e9riques communs<u><\/u><u><\/u><\/li>\n<li>Cours de formation StimRouter dans le monde entier<u><\/u><\/li>\n<li>Certification pour StimRouter PNS<u><\/u><\/li>\n<\/ul>\n<p><a class=\"pxbutton pxbutton--primary\" href=\"https:\/\/stimrouter.com\/fr\/physicians\/stimrouter-pns-for-chronic-pain-management\/resource-center\/request-access-wapmu\/\">DEMANDE D\u2019ACC\u00c8S<\/a><\/p>\n<p>&nbsp;<\/p>\n\t<\/div>\n<\/div>\n\n\n\n<div id=\"acf\/text-block_b54e6b29f7ce242fdb036c7a5ecff18e\" class=\"pxblock pxblock--text text width--default\">\n\t\n\t<div class=\"container\">\n\t\t<h3>Ressources pour optimiser l&rsquo;utilisation de StimRouter PNS<\/h3>\n<ul>\n<li>Soutien pour la stimulation nerveuse p\u00e9riph\u00e9rique, entre pairs<u><\/u><\/li>\n<li>Assistance \u00e0 l&rsquo;implantation et \u00e0 la programmation par le responsable clinique<\/li>\n<li>Mat\u00e9riel et assistance t\u00e9l\u00e9chargeables pour vous aider \u00e0 mieux conna\u00eetre les avantages du syst\u00e8me de neuromodulation StimRouter PNS<\/li>\n<\/ul>\n<p>&nbsp;<\/p>\n<p><a class=\"pxbutton pxbutton--primary\" href=\"https:\/\/stimrouter.com\/fr\/contact-us\/\">COMMENT POUVONS-NOUS VOUS AIDER ?<\/a><\/p>\n<p>&nbsp;<\/p>\n\t<\/div>\n<\/div>\n\n\n\n<div id=\"acf\/resources-block_9072bace4daa2ec2b9e47b315150ed90\" class=\"pxblock pxblock--resources resources\">\n\t\n\t<div class=\"container\">\n\n\t\t\n\t\t\t<div class=\"resources__filters\">\n\t\t\t\t<h2>Filter resources<\/h2>\n\n\t\t\t\t<div class=\"resources__filters__selects\">\n\n\t\t\t\t\t\t\t\t\t\t\t\t<div class=\"filter-select\">\n\t\t\t\t\t\t\t\t<select name=\"resource-filter-region\">\n\t\t\t\t\t\t\t\t\t<option value=\"\">Resources Type<\/option>\n\t\t\t\t\t\t\t\t\t<option value=\"category--brochures-fr\" >Brochures<\/option><option value=\"category--data-fr\" >Clinical Data<\/option><option value=\"category--instructions-manuals-fr\" >Instructions &amp; Manuals<\/option><option value=\"category--patient-materials-fr\" >Patient Materials<\/option><option value=\"category--reimbursement-fr\" >Reimbursement<\/option>\t\t\t\t\t\t\t\t<\/select>\n\t\t\t\t\t\t\t<\/div>\n\t\t\t\t\t\n\t\t\t\t<\/div>\n\t\t\t<\/div>\n\t\t\n\t\t<div class=\"resources__posts\">\n\t\t\t\t\t\t\t<div class=\"resources__column category--document  category--instructions-manuals-fr category--physicians-fr\">\n\t\t\t\t\t<div class=\"card\">\n\t\t\t\t\t\t<div class=\"card__content resources__content\">\n\t\t\t\t\t\t\t<div class=\"resources__icon resources__icon--document\"><\/div>\n\t\t\t\t\t\t\t<h4 class=\"resources__title\">Directives compl\u00e8tes sur l&rsquo;IRM<\/h4>\n\t\t\t\t\t\t\t<p class=\"resources__excerpt\">Directives compl\u00e8tes sur l&rsquo;IRM<\/p>\n\t\t\t\t\t\t\t<a class=\"resources__link\" href=\"https:\/\/stimrouter.com\/wp-content\/uploads\/2023\/03\/602-00730-001_Rev._A-2.pdf\" download>Download<\/a>\n\t\t\t\t\t\t<\/div>\n\t\t\t\t\t<\/div>\n\t\t\t\t<\/div>\n\t\t\t\t\t\t\t<div class=\"resources__column category--document  category--ous-fr category--pain-fr category--patient-materials-fr category--patients-fr category--physicians-fr\">\n\t\t\t\t\t<div class=\"card\">\n\t\t\t\t\t\t<div class=\"card__content resources__content\">\n\t\t\t\t\t\t\t<div class=\"resources__icon resources__icon--document\"><\/div>\n\t\t\t\t\t\t\t<h4 class=\"resources__title\">StimRouter PNS : Guide de l&rsquo;utilisateur<\/h4>\n\t\t\t\t\t\t\t<p class=\"resources__excerpt\">Ce guide contient des informations utiles sur les composants de la trousse de l\u2019utilisateur, les instructions d&rsquo;utilisation et les exigences d\u2019entretien du syst\u00e8me de neuromodulation StimRouter. Ce guide est destin\u00e9 aux utilisateurs en dehors des \u00c9tats-Unis.<\/p>\n\t\t\t\t\t\t\t<a class=\"resources__link\" href=\"https:\/\/stimrouter.com\/wp-content\/uploads\/2020\/07\/MP612-00756-001-Rev.-D-efile.pdf\" download>Download<\/a>\n\t\t\t\t\t\t<\/div>\n\t\t\t\t\t<\/div>\n\t\t\t\t<\/div>\n\t\t\t\t\t\t\t<div class=\"resources__column category--document  category--instructions-manuals-fr category--pain-fr category--physicians-fr category--us-fr\">\n\t\t\t\t\t<div class=\"card\">\n\t\t\t\t\t\t<div class=\"card__content resources__content\">\n\t\t\t\t\t\t\t<div class=\"resources__icon resources__icon--document\"><\/div>\n\t\t\t\t\t\t\t<h4 class=\"resources__title\">StimRouter PNS : Guide du clinicien<\/h4>\n\t\t\t\t\t\t\t<p class=\"resources__excerpt\">Ce guide contient des informations utiles sur les composants de la trousse de l\u2019utilisateur, les instructions d&rsquo;utilisation et les exigences d\u2019entretien du syst\u00e8me de neuromodulation StimRouter. <\/p>\n\t\t\t\t\t\t\t<a class=\"resources__link\" href=\"https:\/\/stimrouter.com\/wp-content\/uploads\/2020\/07\/MP612-00757-001-Rev.-D-efile-1.pdf\" download>Download<\/a>\n\t\t\t\t\t\t<\/div>\n\t\t\t\t\t<\/div>\n\t\t\t\t<\/div>\n\t\t\t\t\t\t\t<div class=\"resources__column category--document  category--instructions-manuals-fr category--ous-fr category--pain-fr category--physicians-fr category--us-fr\">\n\t\t\t\t\t<div class=\"card\">\n\t\t\t\t\t\t<div class=\"card__content resources__content\">\n\t\t\t\t\t\t\t<div class=\"resources__icon resources__icon--document\"><\/div>\n\t\t\t\t\t\t\t<h4 class=\"resources__title\">StimRouter PNS : Applications courantes<\/h4>\n\t\t\t\t\t\t\t<p class=\"resources__excerpt\">Voici quelques-uns des diagnostics de la douleur les plus courants pour lesquels StimRouter est utilis\u00e9.<\/p>\n\t\t\t\t\t\t\t<a class=\"resources__link\" href=\"https:\/\/stimrouter.com\/wp-content\/uploads\/2020\/07\/SMK-004364_03748_SR_cmmnuse_hndout_US_brnd-updt_r03v02-2.pdf\" download>Download<\/a>\n\t\t\t\t\t\t<\/div>\n\t\t\t\t\t<\/div>\n\t\t\t\t<\/div>\n\t\t\t\t\t\t\t<div class=\"resources__column category--document  category--instructions-manuals-fr category--ous-fr category--pain-fr category--physicians-fr category--region-fr category--us-fr\">\n\t\t\t\t\t<div class=\"card\">\n\t\t\t\t\t\t<div class=\"card__content resources__content\">\n\t\t\t\t\t\t\t<div class=\"resources__icon resources__icon--document\"><\/div>\n\t\t\t\t\t\t\t<h4 class=\"resources__title\">StimRouter PNS : Manuel des proc\u00e9dures<\/h4>\n\t\t\t\t\t\t\t<p class=\"resources__excerpt\">Ce guide contient des informations utiles sur la pr\u00e9paration de l&rsquo;\u00e9quipement, les proc\u00e9dures d&rsquo;implantation et les soins postop\u00e9ratoires du syst\u00e8me de neuromodulation StimRouter. <\/p>\n\t\t\t\t\t\t\t<a class=\"resources__link\" href=\"https:\/\/stimrouter.com\/wp-content\/uploads\/2020\/07\/MP612-00755-001-Rev.-G-efile-2.pdf\" download>Download<\/a>\n\t\t\t\t\t\t<\/div>\n\t\t\t\t\t<\/div>\n\t\t\t\t<\/div>\n\t\t\t\t\t\t\t<div class=\"resources__column category--document  category--instructions-manuals-fr category--ous-fr category--pain-fr category--patient-materials-fr category--patients-fr category--physicians-fr category--us-fr\">\n\t\t\t\t\t<div class=\"card\">\n\t\t\t\t\t\t<div class=\"card__content resources__content\">\n\t\t\t\t\t\t\t<div class=\"resources__icon resources__icon--document\"><\/div>\n\t\t\t\t\t\t\t<h4 class=\"resources__title\">StimRouter PNS : Directives relatives \u00e0 l&rsquo;autonomie de la batterie<\/h4>\n\t\t\t\t\t\t\t<p class=\"resources__excerpt\">Directives pour optimiser la dur\u00e9e de vie de la batterie de votre syst\u00e8me StimRouter PNS.  <\/p>\n\t\t\t\t\t\t\t<a class=\"resources__link\" href=\"https:\/\/stimrouter.com\/wp-content\/uploads\/2020\/07\/SMK-004367_03746_SR_DTC_btrylf_US_brnd-updt_r02v01_lo-2.pdf\" download>Download<\/a>\n\t\t\t\t\t\t<\/div>\n\t\t\t\t\t<\/div>\n\t\t\t\t<\/div>\n\t\t\t\t\t\t\t<div class=\"resources__column category--document  category--brochures-fr category--ous-fr category--pain-fr category--patient-materials-fr category--patients-fr category--physicians-fr category--us-fr\">\n\t\t\t\t\t<div class=\"card\">\n\t\t\t\t\t\t<div class=\"card__content resources__content\">\n\t\t\t\t\t\t\t<div class=\"resources__icon resources__icon--document\"><\/div>\n\t\t\t\t\t\t\t<h4 class=\"resources__title\">StimRouter : R\u00e9sultats de l&rsquo;enqu\u00eate aupr\u00e8s des patients<\/h4>\n\t\t\t\t\t\t\t<p class=\"resources__excerpt\">R\u00e9sum\u00e9 des patients r\u00e9cemment interrog\u00e9s sur StimRouter. <\/p>\n\t\t\t\t\t\t\t<a class=\"resources__link\" href=\"https:\/\/stimrouter.com\/wp-content\/uploads\/2020\/07\/SMK-004365_03756_SR_ptsrvyrslts_hndout_US_brnd-updt_r03v01_lo-2.pdf\" download>Download<\/a>\n\t\t\t\t\t\t<\/div>\n\t\t\t\t\t<\/div>\n\t\t\t\t<\/div>\n\t\t\t\t\t\t\t<div class=\"resources__column category--document  category--brochures-fr category--ous-fr category--pain-fr category--patients-fr category--physicians-fr category--us-fr\">\n\t\t\t\t\t<div class=\"card\">\n\t\t\t\t\t\t<div class=\"card__content resources__content\">\n\t\t\t\t\t\t\t<div class=\"resources__icon resources__icon--document\"><\/div>\n\t\t\t\t\t\t\t<h4 class=\"resources__title\">StimRouter PNS : Brochure sur le produit<\/h4>\n\t\t\t\t\t\t\t<p class=\"resources__excerpt\">Informations sur le syst\u00e8me StimRouter PNS comme traitement de la douleur chronique.  <\/p>\n\t\t\t\t\t\t\t<a class=\"resources__link\" href=\"https:\/\/stimrouter.com\/wp-content\/uploads\/2020\/07\/SMK-004120StimRouterHCPBrochurev3-2.pdf\" download>Download<\/a>\n\t\t\t\t\t\t<\/div>\n\t\t\t\t\t<\/div>\n\t\t\t\t<\/div>\n\t\t\t\t\t\t\t<div class=\"resources__column category--document  category--instructions-manuals-fr category--ous-fr category--pain-fr category--patient-materials-fr category--patients-fr category--physicians-fr category--us-fr\">\n\t\t\t\t\t<div class=\"card\">\n\t\t\t\t\t\t<div class=\"card__content resources__content\">\n\t\t\t\t\t\t\t<div class=\"resources__icon resources__icon--document\"><\/div>\n\t\t\t\t\t\t\t<h4 class=\"resources__title\">StimRouter PNS : Guide de s\u00e9lection des \u00e9lectrodes<\/h4>\n\t\t\t\t\t\t\t<p class=\"resources__excerpt\">Directives pour vous aider \u00e0 choisir la meilleure taille d&rsquo;\u00e9lectrode pour votre implant StimRouter. <\/p>\n\t\t\t\t\t\t\t<a class=\"resources__link\" href=\"https:\/\/stimrouter.com\/wp-content\/uploads\/2020\/07\/02997_SR_extndelctrd_sllsht_r10v01-min-1-3.pdf\" download>Download<\/a>\n\t\t\t\t\t\t<\/div>\n\t\t\t\t\t<\/div>\n\t\t\t\t<\/div>\n\t\t\t\t\t\t\t<div class=\"resources__column category--document  category--ous-fr category--pain-fr category--patient-materials-fr category--patients-fr category--physicians-fr category--us-fr\">\n\t\t\t\t\t<div class=\"card\">\n\t\t\t\t\t\t<div class=\"card__content resources__content\">\n\t\t\t\t\t\t\t<div class=\"resources__icon resources__icon--document\"><\/div>\n\t\t\t\t\t\t\t<h4 class=\"resources__title\">StimRouter PNS : Carte de r\u00e9f\u00e9rence de l&rsquo;utilisateur<\/h4>\n\t\t\t\t\t\t\t<p class=\"resources__excerpt\">Cette carte est une r\u00e9f\u00e9rence rapide comprenant la configuration de StimRouter PNS, les instructions d&rsquo;utilisation du programmateur du patient, le retrait des \u00e9lectrodes et de l&rsquo;\u00e9metteur externe d&rsquo;impulsions (\u00c9EI) et le d\u00e9pannage. <\/p>\n\t\t\t\t\t\t\t<a class=\"resources__link\" href=\"https:\/\/stimrouter.com\/wp-content\/uploads\/2020\/07\/MP602-00632-001-Rev-C-efile-1.pdf\" download>Download<\/a>\n\t\t\t\t\t\t<\/div>\n\t\t\t\t\t<\/div>\n\t\t\t\t<\/div>\n\t\t\t\t\t\t\t<div class=\"resources__column category--document  category--instructions-manuals-fr category--ous-fr category--pain-fr category--physicians-fr\">\n\t\t\t\t\t<div class=\"card\">\n\t\t\t\t\t\t<div class=\"card__content resources__content\">\n\t\t\t\t\t\t\t<div class=\"resources__icon resources__icon--document\"><\/div>\n\t\t\t\t\t\t\t<h4 class=\"resources__title\">Liste de contr\u00f4le pr\u00e9-IRM pour les patients StimRouter<\/h4>\n\t\t\t\t\t\t\t<p class=\"resources__excerpt\">Formulaire d&rsquo;\u00e9ligibilit\u00e9 du patient du syst\u00e8me de neuromodulation StimRouter et liste de contr\u00f4le pr\u00e9-IRM.<\/p>\n\t\t\t\t\t\t\t<a class=\"resources__link\" href=\"https:\/\/stimrouter.com\/wp-content\/uploads\/2020\/07\/StimRouter_Pre-MRI_Checklist_MP918-00097-001_Rev.A-3.pdf\" download>Download<\/a>\n\t\t\t\t\t\t<\/div>\n\t\t\t\t\t<\/div>\n\t\t\t\t<\/div>\n\t\t\t\t\t\t\t<div class=\"resources__column category--document  category--instructions-manuals-fr category--ous-fr category--pain-fr category--physicians-fr category--us-fr\">\n\t\t\t\t\t<div class=\"card\">\n\t\t\t\t\t\t<div class=\"card__content resources__content\">\n\t\t\t\t\t\t\t<div class=\"resources__icon resources__icon--document\"><\/div>\n\t\t\t\t\t\t\t<h4 class=\"resources__title\">StimRouter PNS : Carte de r\u00e9f\u00e9rence du clinicien<\/h4>\n\t\t\t\t\t\t\t<p class=\"resources__excerpt\">Cette carte est une r\u00e9f\u00e9rence rapide pour la configuration de la programmation, la configuration des \u00e9lectrodes et de l&rsquo;\u00e9metteur externe d&rsquo;impulsions (\u00c9EI), la navigation dans le logiciel et la programmation.  <\/p>\n\t\t\t\t\t\t\t<a class=\"resources__link\" href=\"https:\/\/stimrouter.com\/wp-content\/uploads\/2020\/07\/MP602-00633-001-Rev.-C-efile-1.pdf\" download>Download<\/a>\n\t\t\t\t\t\t<\/div>\n\t\t\t\t\t<\/div>\n\t\t\t\t<\/div>\n\t\t\t\t\t\t\t<div class=\"resources__column category--document  category--ous-fr category--pain-fr category--patient-materials-fr category--patients-fr category--physicians-fr category--us-fr\">\n\t\t\t\t\t<div class=\"card\">\n\t\t\t\t\t\t<div class=\"card__content resources__content\">\n\t\t\t\t\t\t\t<div class=\"resources__icon resources__icon--document\"><\/div>\n\t\t\t\t\t\t\t<h4 class=\"resources__title\">StimRouter PNS : Carte de garantie<\/h4>\n\t\t\t\t\t\t\t<p class=\"resources__excerpt\">Cette carte contient des informations utiles sur la garantie limit\u00e9e d&rsquo;un an du syst\u00e8me de neuromodulation StimRouter PNS. <\/p>\n\t\t\t\t\t\t\t<a class=\"resources__link\" href=\"https:\/\/stimrouter.com\/wp-content\/uploads\/2020\/07\/Mp602-00249-001_Rev.-Be-file-3.pdf\" download>Download<\/a>\n\t\t\t\t\t\t<\/div>\n\t\t\t\t\t<\/div>\n\t\t\t\t<\/div>\n\t\t\t\t\t\t\t<div class=\"resources__column category--document  category--data-fr category--ous-fr category--pain-fr category--physicians-fr category--us-fr\">\n\t\t\t\t\t<div class=\"card\">\n\t\t\t\t\t\t<div class=\"card__content resources__content\">\n\t\t\t\t\t\t\t<div class=\"resources__icon resources__icon--document\"><\/div>\n\t\t\t\t\t\t\t<h4 class=\"resources__title\">Livre blanc : Justification de la stimulation du nerf axillaire pour les douleurs de l&rsquo;\u00e9paule apr\u00e8s un AVC<\/h4>\n\t\t\t\t\t\t\t<p class=\"resources__excerpt\">Vue d&rsquo;ensemble d&rsquo;une nouvelle solution implantable, le syst\u00e8me StimRouter PNS pour la douleur de l&rsquo;\u00e9paule apr\u00e8s un AVC.<\/p>\n\t\t\t\t\t\t\t<a class=\"resources__link\" href=\"https:\/\/stimrouter.com\/wp-content\/uploads\/2020\/07\/02376_sr_pssp_whtppr_r03v01-1-2.pdf\" download>Download<\/a>\n\t\t\t\t\t\t<\/div>\n\t\t\t\t\t<\/div>\n\t\t\t\t<\/div>\n\t\t\t\t\t\t\t<div class=\"resources__column category--document  category--ous-fr category--pain-fr category--patient-materials-fr category--patients-fr category--physicians-fr category--us-fr\">\n\t\t\t\t\t<div class=\"card\">\n\t\t\t\t\t\t<div class=\"card__content resources__content\">\n\t\t\t\t\t\t\t<div class=\"resources__icon resources__icon--document\"><\/div>\n\t\t\t\t\t\t\t<h4 class=\"resources__title\">Carte d&rsquo;identification de dispositif m\u00e9dical pour StimRouter PNS<\/h4>\n\t\t\t\t\t\t\t<p class=\"resources__excerpt\">Carte d&rsquo;identification du dispositif m\u00e9dical StimRouter pour les patients qui ont besoin d&rsquo;une carte d&rsquo;identification de dispositif m\u00e9dical de remplacement.<\/p>\n\t\t\t\t\t\t\t<a class=\"resources__link\" href=\"https:\/\/stimrouter.com\/wp-content\/uploads\/2020\/07\/Mp602-00541-001_Rev.Be-file-4.pdf\" download>Download<\/a>\n\t\t\t\t\t\t<\/div>\n\t\t\t\t\t<\/div>\n\t\t\t\t<\/div>\n\t\t\t\t\t\t\t<div class=\"resources__column category--document  category--instructions-manuals-fr category--pain-fr category--patient-materials-fr category--patients-fr category--physicians-fr\">\n\t\t\t\t\t<div class=\"card\">\n\t\t\t\t\t\t<div class=\"card__content resources__content\">\n\t\t\t\t\t\t\t<div class=\"resources__icon resources__icon--document\"><\/div>\n\t\t\t\t\t\t\t<h4 class=\"resources__title\">Brochure d&rsquo;\u00e9ducation des patients StimRouter<\/h4>\n\t\t\t\t\t\t\t<p class=\"resources__excerpt\">Informations sur le fonctionnement du syst\u00e8me StimRouter PNS et sur le traitement de la douleur chronique<\/p>\n\t\t\t\t\t\t\t<a class=\"resources__link\" href=\"https:\/\/stimrouter.com\/wp-content\/uploads\/2020\/07\/SMK-004591StimRouterDTCbrochureCAEN_v3-1.pdf\" download>Download<\/a>\n\t\t\t\t\t\t<\/div>\n\t\t\t\t\t<\/div>\n\t\t\t\t<\/div>\n\t\t\t\t\t<\/div>\n\t<\/div>\n<\/div>\n\n\n\n<style>\n\t@media (min-width: 768px) {\n\t\t.columns__row > .columns__column.columns__column--1 {\n\t\t\twidth: 100%;\n\t\t}\n\t}\n<\/style>\n\n<div id=\"acf\/columns-block_eeb80ab07c0431ea18f888d1142d0d7e\" class=\"pxblock pxblock--columns columns\">\n\t\n\t<div class=\"container\">\n\t\t\n\t\t<div class=\"columns__row\">\n\t\t\t\t\t\t\t<div class=\"columns__column columns__column--1\">\n\t\t\t\t\t\t\t\t\t\t\t<div class=\"card\">\n\t\t\t\t\t\t\t<img loading=\"lazy\" decoding=\"async\" width=\"96\" height=\"96\" src=\"https:\/\/stimrouter.com\/wp-content\/uploads\/2020\/07\/Contact-4.png\" class=\"card__icon\" alt=\"\" \/>\n\t\t\t\t\t\t\t<div class=\"card__content\"><h4 style=\"text-align: center;\">Soutien technique et clinique<\/h4>\n<p style=\"text-align: center;\">Du lundi au vendredi, de 8 h \u00e0 17 h (heure du Pacifique)<\/p>\n<p style=\"text-align: center;\">800-211-9136, option 3<\/p>\n<\/div>\n\t\t\t\t\t\t<\/div>\n\t\t\t\t\t\t\t\t\t<\/div>\n\t\t\t\t\t<\/div>\n\t<\/div>\n<\/div>\n","protected":false},"excerpt":{"rendered":"","protected":false},"author":29,"featured_media":0,"parent":6039,"menu_order":0,"comment_status":"closed","ping_status":"closed","template":"","meta":{"_acf_changed":false,"footnotes":""},"class_list":["post-6209","page","type-page","status-publish","hentry"],"acf":[],"_links":{"self":[{"href":"https:\/\/stimrouter.com\/fr\/wp-json\/wp\/v2\/pages\/6209","targetHints":{"allow":["GET"]}}],"collection":[{"href":"https:\/\/stimrouter.com\/fr\/wp-json\/wp\/v2\/pages"}],"about":[{"href":"https:\/\/stimrouter.com\/fr\/wp-json\/wp\/v2\/types\/page"}],"author":[{"embeddable":true,"href":"https:\/\/stimrouter.com\/fr\/wp-json\/wp\/v2\/users\/29"}],"replies":[{"embeddable":true,"href":"https:\/\/stimrouter.com\/fr\/wp-json\/wp\/v2\/comments?post=6209"}],"version-history":[{"count":0,"href":"https:\/\/stimrouter.com\/fr\/wp-json\/wp\/v2\/pages\/6209\/revisions"}],"up":[{"embeddable":true,"href":"https:\/\/stimrouter.com\/fr\/wp-json\/wp\/v2\/pages\/6039"}],"wp:attachment":[{"href":"https:\/\/stimrouter.com\/fr\/wp-json\/wp\/v2\/media?parent=6209"}],"curies":[{"name":"wp","href":"https:\/\/api.w.org\/{rel}","templated":true}]}}