{"id":6080,"date":"2020-07-14T00:10:04","date_gmt":"2020-07-14T07:10:04","guid":{"rendered":"https:\/\/stimrouter.com\/terms-conditions\/"},"modified":"2022-12-29T09:58:35","modified_gmt":"2022-12-29T16:58:35","slug":"terms-conditions","status":"publish","type":"page","link":"https:\/\/stimrouter.com\/fr\/terms-conditions\/","title":{"rendered":"Terms &#038; Conditions"},"content":{"rendered":"\n<div id=\"acf\/banner-block_598363c34cfce3701e2d75c3fee3a912\" class=\"pxblock pxblock--banner banner text-color--light height--default\">\n\t\n\t<div class=\"container\">\n\t\t\t\t\t<div class=\"banner__content\">\n\t\t\t\t<h1>Conditions d&rsquo;utilisation<\/h1>\n\t\t\t<\/div>\n\t\t\t<\/div>\n\n\t\t\t<img decoding=\"async\" class=\"banner__wave\" src=\"\/wp-content\/themes\/stimrouter\/assets\/images\/wave-text.svg\">\n\t<\/div>\n\n\n\n<div id=\"acf\/text-block_846fa6cca5b385a1b8b79ca59b5573d8\" class=\"pxblock pxblock--text text width--default\">\n\t\n\t<div class=\"container\">\n\t\t<p>Les modalit\u00e9s et conditions suivantes s&rsquo;appliquent \u00e0 toute personne utilisant le site Internet StimRouter. En utilisant ce site, vous \u00eates r\u00e9put\u00e9(e) accepter ces modalit\u00e9s et conditions :<\/p>\n<ul>\n<li>StimRouter.com est un site Internet d&rsquo;information g\u00e9n\u00e9rale uniquement et ne remplace pas les soins ou les conseils m\u00e9dicaux.<\/li>\n<li>Nous mettons tout en \u0153uvre pour assurer l&rsquo;exactitude des informations contenues dans le site. Toutefois, nous ne pouvons garantir l&rsquo;exactitude des informations et ne pouvons \u00eatre tenus responsables de l&rsquo;usage que vous en faites ou de la confiance que vous leur accordez.<\/li>\n<li>Les produits pr\u00e9sent\u00e9s sur le site ne sont pas disponibles dans tous les pays. Les indications relatives \u00e0 leur utilisation varient d&rsquo;un pays \u00e0 l&rsquo;autre.<\/li>\n<li>Rien sur ce site ne doit \u00eatre interpr\u00e9t\u00e9 comme une offre de service. Les informations figurant sur ce site sont bas\u00e9es sur le temps et peuvent ne plus \u00eatre le reflet exact de notre position actuelle. Aux fins d\u2019\u00e9tablissement d&rsquo;un contrat, aucune information sur ce site Internet ne doit \u00eatre consid\u00e9r\u00e9e comme exacte tant qu&rsquo;elle n&rsquo;a pas \u00e9t\u00e9 confirm\u00e9e par nous par \u00e9crit.<\/li>\n<li>Toute communication \u2013 y compris les id\u00e9es, inventions, concepts, etc. \u2013 envoy\u00e9s \u00e0 Bioventus sont non confidentiels et la soci\u00e9t\u00e9 n&rsquo;est pas tenue de s&rsquo;abstenir de les publier ou de les utiliser \u00e0 quelque fin que ce soit.<\/li>\n<li>Bioventus n&rsquo;est pas responsable des dommages ou des d\u00e9penses qui en r\u00e9sultent pour quiconque utilise StimRouter.com.<\/li>\n<li>Ce site est li\u00e9 \u00e0 d&rsquo;autres sites externes. Bioventus n&rsquo;est pas responsable du contenu de ces sites et ne peut \u00eatre tenu responsable de tout dommage ou pr\u00e9judice r\u00e9sultant de ce contenu.<\/li>\n<li>Il est de la responsabilit\u00e9 des utilisateurs de ce site de se prot\u00e9ger ad\u00e9quatement contre les virus, les chevaux de Troie, les vers ou autres objets malveillants ou nuisibles. Bioventus n&rsquo;est pas responsable de toute perte r\u00e9sultant de l&rsquo;acc\u00e8s \u00e0 notre site.<\/li>\n<li>Nous nous r\u00e9servons le droit de modifier les modalit\u00e9s et conditions d&rsquo;utilisation de notre site Internet \u00e0 tout moment. (Ces modifications entreront en vigueur une fois publi\u00e9es sur le lien \u00ab Conditions d&rsquo;utilisation \u00bb).<\/li>\n<\/ul>\n\t<\/div>\n<\/div>\n","protected":false},"excerpt":{"rendered":"","protected":false},"author":29,"featured_media":0,"parent":0,"menu_order":0,"comment_status":"closed","ping_status":"closed","template":"","meta":{"_acf_changed":false,"footnotes":""},"class_list":["post-6080","page","type-page","status-publish","hentry"],"acf":[],"_links":{"self":[{"href":"https:\/\/stimrouter.com\/fr\/wp-json\/wp\/v2\/pages\/6080","targetHints":{"allow":["GET"]}}],"collection":[{"href":"https:\/\/stimrouter.com\/fr\/wp-json\/wp\/v2\/pages"}],"about":[{"href":"https:\/\/stimrouter.com\/fr\/wp-json\/wp\/v2\/types\/page"}],"author":[{"embeddable":true,"href":"https:\/\/stimrouter.com\/fr\/wp-json\/wp\/v2\/users\/29"}],"replies":[{"embeddable":true,"href":"https:\/\/stimrouter.com\/fr\/wp-json\/wp\/v2\/comments?post=6080"}],"version-history":[{"count":0,"href":"https:\/\/stimrouter.com\/fr\/wp-json\/wp\/v2\/pages\/6080\/revisions"}],"wp:attachment":[{"href":"https:\/\/stimrouter.com\/fr\/wp-json\/wp\/v2\/media?parent=6080"}],"curies":[{"name":"wp","href":"https:\/\/api.w.org\/{rel}","templated":true}]}}