{"id":6065,"date":"2020-07-14T16:39:54","date_gmt":"2020-07-14T23:39:54","guid":{"rendered":"https:\/\/stimrouter.com\/physicians\/electric-field-conduction\/"},"modified":"2022-12-29T08:38:46","modified_gmt":"2022-12-29T15:38:46","slug":"electric-field-conduction","status":"publish","type":"page","link":"https:\/\/stimrouter.com\/fr\/physicians\/electric-field-conduction\/","title":{"rendered":"Electric Field Conduction"},"content":{"rendered":"\n<div id=\"acf\/banner-block_6bf6afe21ef474808a5a133b9184d106\" class=\"pxblock pxblock--banner banner text-color--light height--short\">\n\t\n\t<div class=\"container\">\n\t\t\t\t\t<div class=\"banner__content\">\n\t\t\t\t<h1>Conduction du champ \u00e9lectrique<\/h1>\n\t\t\t<\/div>\n\t\t\t<\/div>\n\n\t\t\t<img decoding=\"async\" class=\"banner__wave\" src=\"\/wp-content\/themes\/stimrouter\/assets\/images\/wave-image.svg\">\n\t<\/div>\n\n\n\n<div id=\"acf\/text-block_30fa1e8e28efc49b60ed89558c2ae9cf\" class=\"pxblock pxblock--text text width--default\">\n\t\n\t<div class=\"container\">\n\t\t<h2>La diff\u00e9rence StimRouter : Conduction du champ \u00e9lectrique brevet\u00e9e<\/h2>\n<p>La conduction du champ \u00e9lectrique tire parti de la teneur naturelle en eau du corps pour faciliter la conduction du signal et produire une stimulation constante et fiable. La stimulation par radiofr\u00e9quence (RF) traditionnelle est att\u00e9nu\u00e9e par l&rsquo;eau et demeure sensible \u00e0 la profondeur ainsi qu&rsquo;\u00e0 l&rsquo;orientation du r\u00e9cepteur implant\u00e9 par rapport au g\u00e9n\u00e9rateur de signaux.<\/p>\n<p>&nbsp;<\/p>\n<p>La conduction du champ \u00e9lectrique permet au StimRouter d&rsquo;\u00e9viter les pertes de traitement dues \u00e0 l&rsquo;intermittence des signaux, inh\u00e9rente \u00e0 la stimulation traditionnelle, en utilisant un champ d&rsquo;\u00e9nergie pour surmonter les variations d&rsquo;alignement et de profondeur des implants qui peuvent avoir un impact sur les performances des autres syst\u00e8mes. En travaillant avec la teneur naturelle en eau du corps plut\u00f4t que de la traiter comme un obstacle, la conduction du champ \u00e9lectrique permet \u00e0 l&rsquo;\u00e9nergie d&rsquo;\u00eatre d\u00e9livr\u00e9e de mani\u00e8re coh\u00e9rente pour stimuler les cibles nerveuses les plus difficiles sur le plan anatomique.<\/p>\n\t<\/div>\n<\/div>\n","protected":false},"excerpt":{"rendered":"","protected":false},"author":29,"featured_media":0,"parent":6034,"menu_order":0,"comment_status":"closed","ping_status":"closed","template":"","meta":{"_acf_changed":false,"footnotes":""},"class_list":["post-6065","page","type-page","status-publish","hentry"],"acf":[],"_links":{"self":[{"href":"https:\/\/stimrouter.com\/fr\/wp-json\/wp\/v2\/pages\/6065","targetHints":{"allow":["GET"]}}],"collection":[{"href":"https:\/\/stimrouter.com\/fr\/wp-json\/wp\/v2\/pages"}],"about":[{"href":"https:\/\/stimrouter.com\/fr\/wp-json\/wp\/v2\/types\/page"}],"author":[{"embeddable":true,"href":"https:\/\/stimrouter.com\/fr\/wp-json\/wp\/v2\/users\/29"}],"replies":[{"embeddable":true,"href":"https:\/\/stimrouter.com\/fr\/wp-json\/wp\/v2\/comments?post=6065"}],"version-history":[{"count":0,"href":"https:\/\/stimrouter.com\/fr\/wp-json\/wp\/v2\/pages\/6065\/revisions"}],"up":[{"embeddable":true,"href":"https:\/\/stimrouter.com\/fr\/wp-json\/wp\/v2\/pages\/6034"}],"wp:attachment":[{"href":"https:\/\/stimrouter.com\/fr\/wp-json\/wp\/v2\/media?parent=6065"}],"curies":[{"name":"wp","href":"https:\/\/api.w.org\/{rel}","templated":true}]}}