{"id":6063,"date":"2020-07-14T00:01:21","date_gmt":"2020-07-14T07:01:21","guid":{"rendered":"https:\/\/stimrouter.com\/physicians\/mri-safety-following-stimrouter-implant\/"},"modified":"2023-03-29T08:44:23","modified_gmt":"2023-03-29T15:44:23","slug":"mri-safety-following-stimrouter-implant","status":"publish","type":"page","link":"https:\/\/stimrouter.com\/fr\/physicians\/mri-safety-following-stimrouter-implant\/","title":{"rendered":"MRI Safety"},"content":{"rendered":"\n<div id=\"acf\/banner-block_89fdc4444d5834ecd67f81182ba2eade\" class=\"pxblock pxblock--banner banner text-color--light height--short\">\n\t\n\t<div class=\"container\">\n\t\t\t\t\t<div class=\"banner__content\">\n\t\t\t\t<h1>S\u00e9curit\u00e9 de l&rsquo;IRM<\/h1>\n\t\t\t<\/div>\n\t\t\t<\/div>\n\n\t\t\t<img decoding=\"async\" class=\"banner__wave\" src=\"\/wp-content\/themes\/stimrouter\/assets\/images\/wave-image.svg\">\n\t<\/div>\n\n\n<div id=\"acf\/image-and-content-block_15c4aec7966741b81d035ca59568981b\" class=\"pxblock pxblock--image-and-content ic ic--contained\">\n\t\n\t<div class=\"ic__container container\">\t\t<div class=\"ic__row\">\n\t\t\t<div class=\"ic__column ic__column--image ic__column--image-right\">\n\t\t\t\t<img loading=\"lazy\" decoding=\"async\" width=\"1000\" height=\"666\" src=\"https:\/\/stimrouter.com\/wp-content\/uploads\/2020\/07\/mri-hero.jpg\" class=\"ic__image\" alt=\"\" srcset=\"https:\/\/stimrouter.com\/wp-content\/uploads\/2020\/07\/mri-hero.jpg 1000w, https:\/\/stimrouter.com\/wp-content\/uploads\/2020\/07\/mri-hero-300x200.jpg 300w, https:\/\/stimrouter.com\/wp-content\/uploads\/2020\/07\/mri-hero-768x511.jpg 768w\" sizes=\"auto, (max-width: 1000px) 100vw, 1000px\" \/>\t\t\t<\/div>\n\t\t\t<div class=\"ic__column ic__column--content ic__column--content-left\">\n\t\t\t\t<div class=\"ic__content\"><h2>Utilisation de l&rsquo;IRM avec un syst\u00e8me StimRouter implant\u00e9<\/h2>\n<p>Les patients et les m\u00e9decins doivent conna\u00eetre les limites, les mises en garde et les pr\u00e9cautions associ\u00e9s au syst\u00e8me StimRouter et \u00e0 l&rsquo;imagerie par r\u00e9sonance magn\u00e9tique (IRM). Un patient qui porte une sonde StimRouter implant\u00e9e peut \u00eatre scann\u00e9 en toute s\u00e9curit\u00e9, imm\u00e9diatement apr\u00e8s l&rsquo;implantation, s&rsquo;il satisfait aux conditions sp\u00e9cifi\u00e9es. Les informations compl\u00e8tes sur l&rsquo;IRM pour StimRouter sont disponibles <a href=\"https:\/\/stimrouter.com\/wp-content\/uploads\/2022\/11\/602-00730-001_Rev._A.pdf\" target=\"_blank\">ici<\/a><\/p>\n<\/div>\n\t\t\t<\/div>\n\t\t<\/div>\n\t<\/div>\t<!-- \/.container -->\n<\/div>\n\n\n\n<style>\n\t@media (min-width: 768px) {\n\t\t.columns__row > .columns__column.columns__column--2 {\n\t\t\twidth: 50%;\n\t\t}\n\t}\n<\/style>\n\n<div id=\"acf\/columns-block_b92f02e8fae68e3cef87bf0df93a18e6\" class=\"pxblock pxblock--columns columns\">\n\t\n\t<div class=\"container\">\n\t\t\t\t\t<div class=\"columns__title\">\n\t\t\t\t<h3 style=\"text-align: center;\">Mises en garde, pr\u00e9cautions et restrictions<\/h3>\n\t\t\t<\/div>\n\t\t\n\t\t<div class=\"columns__row\">\n\t\t\t\t\t\t\t<div class=\"columns__column columns__column--2\">\n\t\t\t\t\t\t\t\t\t\t\t<div class=\"card\">\n\t\t\t\t\t\t\t<img loading=\"lazy\" decoding=\"async\" width=\"44\" height=\"39\" src=\"https:\/\/stimrouter.com\/wp-content\/uploads\/2020\/07\/mri-warning.png\" class=\"card__icon\" alt=\"\" \/>\n\t\t\t\t\t\t\t<div class=\"card__content\"><p><strong>Mises en garde et pr\u00e9cautions concernant l&rsquo;IRM 1.5 Tesla et 3 Tesla<\/strong><\/p>\n<p><span style=\"font-weight: 400;\">Si l&rsquo;ensemble de la sonde de l&rsquo;appareil StimRouter est \u00e9loign\u00e9 d&rsquo;au moins 50 cm du centre de l&rsquo;al\u00e9sage du syst\u00e8me de r\u00e9sonnance magn\u00e9tique et du centre de la bobine d&rsquo;\u00e9mission RF du corps, le d\u00e9bit d&rsquo;absorption sp\u00e9cifique (DAS) rapport\u00e9, moyenn\u00e9 sur le corps entier, ne doit pas d\u00e9passer 2 W\/kg \u00e0 1,5 T\/64 MHz ou un DAS moyenn\u00e9 sur le corps entier de 2 W\/kg \u00e0 3T\/128 MHz dans le mode de fonctionnement normal du syst\u00e8me de r\u00e9sonnance magn\u00e9tique.<\/span><\/p>\n<p><span style=\"font-weight: 400;\">Limitez la valeur B1+rms et le DAS aux valeurs indiqu\u00e9es dans le tableau 3.1 des directives StimRouter pour l&rsquo;IRM si l&rsquo;ensemble de l\u2019appareil StimRouter ne se trouve pas \u00e0, au moins,      50 cm du centre de l&rsquo;al\u00e9sage de l&rsquo;IRM.<\/span><\/p>\n<p>Veuillez lire les directives compl\u00e8tes sur l&rsquo;IRM de StimRouter en suivant le lien ci-dessous.<\/p>\n<\/div>\n\t\t\t\t\t\t<\/div>\n\t\t\t\t\t\t\t\t\t<\/div>\n\t\t\t\t\t\t\t<div class=\"columns__column columns__column--2\">\n\t\t\t\t\t\t\t\t\t\t\t<div class=\"card\">\n\t\t\t\t\t\t\t<img loading=\"lazy\" decoding=\"async\" width=\"44\" height=\"43\" src=\"https:\/\/stimrouter.com\/wp-content\/uploads\/2020\/07\/mri-restrictions.png\" class=\"card__icon\" alt=\"\" \/>\n\t\t\t\t\t\t\t<div class=\"card__content\"><p><strong>Restrictions relatives aux composants externes de StimRouter :<\/strong><\/p>\n<p><span style=\"font-weight: 400;\">Tous les composants externes du syst\u00e8me StimRouter sont contre-indiqu\u00e9s dans l&rsquo;environnement IRM. Par cons\u00e9quent, l&rsquo;\u00e9lectrode StimRouter, l&rsquo;\u00e9metteur externe d&rsquo;impulsions et le programmateur du patient doivent \u00eatre retir\u00e9s avant que le patient ne soit autoris\u00e9 \u00e0 entrer dans l&rsquo;environnement IRM.<\/span><\/p>\n<p>Veuillez lire les directives compl\u00e8tes sur l&rsquo;IRM dans le Guide du clinicien en cliquant sur le lien ci-dessous.<\/p>\n<\/div>\n\t\t\t\t\t\t<\/div>\n\t\t\t\t\t\t\t\t\t<\/div>\n\t\t\t\t\t<\/div>\n\t<\/div>\n<\/div>\n\n\n\n<style>\n\t@media (min-width: 768px) {\n\t\t.columns__row > .columns__column.columns__column--2 {\n\t\t\twidth: 50%;\n\t\t}\n\t}\n<\/style>\n\n<div id=\"acf\/columns-block_40738d2d745c41605231d1fa5a6a11a1\" class=\"pxblock pxblock--columns columns\">\n\t\n\t<div class=\"container\">\n\t\t\n\t\t<div class=\"columns__row\">\n\t\t\t\t\t\t\t<div class=\"columns__column columns__column--2\">\n\t\t\t\t\t\t\t\t\t\t\t<div class=\"card\">\n\t\t\t\t\t\t\t<img loading=\"lazy\" decoding=\"async\" width=\"96\" height=\"96\" src=\"https:\/\/stimrouter.com\/wp-content\/uploads\/2020\/07\/Contact-4.png\" class=\"card__icon\" alt=\"\" \/>\n\t\t\t\t\t\t\t<div class=\"card__content\"><h4 style=\"text-align: center;\"><span style=\"font-weight: 400;\">Soutien clinique de StimRouter<\/span><\/h4>\n<p style=\"text-align: center;\"><span style=\"font-weight: 400;\">Monday \u2013 Friday, 8 AM \u2013 5 PM PST Du lundi au vendredi, de 8 h \u00e0 17 h (heure du Pacifique)<\/span><\/p>\n<p style=\"text-align: center;\"><span style=\"font-weight: 400;\">800-211-9136<\/span><\/p>\n<\/div>\n\t\t\t\t\t\t<\/div>\n\t\t\t\t\t\t\t\t\t<\/div>\n\t\t\t\t\t\t\t<div class=\"columns__column columns__column--2\">\n\t\t\t\t\t\t\t\t\t\t\t<div class=\"card\">\n\t\t\t\t\t\t\t<img loading=\"lazy\" decoding=\"async\" width=\"96\" height=\"96\" src=\"https:\/\/stimrouter.com\/wp-content\/uploads\/2020\/07\/Download-4.png\" class=\"card__icon\" alt=\"\" \/>\n\t\t\t\t\t\t\t<div class=\"card__content\"><h4 style=\"text-align: center;\"><span style=\"font-weight: 400;\">Directives compl\u00e8tes sur l&rsquo;IRM<\/span><\/h4>\n<p style=\"text-align: center;\">Inclus dans le Guide du clinicien<\/p>\n<p style=\"text-align: center;\"><a class=\"pxbutton pxbutton--secondary href=\" href=\"https:\/\/stimrouter.com\/wp-content\/uploads\/2023\/03\/602-00730-001_Rev._A-3.pdf\">T\u00c9L\u00c9CHARGER MAINTENANT<br \/>\n<\/a><\/p>\n<\/div>\n\t\t\t\t\t\t<\/div>\n\t\t\t\t\t\t\t\t\t<\/div>\n\t\t\t\t\t<\/div>\n\t<\/div>\n<\/div>\n","protected":false},"excerpt":{"rendered":"","protected":false},"author":29,"featured_media":5605,"parent":6034,"menu_order":0,"comment_status":"closed","ping_status":"closed","template":"","meta":{"_acf_changed":false,"footnotes":""},"class_list":["post-6063","page","type-page","status-publish","has-post-thumbnail","hentry"],"acf":[],"_links":{"self":[{"href":"https:\/\/stimrouter.com\/fr\/wp-json\/wp\/v2\/pages\/6063","targetHints":{"allow":["GET"]}}],"collection":[{"href":"https:\/\/stimrouter.com\/fr\/wp-json\/wp\/v2\/pages"}],"about":[{"href":"https:\/\/stimrouter.com\/fr\/wp-json\/wp\/v2\/types\/page"}],"author":[{"embeddable":true,"href":"https:\/\/stimrouter.com\/fr\/wp-json\/wp\/v2\/users\/29"}],"replies":[{"embeddable":true,"href":"https:\/\/stimrouter.com\/fr\/wp-json\/wp\/v2\/comments?post=6063"}],"version-history":[{"count":0,"href":"https:\/\/stimrouter.com\/fr\/wp-json\/wp\/v2\/pages\/6063\/revisions"}],"up":[{"embeddable":true,"href":"https:\/\/stimrouter.com\/fr\/wp-json\/wp\/v2\/pages\/6034"}],"wp:featuredmedia":[{"embeddable":true,"href":"https:\/\/stimrouter.com\/fr\/wp-json\/wp\/v2\/media\/5605"}],"wp:attachment":[{"href":"https:\/\/stimrouter.com\/fr\/wp-json\/wp\/v2\/media?parent=6063"}],"curies":[{"name":"wp","href":"https:\/\/api.w.org\/{rel}","templated":true}]}}