{"id":6059,"date":"2020-07-14T00:01:41","date_gmt":"2020-07-14T07:01:41","guid":{"rendered":"https:\/\/stimrouter.com\/physicians\/training-stimrouter-pns-chronic-pain\/"},"modified":"2023-03-29T08:42:48","modified_gmt":"2023-03-29T15:42:48","slug":"training-stimrouter-pns-chronic-pain","status":"publish","type":"page","link":"https:\/\/stimrouter.com\/fr\/physicians\/training-stimrouter-pns-chronic-pain\/","title":{"rendered":"Training"},"content":{"rendered":"\n<div id=\"acf\/banner-block_31c482f0ebfb8ac79f0faf0953cf38b3\" class=\"pxblock pxblock--banner banner text-color--light height--short\">\n\t\n\t<div class=\"container\">\n\t\t\t\t\t<div class=\"banner__content\">\n\t\t\t\t<h1>Formation pour StimRouter PNS<\/h1>\n\t\t\t<\/div>\n\t\t\t<\/div>\n\n\t\t\t<img decoding=\"async\" class=\"banner__wave\" src=\"\/wp-content\/themes\/stimrouter\/assets\/images\/wave-image.svg\">\n\t<\/div>\n\n\n\n<div id=\"acf\/text-block_01c42005729e93315c0020d87848479d\" class=\"pxblock pxblock--text text width--default\">\n\t\n\t<div class=\"container\">\n\t\t<h2 style=\"text-align: left;\"><span style=\"font-weight: 400;\">Notre engagement en mati\u00e8re de formation<\/span><\/h2>\n<p style=\"text-align: left;\"><span style=\"font-weight: 400;\">Nous nous engageons \u00e0 former les cliniciens afin d&rsquo;aider les implanteurs \u00e0 obtenir des r\u00e9sultats exceptionnels pour les patients dans le domaine de la stimulation nerveuse p\u00e9riph\u00e9rique. \u00c0 cette fin, nous avons \u00e9t\u00e9 les premiers \u00e0 nous associer \u00e0 la WAPMU (World Academy of Pain Medicine United) pour effectuer une formation pratique sur les implants, ainsi que des vid\u00e9os de formation et des outils de planification proc\u00e9durale pour les implanteurs.<\/span><\/p>\n<p>&nbsp;<\/p>\n<p style=\"text-align: left;\"><span style=\"font-weight: 400;\">Vous trouverez ci-dessous certains de nos soutiens de formation pour vous aider \u00e0 vous familiariser avec StimRouter et \u00e0 vous pr\u00e9parer \u00e0 votre prochain cas. Pour de plus amples informations, veuillez nous contacter au 800-211-9136, option 2.<\/span><\/p>\n\t<\/div>\n<\/div>\n\n\n\n<style>\n\t@media (min-width: 768px) {\n\t\t.columns__row > .columns__column.columns__column--2 {\n\t\t\twidth: 50%;\n\t\t}\n\t}\n<\/style>\n\n<div id=\"acf\/columns-block_75eb60249135fa581d5aeaf1cc132b5b\" class=\"pxblock pxblock--columns columns\">\n\t\n\t<div class=\"container\">\n\t\t\n\t\t<div class=\"columns__row\">\n\t\t\t\t\t\t\t<div class=\"columns__column columns__column--2\">\n\t\t\t\t\t\t\t\t\t\t\t<div class=\"card\">\n\t\t\t\t\t\t\t\n\t\t\t\t\t\t\t<div class=\"card__content\"><h4 style=\"text-align: center;\"><strong>Vid\u00e9os de formation sur la stimulation nerveuse p\u00e9riph\u00e9rique<\/strong><\/h4>\n<p style=\"text-align: center;\">Vid\u00e9os par nerf p\u00e9riph\u00e9rique \u2013 16 nerfs implant\u00e9s sur des cadavres avec des ultrasons, racont\u00e9es par des membres du corps enseignant de la WAPMU (World Academy of Pain Medicine United).<\/p>\n<p style=\"text-align: center;\"><a class=\"pxbutton pxbutton--primary pxbutton--secondary\" href=\"https:\/\/www.wapmu.org\/training-videos-1\" target=\"_blank\" rel=\"noopener\">VOIR LES VID\u00c9OS DE FORMATION<\/a><\/p>\n<\/div>\n\t\t\t\t\t\t<\/div>\n\t\t\t\t\t\t\t\t\t<\/div>\n\t\t\t\t\t\t\t<div class=\"columns__column columns__column--2\">\n\t\t\t\t\t\t\t\t\t\t\t<div class=\"card\">\n\t\t\t\t\t\t\t\n\t\t\t\t\t\t\t<div class=\"card__content\"><h4 style=\"text-align: center;\">Ressource de planification<\/h4>\n<p style=\"text-align: center;\"><span style=\"font-weight: 400;\">Guide pour les m\u00e9decins d\u00e9taillant l&rsquo;anatomie pertinente et la planification pr\u00e9op\u00e9ratoire et postop\u00e9ratoire des nerfs p\u00e9riph\u00e9riques couramment implant\u00e9s.<\/span><\/p>\n<p style=\"text-align: center;\"><a class=\"pxbutton pxbutton--primary pxbutton--secondary\" href=\"https:\/\/www.dropbox.com\/s\/gqlix4iikxnlw8i\/V4%20Approaches%20to%20Common%20Peripheral%20Nerves%5B2%5D%20%20-%20%20Read-Only.pdf?dl=0\" target=\"_blank\" rel=\"noopener\">VOIR LA RESSOURCE<\/a><\/p>\n<p><!-- wp:acf\/columns {\"id\":\"block_5f1b62321e2e6\",\"name\":\"acf\/columns\",\"data\":{\"field_5ef38f4319be6\":\"\",\"field_5e875a212b9ea\":{\"row-0\":{\"acf_fc_layout\":\"card\",\"field_5ef2a684e04cb\":\"\",\"field_5ef38fb12c5b3\":\"\",\"field_5ef2a69ee04cc\":\"\\u003ch4 style=\\u0022text-align: center;\\u0022\\u003e\\u003cstrong\\u003eTraining Videos\\u003c\/strong\\u003e\\u003c\/h4\\u003e\\r\\n\\u003cp style=\\u0022text-align: center;\\u0022\\u003eVideos by peripheral nerve \u2014 16 nerves implanted on cadavers with ultrasound, narrated by a WAPMU faculty members.\\u003c\/p\\u003e\\r\\n\\u003cp style=\\u0022text-align: center;\\u0022\\u003e\\u003ca class=\\u0022pxbutton pxbutton\\u002d\\u002dprimary\\u0022 href=\\u0022https:\/\/www.wapmu.org\/training-videos-1\\u0022 target=\\u0022_blank\\u0022 rel=\\u0022noopener\\u0022\\u003eView Training Videos\\u003c\/a\\u003e\\u003c\/p\\u003e\"},\"5f246b281005e\":{\"acf_fc_layout\":\"card\",\"field_5ef2a684e04cb\":\"\",\"field_5ef38fb12c5b3\":\"\",\"field_5ef2a69ee04cc\":\"\\u003ch4\\u003ePlanning Resource\\u003c\/h4\\u003e\\r\\nCommon Approaches to Peripheral Nerves\"}}},\"mode\":\"preview\"} \/--><\/p>\n<\/div>\n\t\t\t\t\t\t<\/div>\n\t\t\t\t\t\t\t\t\t<\/div>\n\t\t\t\t\t<\/div>\n\t<\/div>\n<\/div>\n\n\n\n<style>\n\t@media (min-width: 768px) {\n\t\t.columns__row > .columns__column.columns__column--2 {\n\t\t\twidth: 50%;\n\t\t}\n\t}\n<\/style>\n\n<div id=\"acf\/columns-block_819686b17cbf9db4cda510d4d1c5881a\" class=\"pxblock pxblock--columns columns\">\n\t\n\t<div class=\"container\">\n\t\t\n\t\t<div class=\"columns__row\">\n\t\t\t\t\t\t\t<div class=\"columns__column columns__column--2\">\n\t\t\t\t\t\t\t\t\t\t\t<div class=\"card\">\n\t\t\t\t\t\t\t\n\t\t\t\t\t\t\t<div class=\"card__content\"><h4 style=\"text-align: center;\">Certification en mati\u00e8re de stimulation nerveuse p\u00e9riph\u00e9rique<\/h4>\n<p style=\"text-align: center;\">Apprenez-en davantage sur la fa\u00e7on de devenir un chirurgien certifi\u00e9 de la stimulation nerveuse p\u00e9riph\u00e9rique.<\/p>\n<p style=\"text-align: center;\"><a class=\"pxbutton pxbutton--secondary\"href=\"https:\/\/static1.squarespace.com\/static\/58aeebc3d1758ef40ffb421a\/t\/599ee68abe6594fda7ccae94\/1503585930688\/Request_for_Certificate.pdf\">DEMANDER UN CERTIFICAT<\/a><\/p>\n<\/div>\n\t\t\t\t\t\t<\/div>\n\t\t\t\t\t\t\t\t\t<\/div>\n\t\t\t\t\t\t\t<div class=\"columns__column columns__column--2\">\n\t\t\t\t\t\t\t\t\t\t\t<div class=\"card\">\n\t\t\t\t\t\t\t\n\t\t\t\t\t\t\t<div class=\"card__content\"><h4 style=\"text-align: center;\">\u00c9v\u00e9nements de formation sur la stimulation nerveuse p\u00e9riph\u00e9rique<\/h4>\n<p style=\"text-align: center;\">Nous parrainons des formations sur StimRouter PNS dans le monde entier.<\/p>\n<p style=\"text-align: center;\"><a class=\"pxbutton pxbutton--secondary\" href=\"https:\/\/www.wapmu.org\/workshops\">ATELIERS \u00c0 VENIR <\/a><\/p>\n<\/div>\n\t\t\t\t\t\t<\/div>\n\t\t\t\t\t\t\t\t\t<\/div>\n\t\t\t\t\t<\/div>\n\t<\/div>\n<\/div>\n\n\n\n<style>\n\t@media (min-width: 768px) {\n\t\t.columns__row > .columns__column.columns__column--2 {\n\t\t\twidth: 50%;\n\t\t}\n\t}\n<\/style>\n\n<div id=\"acf\/columns-block_a8f321c40a2b6a24756fd4ce146380cc\" class=\"pxblock pxblock--columns columns\">\n\t\n\t<div class=\"container\">\n\t\t\n\t\t<div class=\"columns__row\">\n\t\t\t\t\t\t\t<div class=\"columns__column columns__column--2\">\n\t\t\t\t\t\t\t\t\t\t\t<div class=\"card\">\n\t\t\t\t\t\t\t\n\t\t\t\t\t\t\t<div class=\"card__content\"><h4 style=\"text-align: center;\">Stimulation des nerfs p\u00e9riph\u00e9riques : De l\u2019utilisation de torpilles jusqu\u2019\u00e0 l\u2019appareil StimRouter<\/h4>\n<p style=\"text-align: center;\"><span style=\"font-weight: 400;\">Un bref historique de la stimulation nerveuse p\u00e9riph\u00e9rique, de ses origines \u00e0 nos jours.<\/span><\/p>\n<p style=\"text-align: center;\"><a class=\"pxbutton pxbutton--secondary\" href=\"https:\/\/stimrouter.com\/wp-content\/uploads\/2020\/07\/PeripheralNerveStimulationOverview.pdf\">VOIR LA PR\u00c9SENTATION<\/a><\/p>\n<\/div>\n\t\t\t\t\t\t<\/div>\n\t\t\t\t\t\t\t\t\t<\/div>\n\t\t\t\t\t\t\t<div class=\"columns__column columns__column--2\">\n\t\t\t\t\t\t\t\t\t\t\t<div class=\"card\">\n\t\t\t\t\t\t\t\n\t\t\t\t\t\t\t<div class=\"card__content\"><h4 style=\"text-align: center;\">Pr\u00e9sentation : Aper\u00e7u technique de StimRouter PNS<\/h4>\n<p style=\"text-align: center;\"><span style=\"font-weight: 400;\">Un bref aper\u00e7u du syst\u00e8me de neuromodulation StimRouter PNS.<\/span><\/p>\n<p style=\"text-align: center;\"><a class=\"pxbutton pxbutton--secondary\" href=\"https:\/\/static1.squarespace.com\/static\/58aeebc3d1758ef40ffb421a\/t\/5abad1486d2a733c0769c0e3\/1522192726044\/Technical+Presentation_StimRouter_03.2018.pdf\">VOIR LA PR\u00c9SENTATION<\/a><\/p>\n<\/div>\n\t\t\t\t\t\t<\/div>\n\t\t\t\t\t\t\t\t\t<\/div>\n\t\t\t\t\t<\/div>\n\t<\/div>\n<\/div>\n\n\n<div id=\"acf\/image-and-content-block_44c212ada7121e762c0069621a53033e\" class=\"pxblock pxblock--image-and-content ic ic--contained\">\n\t\n\t<div class=\"ic__container container\">\t\t<div class=\"ic__row\">\n\t\t\t<div class=\"ic__column ic__column--image ic__column--image-right\">\n\t\t\t\t<img loading=\"lazy\" decoding=\"async\" width=\"300\" height=\"299\" src=\"https:\/\/stimrouter.com\/wp-content\/uploads\/2020\/07\/WAPMUInterimLogoWebsite-e1596222171687.png\" class=\"ic__image\" alt=\"\" \/>\t\t\t<\/div>\n\t\t\t<div class=\"ic__column ic__column--content ic__column--content-left\">\n\t\t\t\t<div class=\"ic__content\"><h2 style=\"text-align: right;\">Nous sommes fiers d\u2019offrir notre soutien \u00e0 la WAPMU (World Academy of Pain Medicine United).<\/h2>\n<\/div>\n\t\t\t<\/div>\n\t\t<\/div>\n\t<\/div>\t<!-- \/.container -->\n<\/div>\n","protected":false},"excerpt":{"rendered":"","protected":false},"author":29,"featured_media":0,"parent":6034,"menu_order":0,"comment_status":"closed","ping_status":"closed","template":"","meta":{"_acf_changed":false,"footnotes":""},"class_list":["post-6059","page","type-page","status-publish","hentry"],"acf":[],"_links":{"self":[{"href":"https:\/\/stimrouter.com\/fr\/wp-json\/wp\/v2\/pages\/6059","targetHints":{"allow":["GET"]}}],"collection":[{"href":"https:\/\/stimrouter.com\/fr\/wp-json\/wp\/v2\/pages"}],"about":[{"href":"https:\/\/stimrouter.com\/fr\/wp-json\/wp\/v2\/types\/page"}],"author":[{"embeddable":true,"href":"https:\/\/stimrouter.com\/fr\/wp-json\/wp\/v2\/users\/29"}],"replies":[{"embeddable":true,"href":"https:\/\/stimrouter.com\/fr\/wp-json\/wp\/v2\/comments?post=6059"}],"version-history":[{"count":0,"href":"https:\/\/stimrouter.com\/fr\/wp-json\/wp\/v2\/pages\/6059\/revisions"}],"up":[{"embeddable":true,"href":"https:\/\/stimrouter.com\/fr\/wp-json\/wp\/v2\/pages\/6034"}],"wp:attachment":[{"href":"https:\/\/stimrouter.com\/fr\/wp-json\/wp\/v2\/media?parent=6059"}],"curies":[{"name":"wp","href":"https:\/\/api.w.org\/{rel}","templated":true}]}}