{"id":6051,"date":"2020-07-14T16:40:13","date_gmt":"2020-07-14T23:40:13","guid":{"rendered":"https:\/\/stimrouter.com\/physicians\/stimrouter-pns-for-chronic-pain-management\/therapist-perspective-on-stimrouter\/"},"modified":"2022-12-28T12:40:25","modified_gmt":"2022-12-28T19:40:25","slug":"therapist-perspective-on-stimrouter","status":"publish","type":"page","link":"https:\/\/stimrouter.com\/fr\/physicians\/stimrouter-pns-for-chronic-pain-management\/therapist-perspective-on-stimrouter\/","title":{"rendered":"Therapist Perspective"},"content":{"rendered":"\n<div id=\"acf\/banner-block_348b6a473208e0f795058952273a3317\" class=\"pxblock pxblock--banner banner text-color--light height--short\">\n\t\n\t<div class=\"container\">\n\t\t\t\t\t<div class=\"banner__content\">\n\t\t\t\t<h1>Le point de vue d&rsquo;un th\u00e9rapeute<\/h1>\n\t\t\t<\/div>\n\t\t\t<\/div>\n\n\t\t\t<img decoding=\"async\" class=\"banner__wave\" src=\"\/wp-content\/themes\/stimrouter\/assets\/images\/wave-image.svg\">\n\t<\/div>\n\n\n\n<div id=\"acf\/text-block_d0205a19e820b7b1e69d9e09b45f74a1\" class=\"pxblock pxblock--text text width--default\">\n\t\n\t<div class=\"container\">\n\t\t<h2><span style=\"font-weight: 400;\">Le point de vue d&rsquo;un th\u00e9rapeute sur StimRouter comme traitement de la douleur <\/span><\/h2>\n<h4><span style=\"font-weight: 400;\">chronique par Nirav Patel, PT, DPT | Complete Balance Solutions Institute for Rehab <\/span><\/h4>\n<p>&nbsp;<\/p>\n<p><span style=\"font-weight: 400;\">La douleur est un obstacle majeur aux progr\u00e8s du r\u00e9tablissement et de la gu\u00e9rison dans le cadre de la r\u00e9\u00e9ducation. La protection musculaire et la posture en pr\u00e9sence de la douleur peuvent limiter les interventions th\u00e9rapeutiques et conduire \u00e0 la faiblesse, \u00e0 l&rsquo;atrophie et finalement \u00e0 la perte d&rsquo;usage et de fonction. Le Dr Nirav Patel, PT, DPT, kin\u00e9sith\u00e9rapeute et directeur du centre Complete Balance Solutions Institute for Rehab \u00e0 Orange County en Californie, d\u00e9clare aux autres th\u00e9rapeutes : \u00ab Si nous parvenons \u00e0 modifier le niveau de douleur de nos patients, nous pouvons obtenir de grands r\u00e9sultats. En tant que th\u00e9rapeute, vous devez livrer une \u00e9norme bataille en ce qui concerne l&rsquo;activit\u00e9 et le contr\u00f4le moteurs en pr\u00e9sence de la douleur. La modulation de la douleur doit \u00eatre une premi\u00e8re \u00e9tape, car lorsque vous diminuez la douleur, vous diminuez l&rsquo;inhibition motrice et la spasticit\u00e9, et vous obtenez une plus grande amplitude de mouvement et une plus grande utilisation fonctionnelle \u00bb.\u00a0<\/span><span style=\"font-weight: 400;\"><br \/>\n<\/span><\/p>\n<p>&nbsp;<\/p>\n<p><span style=\"font-weight: 400;\">Le Dr Patel cite son patient Jeff comme exemple de la mani\u00e8re dont le soulagement de la douleur chronique a permis des gains significatifs en ce qui concerne la th\u00e9rapie, la fonction globale et la qualit\u00e9 de vie. Jeff avait re\u00e7u un diagnostic de scl\u00e9rose en plaques r\u00e9currente \/ r\u00e9mittente et pr\u00e9sentait des douleurs aux \u00e9paules et aux pieds. Pour aider Jeff \u00e0 prendre en charge sa douleur, le stimulateur de nerfs p\u00e9riph\u00e9riques StimRouter a \u00e9t\u00e9 implant\u00e9 pr\u00e8s de ses nerfs axillaires et p\u00e9roniers pour cibler la douleur \u00e0 son origine. Le Dr Patel d\u00e9crit Jeff avant ses implants :<\/span><\/p>\n<p>&nbsp;<\/p>\n<p><span style=\"font-weight: 400;\">\u00ab Jeff pr\u00e9sentait une hypertonie au niveau des adducteurs et des rotateurs internes de l&rsquo;\u00e9paule gauche, ainsi qu&rsquo;au niveau des fl\u00e9chisseurs du coude, de sorte que son coude s&rsquo;enfon\u00e7ait constamment dans sa cage thoracique. Il pr\u00e9sentait \u00e9galement une hypertonie et une spasticit\u00e9 dans les muscles gastrocn\u00e9miens et sol\u00e9aires, ainsi que dans les adducteurs et les quadriceps de la hanche. Jeff marchait avec une d\u00e9marche tr\u00e8s cisaill\u00e9e, avec une flexion limit\u00e9e du genou pendant la phase de balancement de la d\u00e9marche \u00bb.\u00a0<\/span><\/p>\n<p>&nbsp;<\/p>\n<p><span style=\"font-weight: 400;\">L&rsquo;un des patients de longue date du Dr Patel consacrait g\u00e9n\u00e9ralement 20 \u00e0 30 % de chaque visite clinique \u00e0 l&rsquo;\u00e9paule, avec peu ou pas de r\u00e9sultats, malgr\u00e9 l&rsquo;utilisation de la stimulation neuromusculaire \u00e9lectrique de surface (NMES), de la neurostimulation \u00e9lectrique transcutan\u00e9e (TENS) et de l\u2019\u00e9lectromyographie (EMG) \/ r\u00e9troaction sensorielle.<\/span><\/p>\n\t<\/div>\n<\/div>\n\n\n\n<div id=\"acf\/text-block_fbd8568e50279f0f5284afa0c5f01ebe\" class=\"pxblock pxblock--text text width--default\">\n\t\n\t<div class=\"container\">\n\t\t<p><img loading=\"lazy\" decoding=\"async\" class=\"size-medium wp-image-2100 alignright\" src=\"https:\/\/stimrouter.com\/wp-content\/uploads\/2020\/08\/Screen-Shot-2020-07-22-at-10.03.47-AM-271x300.png\" alt=\"\" width=\"271\" height=\"300\" srcset=\"https:\/\/stimrouter.com\/wp-content\/uploads\/2020\/08\/Screen-Shot-2020-07-22-at-10.03.47-AM-271x300.png 271w, https:\/\/stimrouter.com\/wp-content\/uploads\/2020\/08\/Screen-Shot-2020-07-22-at-10.03.47-AM.png 314w\" sizes=\"auto, (max-width: 271px) 100vw, 271px\" \/><\/p>\n<blockquote><p>\n\u00ab Avec StimRouter, nous avons constat\u00e9 une diminution imm\u00e9diate de la douleur \u00bb, d\u00e9clare le Dr Patel. \u00ab Et en l&rsquo;espace de deux \u00e0 trois semaines, nous avons constat\u00e9 une am\u00e9lioration rapide de 30 % de l&rsquo;amplitude des mouvements, de la tol\u00e9rance au mouvement et de l&rsquo;hypertonicit\u00e9 \u00bb.<\/p><\/blockquote>\n\t<\/div>\n<\/div>\n\n\n\n<div id=\"acf\/text-block_a364d50882d7b26f94916552f709cc01\" class=\"pxblock pxblock--text text width--default\">\n\t\n\t<div class=\"container\">\n\t\t<p><span style=\"font-weight: 400;\">\u00ab La diff\u00e9rence est d&rsquo;obtenir une stimulation directe du nerf axillaire, qui peut ensuite affecter ses branches collat\u00e9rales \u00bb. Un autre \u00e9l\u00e9ment cl\u00e9 ayant contribu\u00e9 aux gains persistants de Jeff est la facilit\u00e9 d&rsquo;utilisation de l&rsquo;appareil, tant pour le clinicien que pour le patient. \u00ab Apprendre \u00e0 utiliser StimRouter a \u00e9t\u00e9 facile \u00bb, d\u00e9clare le Dr Patel. \u00ab Pour le clinicien, la programmation du dispositif est tr\u00e8s rapide. Et pour le patient, l&rsquo;apprentissage de l&rsquo;utilisation de StimRouter est tr\u00e8s simple \u00bb.<\/span><\/p>\n<p>&nbsp;<\/p>\n<p><span style=\"font-weight: 400;\">Le Dr Patel note comment la r\u00e9duction de la douleur chez Jeff a entra\u00een\u00e9 d&rsquo;autres gains : \u00ab La stimulation du nerf axillaire a imm\u00e9diatement r\u00e9duit sa douleur \u00e0 l&rsquo;\u00e9paule, ce qui a \u00e9galement modifi\u00e9 son tonus, pour \u00e9quilibrer les sch\u00e9mas de tir de ses muscles scapulaires. Cela lui a permis d&rsquo;abducter son bras plus librement et de maintenir une meilleure posture assise [ce qui a permis] d&rsquo;am\u00e9liorer le fonctionnement de toute la cha\u00eene cin\u00e9tique.<\/span><\/p>\n<p>&nbsp;<\/p>\n<p><span style=\"font-weight: 400;\">Par exemple, Jeff a commenc\u00e9 \u00e0 \u00e9tendre son coude, ce qui lui permet d&rsquo;avoir un mouvement de bras plus normal pendant la marche. Gr\u00e2ce \u00e0 un meilleur balancement du bras, il am\u00e9liore l&rsquo;activation de ses membres inf\u00e9rieurs, ce qui se traduit par une plus grande longueur de foul\u00e9e, une plus grande vitesse de marche, etc. Depuis qu&rsquo;on lui a implant\u00e9 StimRouter pr\u00e8s du nerf p\u00e9ronier, il souffre moins des pieds et de l&rsquo;hypertonicit\u00e9 des adducteurs et du complexe sol\u00e9aire \/ gastrocn\u00e9mien, ce qui lui permet d&rsquo;avoir une d\u00e9marche beaucoup plus efficace \u00bb.<\/span><\/p>\n<p>&nbsp;<\/p>\n<p><span style=\"font-weight: 400;\">Les gains d\u00e9crits par le Dr Patel ne sont pas seulement physiques. La ma\u00eetrise de la douleur a permis \u00e0 Jeff d&rsquo;am\u00e9liorer ses relations avec ses enfants et de faire plus de choses avec sa famille. \u00ab Cela a \u00e9t\u00e9 \u00e9norme pour Jeff&#8230; les am\u00e9liorations de la fonction sociale \u00bb, dit le Dr Patel. \u00ab C&rsquo;est un musicien passionn\u00e9 et il aime maintenant jouer de la batterie avec sa fille.<\/span><\/p>\n<p>&nbsp;<\/p>\n<p><span style=\"font-weight: 400;\">M\u00eame plusieurs mois apr\u00e8s son implantation, il continue \u00e0 progresser. Lorsqu&rsquo;il utilise StimRouter pendant qu&rsquo;il joue de la batterie, il commence \u00e0 obtenir une d\u00e9viation cubitale isol\u00e9e du poignet sans flexion du coude, un mouvement tr\u00e8s important pour le contr\u00f4le de la baguette \u00bb.<\/span><\/p>\n<p>&nbsp;<\/p>\n<p><span style=\"font-weight: 400;\">Bien que le Dr Patel ait surtout utilis\u00e9 StimRouter avec des patients atteints de scl\u00e9rose en plaques, il voit la valeur que cet appareil peut apporter aux personnes souffrant de douleurs mononeuropathiques et encourage les cliniciens \u00e0 le consid\u00e9rer comme un outil efficace pour la prise en charge de la douleur. Selon lui, \u00ab la premi\u00e8re chose \u00e0 aborder est la douleur et cela vous permettra de fixer des attentes pr\u00e9cises quant aux r\u00e9sultats de la th\u00e9rapie \u00bb.<\/span><\/p>\n\t<\/div>\n<\/div>\n\n\n\n<div id=\"acf\/text-block_06cbeaf2da1b0ec4e8c7ed876e537f8d\" class=\"pxblock pxblock--text text\">\n\t\n\t<div class=\"container\">\n\t\t<p><small class=\"footnote\">This is a therapist testimonial and individual results may vary. Rx Only. The StimRouter Neuromodulation System is indicated for pain management in adults who have severe intractable chronic pain of peripheral nerve origin, as an adjunct to other modes of therapy (e.g. medications). The StimRouter is not intended to treat pain in the craniofacial region. StimRouter is contraindicated in patients who have any active implanted device such as an implanted demand cardiac pacemaker or defibrillator, or metallic implant in the immediate area intended for implant. For complete instructions for use, storage, warnings, indications, contraindications, precautions, adverse reactions and disclaimer of warranties, please refer to the insert accompanying each product or online at\u00a0<a href=\"http:\/\/www.stimrouter.com\/\">www.stimrouter.com<\/a>.<\/small><\/p>\n\t<\/div>\n<\/div>\n","protected":false},"excerpt":{"rendered":"","protected":false},"author":29,"featured_media":0,"parent":6039,"menu_order":0,"comment_status":"closed","ping_status":"closed","template":"","meta":{"_acf_changed":false,"footnotes":""},"class_list":["post-6051","page","type-page","status-publish","hentry"],"acf":[],"_links":{"self":[{"href":"https:\/\/stimrouter.com\/fr\/wp-json\/wp\/v2\/pages\/6051","targetHints":{"allow":["GET"]}}],"collection":[{"href":"https:\/\/stimrouter.com\/fr\/wp-json\/wp\/v2\/pages"}],"about":[{"href":"https:\/\/stimrouter.com\/fr\/wp-json\/wp\/v2\/types\/page"}],"author":[{"embeddable":true,"href":"https:\/\/stimrouter.com\/fr\/wp-json\/wp\/v2\/users\/29"}],"replies":[{"embeddable":true,"href":"https:\/\/stimrouter.com\/fr\/wp-json\/wp\/v2\/comments?post=6051"}],"version-history":[{"count":0,"href":"https:\/\/stimrouter.com\/fr\/wp-json\/wp\/v2\/pages\/6051\/revisions"}],"up":[{"embeddable":true,"href":"https:\/\/stimrouter.com\/fr\/wp-json\/wp\/v2\/pages\/6039"}],"wp:attachment":[{"href":"https:\/\/stimrouter.com\/fr\/wp-json\/wp\/v2\/media?parent=6051"}],"curies":[{"name":"wp","href":"https:\/\/api.w.org\/{rel}","templated":true}]}}