{"id":6048,"date":"2020-07-14T00:00:10","date_gmt":"2020-07-14T07:00:10","guid":{"rendered":"https:\/\/stimrouter.com\/physicians\/stimrouter-pns-for-chronic-pain-management\/reimbursement\/"},"modified":"2022-12-30T22:41:56","modified_gmt":"2022-12-31T05:41:56","slug":"reimbursement","status":"publish","type":"page","link":"https:\/\/stimrouter.com\/fr\/physicians\/stimrouter-pns-for-chronic-pain-management\/reimbursement\/","title":{"rendered":"Reimbursement"},"content":{"rendered":"\n<div id=\"acf\/banner-block_a0df3b1a4bc22a251a408412ed402c88\" class=\"pxblock pxblock--banner banner text-color--light height--short\">\n\t\n\t<div class=\"container\">\n\t\t\t\t\t<div class=\"banner__content\">\n\t\t\t\t<h1>Remboursement<br \/>\nde StimRouter PNS<\/h1>\n\t\t\t<\/div>\n\t\t\t<\/div>\n\n\t\t\t<img decoding=\"async\" class=\"banner__wave\" src=\"\/wp-content\/themes\/stimrouter\/assets\/images\/wave-image.svg\">\n\t<\/div>\n\n\n\n<div id=\"acf\/text-block_8e391f51ca6de6a1076e020b13828a3f\" class=\"pxblock pxblock--text text width--default\">\n\t\n\t<div class=\"container\">\n\t\t<h2><span style=\"font-weight: 400;\">Notre engagement envers vous<\/span><\/h2>\n<h2><\/h2>\n<p><span style=\"font-weight: 400;\">Le groupe de remboursement de StimRouter s&rsquo;engage \u00e0 collaborer avec les professionnels de la sant\u00e9 et les patients pour les aider \u00e0 naviguer dans le processus de remboursement. Nous offrons aux prestataires un large \u00e9ventail d&rsquo;informations et de ressources qui les aideront dans leurs efforts pour obtenir la couverture des prestations et le paiement appropri\u00e9. Pour parler directement \u00e0 un pr\u00e9pos\u00e9, composez le 800-211-9136 (option 2).<\/span><\/p>\n<h2><\/h2>\n<h2><span style=\"font-weight: 400;\">Couverture d\u2019assurance pour StimRouter PNS <\/span><\/h2>\n<p><span style=\"font-weight: 400;\">La stimulation des nerfs p\u00e9riph\u00e9riques avec le syst\u00e8me de neuromodulation StimRouter est rembours\u00e9e au niveau national par Medicare en tant que traitement des douleurs chroniques d&rsquo;origine p\u00e9riph\u00e9rique. Il existe de nombreux payeurs priv\u00e9s qui couvrent la stimulation nerveuse p\u00e9riph\u00e9rique pour les douleurs chroniques au niveau national ou local. Pour plus d&rsquo;informations, contactez le groupe de remboursement StimRouter.<\/span><\/p>\n<h2><\/h2>\n<h2><span style=\"font-weight: 400;\">T\u00e9l\u00e9chargements pour le codage et l&rsquo;autorisation pr\u00e9alable de la stimulation nerveuse p\u00e9riph\u00e9rique<\/span><\/h2>\n<p><span style=\"font-weight: 400;\">Nous nous engageons \u00e0 vous aider \u00e0 obtenir le remboursement de la stimulation nerveuse p\u00e9riph\u00e9rique dans votre cabinet m\u00e9dical. Nous avons mis au point des outils pour rendre le processus plus facile<\/span><\/p>\n<ul>\n<li style=\"font-weight: 400;\"><a href=\"https:\/\/stimrouter.com\/wp-content\/uploads\/2020\/07\/CY2021-StimRouter-Neuromodulation-System_Clinical-Reimbursement-Reference-Guide_02.02.21.pdf\" target=\"_blank\" rel=\"noopener\"><span style=\"font-weight: 400;\">Guide de r\u00e9f\u00e9rence pour le remboursement de StimRouter<\/span><\/a><\/li>\n<li style=\"font-weight: 400;\"><a href=\"https:\/\/stimrouter.com\/wp-content\/uploads\/2020\/07\/StimRouter-Form-I.pdf\" target=\"_blank\" rel=\"noopener\"><span style=\"font-weight: 400;\">Formulaire d&rsquo;information du patient et d\u2019autorisation m\u00e9dicale (Formulaire 1) <\/span><\/a><span style=\"font-weight: 400;\">\u00a0<\/span><\/li>\n<li style=\"font-weight: 400;\"><a href=\"https:\/\/stimrouter.com\/wp-content\/uploads\/2020\/07\/MP918-00044-001-Rev.-D-efile-2.pdf\" target=\"_blank\" rel=\"noopener\"><span style=\"font-weight: 400;\">D\u00e9claration de n\u00e9cessit\u00e9 m\u00e9dicale (formulaire 2)<\/span><\/a><\/li>\n<\/ul>\n\t<\/div>\n<\/div>\n\n\n\n<style>\n\t@media (min-width: 768px) {\n\t\t.columns__row > .columns__column.columns__column--2 {\n\t\t\twidth: 50%;\n\t\t}\n\t}\n<\/style>\n\n<div id=\"acf\/columns-block_34debc6ff0cff85b256cb3950b600d3e\" class=\"pxblock pxblock--columns columns\">\n\t\n\t<div class=\"container\">\n\t\t\n\t\t<div class=\"columns__row\">\n\t\t\t\t\t\t\t<div class=\"columns__column columns__column--2\">\n\t\t\t\t\t\t\t\t\t\t\t<div class=\"card\">\n\t\t\t\t\t\t\t<img loading=\"lazy\" decoding=\"async\" width=\"96\" height=\"96\" src=\"https:\/\/stimrouter.com\/wp-content\/uploads\/2020\/07\/Contact-4.png\" class=\"card__icon\" alt=\"\" \/>\n\t\t\t\t\t\t\t<div class=\"card__content\"><h4 style=\"text-align: center;\"><strong>Soutien aux remboursements<\/strong><\/h4>\n<p style=\"text-align: center;\"><span style=\"font-weight: 400;\">T\u00e9l. : 800-211-9136, option 2. <\/span><\/p>\n<p style=\"text-align: center;\"><span style=\"font-weight: 400;\">Du lundi au vendredi, de 7 h \u00e0 17 h (heure du Pacifique)<\/span><\/p>\n<\/div>\n\t\t\t\t\t\t<\/div>\n\t\t\t\t\t\t\t\t\t<\/div>\n\t\t\t\t\t\t\t<div class=\"columns__column columns__column--2\">\n\t\t\t\t\t\t\t\t\t\t\t<div class=\"card\">\n\t\t\t\t\t\t\t<img loading=\"lazy\" decoding=\"async\" width=\"96\" height=\"96\" src=\"https:\/\/stimrouter.com\/wp-content\/uploads\/2020\/07\/Download-4.png\" class=\"card__icon\" alt=\"\" \/>\n\t\t\t\t\t\t\t<div class=\"card__content\"><h4 style=\"text-align: center;\"><strong>Information sur StimRouter PNS<\/strong><\/h4>\n<p style=\"text-align: center;\"><a class=\"pxbutton pxbutton--secondary\" href=\"https:\/\/stimrouter.com\/fr\/physicians\/stimrouter-pns-for-chronic-pain-management\/resource-center\/\">RESSOURCES POUR LES M\u00c9DECINS<\/a><\/p>\n<\/div>\n\t\t\t\t\t\t<\/div>\n\t\t\t\t\t\t\t\t\t<\/div>\n\t\t\t\t\t<\/div>\n\t<\/div>\n<\/div>\n\n\n\n<div id=\"acf\/text-block_17ec61b7566180ef3a7acfaf992271b0\" class=\"pxblock pxblock--text text width--default\">\n\t\n\t<div class=\"container\">\n\t\t<p><small class=\"footnote\"><span style=\"font-weight: 400;\">StimRouter Neuromodulation System, developed, manufactured and sold by Bioventus Inc. is cleared by the FDA to treat chronic pain of peripheral nerve origin. StimRouter is a minimally invasive device, consisting of an implanted lead, external pulse transmitter (EPT) and conductive electrode, controlled by a small, hand-held patient programmer. StimRouter is programmed at the direction of the physician to meet patient requirements. <\/span><\/small><small class=\"footnote\"><span style=\"font-weight: 400;\">Bioventus provides this information for your convenience only. It is the responsibility of the provider to determine coverage and to manage billing codes, including modifiers, and charges for the rendered service. Bioventus provides assistance for FDA-cleared indications under 510(k) K142432, K190047 and K200482 only. The information provided is subject to change as government policies get modified. <\/span><\/small><small class=\"footnote\"><span style=\"font-weight: 400;\">It is our understanding that many payers currently do not require a documented psychological evaluation as a prerequisite for coverage of a peripheral nerve stimulator (PNS) implant for pain. However, there may be exceptions and differences based on individual payer and plan policies. Additionally, not all payers have formal, written coverage policies concerning PNS therapies. Therefore, we recommend that providers verify payer coverage policy requirements and seek pre-authorization on an individual patient basis.<\/span><\/small><\/p>\n\t<\/div>\n<\/div>\n","protected":false},"excerpt":{"rendered":"","protected":false},"author":29,"featured_media":0,"parent":6039,"menu_order":0,"comment_status":"closed","ping_status":"closed","template":"","meta":{"_acf_changed":false,"footnotes":""},"class_list":["post-6048","page","type-page","status-publish","hentry"],"acf":[],"_links":{"self":[{"href":"https:\/\/stimrouter.com\/fr\/wp-json\/wp\/v2\/pages\/6048","targetHints":{"allow":["GET"]}}],"collection":[{"href":"https:\/\/stimrouter.com\/fr\/wp-json\/wp\/v2\/pages"}],"about":[{"href":"https:\/\/stimrouter.com\/fr\/wp-json\/wp\/v2\/types\/page"}],"author":[{"embeddable":true,"href":"https:\/\/stimrouter.com\/fr\/wp-json\/wp\/v2\/users\/29"}],"replies":[{"embeddable":true,"href":"https:\/\/stimrouter.com\/fr\/wp-json\/wp\/v2\/comments?post=6048"}],"version-history":[{"count":0,"href":"https:\/\/stimrouter.com\/fr\/wp-json\/wp\/v2\/pages\/6048\/revisions"}],"up":[{"embeddable":true,"href":"https:\/\/stimrouter.com\/fr\/wp-json\/wp\/v2\/pages\/6039"}],"wp:attachment":[{"href":"https:\/\/stimrouter.com\/fr\/wp-json\/wp\/v2\/media?parent=6048"}],"curies":[{"name":"wp","href":"https:\/\/api.w.org\/{rel}","templated":true}]}}