{"id":6045,"date":"2020-07-13T23:59:50","date_gmt":"2020-07-14T06:59:50","guid":{"rendered":"https:\/\/stimrouter.com\/physicians\/stimrouter-pns-for-chronic-pain-management\/stimrouter-pns-procedure\/"},"modified":"2023-03-29T08:20:14","modified_gmt":"2023-03-29T15:20:14","slug":"stimrouter-pns-procedure","status":"publish","type":"page","link":"https:\/\/stimrouter.com\/fr\/physicians\/stimrouter-pns-for-chronic-pain-management\/stimrouter-pns-procedure\/","title":{"rendered":"Procedure"},"content":{"rendered":"\n<div id=\"acf\/banner-block_01702a228a9f347e6f88ea2c8395b6c5\" class=\"pxblock pxblock--banner banner text-color--light height--short\">\n\t\n\t<div class=\"container\">\n\t\t\t\t\t<div class=\"banner__content\">\n\t\t\t\t<h1>Proc\u00e9dure StimRouter PNS<\/h1>\n\t\t\t<\/div>\n\t\t\t<\/div>\n\n\t\t\t<img decoding=\"async\" class=\"banner__wave\" src=\"\/wp-content\/themes\/stimrouter\/assets\/images\/wave-image.svg\">\n\t<\/div>\n\n\n\n<div id=\"acf\/text-block_64be8d9ff7dfa81f01591023ab85e9ce\" class=\"pxblock pxblock--text text width--default\">\n\t\n\t<div class=\"container\">\n\t\t<h2 style=\"text-align: center;\">Neuromodulation avec StimRouter PNS pour les patients ambulatoires<\/h2>\n<p class=\"subtitle\" style=\"text-align: center;\">StimRouter est implant\u00e9 au cours d&rsquo;une proc\u00e9dure ambulatoire peu invasive r\u00e9alis\u00e9e sous anesth\u00e9sie locale. StimRouter peut \u00eatre plac\u00e9 \u00e0 de nombreux endroits sur les bras, le tronc et les jambes en fonction de la source de la douleur p\u00e9riph\u00e9rique chronique du patient.<\/p>\n\t<\/div>\n<\/div>\n\n\n\n<style>\n\t@media (min-width: 768px) {\n\t\t.columns__row > .columns__column.columns__column--1 {\n\t\t\twidth: 100%;\n\t\t}\n\t}\n<\/style>\n\n<div id=\"acf\/columns-block_e31fdc1df87eaf2598603490c7210568\" class=\"pxblock pxblock--columns columns\">\n\t\n\t<div class=\"container\">\n\t\t\n\t\t<div class=\"columns__row\">\n\t\t\t\t\t\t\t<div class=\"columns__column columns__column--1\">\n\t\t\t\t\t<img loading=\"lazy\" decoding=\"async\" width=\"2447\" height=\"1572\" src=\"https:\/\/stimrouter.com\/wp-content\/uploads\/2020\/09\/Implant_Locations_1_@2x.png\" class=\"columns__image\" alt=\"\" srcset=\"https:\/\/stimrouter.com\/wp-content\/uploads\/2020\/09\/Implant_Locations_1_@2x.png 2447w, https:\/\/stimrouter.com\/wp-content\/uploads\/2020\/09\/Implant_Locations_1_@2x-300x193.png 300w, https:\/\/stimrouter.com\/wp-content\/uploads\/2020\/09\/Implant_Locations_1_@2x-1024x658.png 1024w, https:\/\/stimrouter.com\/wp-content\/uploads\/2020\/09\/Implant_Locations_1_@2x-768x493.png 768w, https:\/\/stimrouter.com\/wp-content\/uploads\/2020\/09\/Implant_Locations_1_@2x-1536x987.png 1536w, https:\/\/stimrouter.com\/wp-content\/uploads\/2020\/09\/Implant_Locations_1_@2x-2048x1316.png 2048w\" sizes=\"auto, (max-width: 2447px) 100vw, 2447px\" \/>\t\t\t\t\t\t\t\t\t<\/div>\n\t\t\t\t\t<\/div>\n\t<\/div>\n<\/div>\n\n\n\n<div id=\"acf\/video-content-block_1e5a4be43a91aab59aa0a948b8088fbf\" class=\"pxblock pxblock--video-content video-content vc\">\n\t\n\t<div class=\"vc__container\">\n\t\t<h2 class=\"vc__heading\">Implant de la stimulation nerveuse p\u00e9riph\u00e9rique du nerf axillaire<\/h2>\n\n\t\t<div class=\"video-modal-preview\" style=\"background-image: url(https:\/\/stimrouter.com\/wp-content\/uploads\/2020\/07\/Screen-Shot-2020-07-29-at-2.36.16-PM-e1596051921272.png);\">\n\t\t\t<iframe loading=\"lazy\" title=\"StimRouter Procedure Animation | Axillary Nerve\" width=\"500\" height=\"281\" src=\"https:\/\/www.youtube.com\/embed\/kleC07Qj8yM?feature=oembed\" frameborder=\"0\" allow=\"accelerometer; autoplay; clipboard-write; encrypted-media; gyroscope; picture-in-picture; web-share\" referrerpolicy=\"strict-origin-when-cross-origin\" allowfullscreen><\/iframe>\t\t<\/div>\n\n\t\t<p class=\"vc__description\">La sonde StimRouter est implant\u00e9e avec succ\u00e8s sur le nerf axillaire au cours d&rsquo;une proc\u00e9dure ambulatoire peu invasive.<\/p>\n\t\t\t<\/div>\n<\/div>\n\n\n\n<div id=\"acf\/text-block_5f4edf90a41386320877a1ced5182e57\" class=\"pxblock pxblock--text text width--default\">\n\t\n\t<div class=\"container\">\n\t\t<h2><span style=\"font-weight: 400;\">Programmer l\u2019\u00e9limination de la douleur<\/span><\/h2>\n<ul>\n<li style=\"font-weight: 400;\"><span style=\"font-weight: 400;\">Le syst\u00e8me de programmation StimRouter est con\u00e7u pour \u00eatre simple et intuitif. L&rsquo;interface de l\u2019utilisateur pr\u00e9sente une navigation simple et des boutons, onglets et menus d\u00e9roulants faciles \u00e0 utiliser.<\/span><\/li>\n<li style=\"font-weight: 400;\"><span style=\"font-weight: 400;\">Le programmateur du clinicien stocke les informations de stimulation du patient et les donn\u00e9es d&rsquo;utilisation pour une r\u00e9cup\u00e9ration et une analyse faciles.<\/span><\/li>\n<\/ul>\n\t<\/div>\n<\/div>\n\n\n\n<div id=\"acf\/text-block_d6fb03e830a91c3630bb60149d889fe1\" class=\"pxblock pxblock--text text width--default\">\n\t\n\t<div class=\"container\">\n\t\t<h2><span style=\"font-weight: 400;\">Pr\u00e9parer les patients \u00e0 la r\u00e9ussite<\/span><\/h2>\n<ul>\n<li style=\"font-weight: 400;\"><span style=\"font-weight: 400;\">Les patients quittent l&rsquo;\u00e9tablissement en ma\u00eetrisant leur propre gestion de la douleur chronique.<\/span><\/li>\n<li style=\"font-weight: 400;\"><span style=\"font-weight: 400;\">Les patients doivent lire la \u00ab Foire aux question \u00bb de StimRouter avant l&rsquo;implantation de StimRouter, afin de s&rsquo;assurer qu&rsquo;ils sont \u00e0 l&rsquo;aise avec le processus d&rsquo;implantation.<\/span><\/li>\n<li style=\"font-weight: 400;\"><span style=\"font-weight: 400;\">Chaque patient re\u00e7oit un dossier d&rsquo;information apr\u00e8s l&rsquo;implantation pour l&rsquo;aider \u00e0 maximiser les avantages th\u00e9rapeutiques de son StimRouter.<\/span><\/li>\n<\/ul>\n\t<\/div>\n<\/div>\n\n\n\n<style>\n\t@media (min-width: 768px) {\n\t\t.columns__row > .columns__column.columns__column--2 {\n\t\t\twidth: 50%;\n\t\t}\n\t}\n<\/style>\n\n<div id=\"acf\/columns-block_4fb4dbba52f6dc3fb7058d741f2a22ca\" class=\"pxblock pxblock--columns columns\">\n\t\n\t<div class=\"container\">\n\t\t\n\t\t<div class=\"columns__row\">\n\t\t\t\t\t\t\t<div class=\"columns__column columns__column--2\">\n\t\t\t\t\t\t\t\t\t\t\t<div class=\"card\">\n\t\t\t\t\t\t\t<img loading=\"lazy\" decoding=\"async\" width=\"96\" height=\"96\" src=\"https:\/\/stimrouter.com\/wp-content\/uploads\/2020\/07\/Video-4.png\" class=\"card__icon\" alt=\"\" \/>\n\t\t\t\t\t\t\t<div class=\"card__content\"><h4 style=\"text-align: center;\">Plus de vid\u00e9os sur la proc\u00e9dure de l&rsquo;implant StimRouter : <\/h4>\n<p style=\"text-align: center;\"><a class=\"pxbutton pxbutton--secondary\" href=\"https:\/\/www.youtube.com\/watch?v=8yXpp-R5NGY&amp;list=PLBKqu_RrkveBqJHnUGDe2ltshQEnJ6Pin&amp;index=1\" target=\"_blank\" rel=\"noopener\">\u00c0 VOIR SUR YOUTUBE<\/a><\/p>\n<\/div>\n\t\t\t\t\t\t<\/div>\n\t\t\t\t\t\t\t\t\t<\/div>\n\t\t\t\t\t\t\t<div class=\"columns__column columns__column--2\">\n\t\t\t\t\t\t\t\t\t\t\t<div class=\"card\">\n\t\t\t\t\t\t\t<img loading=\"lazy\" decoding=\"async\" width=\"96\" height=\"96\" src=\"https:\/\/stimrouter.com\/wp-content\/uploads\/2020\/07\/Patients-4.png\" class=\"card__icon\" alt=\"\" \/>\n\t\t\t\t\t\t\t<div class=\"card__content\"><h4 style=\"text-align: center;\">Int\u00e9grer StimRouter PNS \u00e0 votre pratique :<\/h4>\n<p style=\"text-align: center;\"><a class=\"pxbutton pxbutton--secondary\" href=\"https:\/\/stimrouter.com\/fr\/get-information-for-your-practice\/\">EN SAVOIR PLUS<\/a><\/p>\n<\/div>\n\t\t\t\t\t\t<\/div>\n\t\t\t\t\t\t\t\t\t<\/div>\n\t\t\t\t\t<\/div>\n\t<\/div>\n<\/div>\n","protected":false},"excerpt":{"rendered":"","protected":false},"author":29,"featured_media":0,"parent":6039,"menu_order":0,"comment_status":"closed","ping_status":"closed","template":"","meta":{"_acf_changed":false,"footnotes":""},"class_list":["post-6045","page","type-page","status-publish","hentry"],"acf":[],"_links":{"self":[{"href":"https:\/\/stimrouter.com\/fr\/wp-json\/wp\/v2\/pages\/6045","targetHints":{"allow":["GET"]}}],"collection":[{"href":"https:\/\/stimrouter.com\/fr\/wp-json\/wp\/v2\/pages"}],"about":[{"href":"https:\/\/stimrouter.com\/fr\/wp-json\/wp\/v2\/types\/page"}],"author":[{"embeddable":true,"href":"https:\/\/stimrouter.com\/fr\/wp-json\/wp\/v2\/users\/29"}],"replies":[{"embeddable":true,"href":"https:\/\/stimrouter.com\/fr\/wp-json\/wp\/v2\/comments?post=6045"}],"version-history":[{"count":0,"href":"https:\/\/stimrouter.com\/fr\/wp-json\/wp\/v2\/pages\/6045\/revisions"}],"up":[{"embeddable":true,"href":"https:\/\/stimrouter.com\/fr\/wp-json\/wp\/v2\/pages\/6039"}],"wp:attachment":[{"href":"https:\/\/stimrouter.com\/fr\/wp-json\/wp\/v2\/media?parent=6045"}],"curies":[{"name":"wp","href":"https:\/\/api.w.org\/{rel}","templated":true}]}}