{"id":6042,"date":"2020-07-13T23:59:27","date_gmt":"2020-07-14T06:59:27","guid":{"rendered":"https:\/\/stimrouter.com\/physicians\/stimrouter-pns-for-chronic-pain-management\/clinical-data-stimrouter-pns\/"},"modified":"2023-01-05T11:02:24","modified_gmt":"2023-01-05T18:02:24","slug":"clinical-data-stimrouter-pns","status":"publish","type":"page","link":"https:\/\/stimrouter.com\/fr\/physicians\/stimrouter-pns-for-chronic-pain-management\/clinical-data-stimrouter-pns\/","title":{"rendered":"Clinical Data"},"content":{"rendered":"\n<div id=\"acf\/banner-block_0dfdaf11e58ee2804556f63b26af5077\" class=\"pxblock pxblock--banner banner text-color--light height--short\">\n\t\n\t<div class=\"container\">\n\t\t\t\t\t<div class=\"banner__content\">\n\t\t\t\t<h1>Donn\u00e9es cliniques sur StimRouter PNS<\/h1>\n\t\t\t<\/div>\n\t\t\t<\/div>\n\n\t\t\t<img decoding=\"async\" class=\"banner__wave\" src=\"\/wp-content\/themes\/stimrouter\/assets\/images\/wave-image.svg\">\n\t<\/div>\n\n\n<div id=\"acf\/image-and-content-block_749e2618c78cedad007d746fee0bd2df\" class=\"pxblock pxblock--image-and-content ic ic--contained\">\n\t\n\t<div class=\"ic__container container\">\t\t<div class=\"ic__row\">\n\t\t\t<div class=\"ic__column ic__column--image ic__column--image-left\">\n\t\t\t\t<img loading=\"lazy\" decoding=\"async\" width=\"833\" height=\"768\" src=\"https:\/\/stimrouter.com\/wp-content\/uploads\/2020\/07\/iStock-958886668-1.png\" class=\"ic__image\" alt=\"\" srcset=\"https:\/\/stimrouter.com\/wp-content\/uploads\/2020\/07\/iStock-958886668-1.png 833w, https:\/\/stimrouter.com\/wp-content\/uploads\/2020\/07\/iStock-958886668-1-300x277.png 300w, https:\/\/stimrouter.com\/wp-content\/uploads\/2020\/07\/iStock-958886668-1-768x708.png 768w\" sizes=\"auto, (max-width: 833px) 100vw, 833px\" \/>\t\t\t<\/div>\n\t\t\t<div class=\"ic__column ic__column--content ic__column--content-right\">\n\t\t\t\t<div class=\"ic__content\"><h2>Le \u00ab leader \u00bb des donn\u00e9es cliniques sur la stimulation nerveuse p\u00e9riph\u00e9rique<\/h2>\n<p><span style=\"font-weight: 400;\">StimRouter est le chef de file en mati\u00e8re de donn\u00e9es cliniques sur la stimulation nerveuse p\u00e9riph\u00e9rique. StimRouter dispose du seul essai contr\u00f4l\u00e9 randomis\u00e9 publi\u00e9 portant sur la stimulation nerveuse p\u00e9riph\u00e9rique ciblant plusieurs nerfs.<\/span><\/p>\n<\/div>\n\t\t\t<\/div>\n\t\t<\/div>\n\t<\/div>\t<!-- \/.container -->\n<\/div>\n\n\n\n<div id=\"acf\/text-block_6b0246eb7f02a91c981125d546779bdb\" class=\"pxblock pxblock--text text width--default\">\n\t\n\t<div class=\"container\">\n\t\t<h2>StimRouter procure un soulagement significatif et durable de la douleur<\/h2>\n<p><span style=\"font-weight: 400;\">L&rsquo;\u00e9tude StimRouter sur la douleur p\u00e9riph\u00e9rique chronique a \u00e9t\u00e9 con\u00e7ue pour \u00e9valuer l\u2019innocuit\u00e9 et l&rsquo;efficacit\u00e9 de la stimulation nerveuse p\u00e9riph\u00e9rique. On a implant\u00e9 le syst\u00e8me de neuromodulation StimRouter chez 94 sujets souffrant de douleurs chroniques des nerfs p\u00e9riph\u00e9riques au niveau des extr\u00e9mit\u00e9s sup\u00e9rieures, des extr\u00e9mit\u00e9s inf\u00e9rieures ou du tronc<sup><a href=\u201dhttps:\/\/stimrouter.com\/fr\/references\/\u201d>3<\/a><\/sup><\/span><\/p>\n<ul>\n<li style=\"font-weight: 400;\"><span style=\"font-weight: 400;\">50% des membres du groupe trait\u00e9 ont \u00e9valu\u00e9 leur satisfaction \u00e0 8 ou plus sur une \u00e9chelle de 10 points<\/span><\/li>\n<li style=\"font-weight: 400;\"><span style=\"font-weight: 400;\">53% des membres du groupe trait\u00e9 ont \u00e9valu\u00e9 leur impression globale relative au changement de la limitation de l&rsquo;activit\u00e9, aux sympt\u00f4mes, aux \u00e9motions et \u00e0 la qualit\u00e9 de vie globale li\u00e9e \u00e0 leur \u00e9tat douloureux, entre 5 et 7 sur une \u00e9chelle de 7 points<\/span><\/li>\n<li style=\"font-weight: 400;\"><span style=\"font-weight: 400;\">31% des membres du groupe trait\u00e9 ont \u00e9valu\u00e9 leur satisfaction \u00e0 10 sur une \u00e9chelle de 10 points<\/span><\/li>\n<li style=\"font-weight: 400;\"><span style=\"font-weight: 400;\">Il n&rsquo;y a eu aucune infection, aucune migration de sonde et aucun \u00e9v\u00e9nement ind\u00e9sirable grave li\u00e9s au StimRouter lors du suivi \u00e0 12 mois<\/span><\/li>\n<\/ul>\n\t<\/div>\n<\/div>\n\n\n\n<style>\n\t@media (min-width: 768px) {\n\t\t.columns__row > .columns__column.columns__column--1 {\n\t\t\twidth: 100%;\n\t\t}\n\t}\n<\/style>\n\n<div id=\"acf\/columns-block_fbf145490d9eb2771f67f6daf60d3ff7\" class=\"pxblock pxblock--columns columns\">\n\t\n\t<div class=\"container\">\n\t\t\n\t\t<div class=\"columns__row\">\n\t\t\t\t\t\t\t<div class=\"columns__column columns__column--1\">\n\t\t\t\t\t<img loading=\"lazy\" decoding=\"async\" width=\"962\" height=\"262\" src=\"https:\/\/stimrouter.com\/wp-content\/uploads\/2022\/11\/StimRouter_.jpg\" class=\"columns__image\" alt=\"\" srcset=\"https:\/\/stimrouter.com\/wp-content\/uploads\/2022\/11\/StimRouter_.jpg 962w, https:\/\/stimrouter.com\/wp-content\/uploads\/2022\/11\/StimRouter_-300x82.jpg 300w, https:\/\/stimrouter.com\/wp-content\/uploads\/2022\/11\/StimRouter_-768x209.jpg 768w\" sizes=\"auto, (max-width: 962px) 100vw, 962px\" \/>\t\t\t\t\t\t\t\t\t<\/div>\n\t\t\t\t\t<\/div>\n\t<\/div>\n<\/div>\n\n\n\n<div id=\"acf\/text-block_580f5d6c20e57098b8100c1959d04f16\" class=\"pxblock pxblock--text text width--default\">\n\t\n\t<div class=\"container\">\n\t\t<h2>Nerfs p\u00e9riph\u00e9riques cibl\u00e9s dans l&rsquo;\u00e9tude clinique<\/h2>\n<p><span style=\"font-weight: 400;\">StimRouter peut \u00eatre plac\u00e9 \u00e0 de nombreux endroits sur les bras, le tronc et les jambes en fonction des besoins du patient. Au cours de l&rsquo;essai randomis\u00e9 contr\u00f4l\u00e9 avec StimRouter, celui-ci a \u00e9t\u00e9 implant\u00e9 sur 19 nerfs diff\u00e9rents.<\/span><\/p>\n<p>&nbsp;<\/p>\n<p><span style=\"font-weight: 400;\">Les raisons de la douleur chronique des patients \u00e9taient vari\u00e9es et comprenaient : douleur \u00e0 l&rsquo;\u00e9paule apr\u00e8s un accident vasculaire c\u00e9r\u00e9bral, douleur apr\u00e8s une chirurgie de remplacement d&rsquo;une articulation, algoneurodystrophie (syndrome r\u00e9gional douloureux complexe ou SRDC), neuropathie diab\u00e9tique, n\u00e9vrome, syndromes de pi\u00e9geage, n\u00e9vralgies intercostales et autres blessures ou maladies p\u00e9riph\u00e9riques qui ne sont pas d&rsquo;origine cr\u00e2nio-faciale.<\/span><\/p>\n\t<\/div>\n<\/div>\n\n\n\n<style>\n\t@media (min-width: 768px) {\n\t\t.columns__row > .columns__column.columns__column--1 {\n\t\t\twidth: 100%;\n\t\t}\n\t}\n<\/style>\n\n<div id=\"acf\/columns-block_b37abb6911b5eb137d923877dfb333d9\" class=\"pxblock pxblock--columns columns\">\n\t\n\t<div class=\"container\">\n\t\t\n\t\t<div class=\"columns__row\">\n\t\t\t\t\t\t\t<div class=\"columns__column columns__column--1\">\n\t\t\t\t\t<img loading=\"lazy\" decoding=\"async\" width=\"2447\" height=\"1572\" src=\"https:\/\/stimrouter.com\/wp-content\/uploads\/2020\/09\/Implant_Locations_1_@2x.png\" class=\"columns__image\" alt=\"\" srcset=\"https:\/\/stimrouter.com\/wp-content\/uploads\/2020\/09\/Implant_Locations_1_@2x.png 2447w, https:\/\/stimrouter.com\/wp-content\/uploads\/2020\/09\/Implant_Locations_1_@2x-300x193.png 300w, https:\/\/stimrouter.com\/wp-content\/uploads\/2020\/09\/Implant_Locations_1_@2x-1024x658.png 1024w, https:\/\/stimrouter.com\/wp-content\/uploads\/2020\/09\/Implant_Locations_1_@2x-768x493.png 768w, https:\/\/stimrouter.com\/wp-content\/uploads\/2020\/09\/Implant_Locations_1_@2x-1536x987.png 1536w, https:\/\/stimrouter.com\/wp-content\/uploads\/2020\/09\/Implant_Locations_1_@2x-2048x1316.png 2048w\" sizes=\"auto, (max-width: 2447px) 100vw, 2447px\" \/>\t\t\t\t\t\t\t\t\t<\/div>\n\t\t\t\t\t<\/div>\n\t<\/div>\n<\/div>\n\n\n\n<style>\n\t@media (min-width: 768px) {\n\t\t.columns__row > .columns__column.columns__column--2 {\n\t\t\twidth: 50%;\n\t\t}\n\t}\n<\/style>\n\n<div id=\"acf\/columns-block_4535ac1c3e0d585c1e7b40ee4f5dff7d\" class=\"pxblock pxblock--columns columns\">\n\t\n\t<div class=\"container\">\n\t\t\n\t\t<div class=\"columns__row\">\n\t\t\t\t\t\t\t<div class=\"columns__column columns__column--2\">\n\t\t\t\t\t\t\t\t\t\t\t<div class=\"card\">\n\t\t\t\t\t\t\t<img loading=\"lazy\" decoding=\"async\" width=\"96\" height=\"96\" src=\"https:\/\/stimrouter.com\/wp-content\/uploads\/2020\/07\/Download-4.png\" class=\"card__icon\" alt=\"\" \/>\n\t\t\t\t\t\t\t<div class=\"card__content\"><h4 style=\"text-align: center;\">T\u00e9l\u00e9chargez le livre \u00e9lectronique sur les donn\u00e9es cliniques de StimRouter PNS<\/h4>\n<p style=\"text-align: center;\"><a class=\"pxbutton pxbutton--secondary\" href=\"https:\/\/stimrouter.com\/fr\/physicians\/stimrouter-pns-for-chronic-pain-management\/resource-center\/request-access-ebook\/\">EN SAVOIR PLUS<\/a><\/p>\n<\/div>\n\t\t\t\t\t\t<\/div>\n\t\t\t\t\t\t\t\t\t<\/div>\n\t\t\t\t\t\t\t<div class=\"columns__column columns__column--2\">\n\t\t\t\t\t\t\t\t\t\t\t<div class=\"card\">\n\t\t\t\t\t\t\t<img loading=\"lazy\" decoding=\"async\" width=\"96\" height=\"96\" src=\"https:\/\/stimrouter.com\/wp-content\/uploads\/2020\/07\/Patients-4.png\" class=\"card__icon\" alt=\"\" \/>\n\t\t\t\t\t\t\t<div class=\"card__content\"><h4 style=\"text-align: center;\">En savoir plus sur le registre StimRouter PNS <\/h4>\n<p style=\"text-align: center;\"><a class=\"pxbutton pxbutton--secondary href=\" href=\"https:\/\/clinicaltrials.gov\/ct2\/show\/NCT03913689\" target=\"_blank\" rel=\"noopener\"><strong>EN SAVOIR PLUS<\/strong><\/a><\/p>\n<\/div>\n\t\t\t\t\t\t<\/div>\n\t\t\t\t\t\t\t\t\t<\/div>\n\t\t\t\t\t<\/div>\n\t<\/div>\n<\/div>\n","protected":false},"excerpt":{"rendered":"","protected":false},"author":29,"featured_media":0,"parent":6039,"menu_order":0,"comment_status":"closed","ping_status":"closed","template":"","meta":{"_acf_changed":false,"footnotes":""},"class_list":["post-6042","page","type-page","status-publish","hentry"],"acf":[],"_links":{"self":[{"href":"https:\/\/stimrouter.com\/fr\/wp-json\/wp\/v2\/pages\/6042","targetHints":{"allow":["GET"]}}],"collection":[{"href":"https:\/\/stimrouter.com\/fr\/wp-json\/wp\/v2\/pages"}],"about":[{"href":"https:\/\/stimrouter.com\/fr\/wp-json\/wp\/v2\/types\/page"}],"author":[{"embeddable":true,"href":"https:\/\/stimrouter.com\/fr\/wp-json\/wp\/v2\/users\/29"}],"replies":[{"embeddable":true,"href":"https:\/\/stimrouter.com\/fr\/wp-json\/wp\/v2\/comments?post=6042"}],"version-history":[{"count":0,"href":"https:\/\/stimrouter.com\/fr\/wp-json\/wp\/v2\/pages\/6042\/revisions"}],"up":[{"embeddable":true,"href":"https:\/\/stimrouter.com\/fr\/wp-json\/wp\/v2\/pages\/6039"}],"wp:attachment":[{"href":"https:\/\/stimrouter.com\/fr\/wp-json\/wp\/v2\/media?parent=6042"}],"curies":[{"name":"wp","href":"https:\/\/api.w.org\/{rel}","templated":true}]}}