{"id":6024,"date":"2020-07-14T00:08:19","date_gmt":"2020-07-14T07:08:19","guid":{"rendered":"https:\/\/stimrouter.com\/patients-targeted-relief\/patient-resource-center\/"},"modified":"2024-12-11T06:01:50","modified_gmt":"2024-12-11T13:01:50","slug":"patient-resource-center","status":"publish","type":"page","link":"https:\/\/stimrouter.com\/fr\/patients-targeted-relief\/patient-resource-center\/","title":{"rendered":"Patient Resource Center"},"content":{"rendered":"\n<div id=\"acf\/banner-block_e041ab6a0d290f4e42e9ed450a541665\" class=\"pxblock pxblock--banner banner text-color--light height--short\">\n\t\n\t<div class=\"container\">\n\t\t\t\t\t<div class=\"banner__content\">\n\t\t\t\t<h1>Centre de ressources pour les patients utilisant StimRouter PNS<\/h1>\n\t\t\t<\/div>\n\t\t\t<\/div>\n\n\t\t\t<img decoding=\"async\" class=\"banner__wave\" src=\"\/wp-content\/themes\/stimrouter\/assets\/images\/wave-image.svg\">\n\t<\/div>\n\n\n\n<div id=\"acf\/text-block_45f6b047c7fe173798e01a6edc50e077\" class=\"pxblock pxblock--text text width--default\">\n\t\n\t<div class=\"container\">\n\t\t<h2 style=\"text-align: center;\"><span style=\"font-weight: 400;\">Mat\u00e9riel t\u00e9l\u00e9chargeable et soutien pour vous aider \u00e0 en savoir plus sur le syst\u00e8me StimRouter PNS.<\/span><\/h2>\n\t<\/div>\n<\/div>\n\n\n\n<div id=\"acf\/resources-block_7b291966c79c0808ff81ab0a5a186f8a\" class=\"pxblock pxblock--resources resources\">\n\t\n\t<div class=\"container\">\n\n\t\t\n\t\t<div class=\"resources__posts\">\n\t\t\t\t\t\t\t<div class=\"resources__column category--document  category--instructions-manuals-fr category--physicians-fr hidden\">\n\t\t\t\t\t<div class=\"card\">\n\t\t\t\t\t\t<div class=\"card__content resources__content\">\n\t\t\t\t\t\t\t<div class=\"resources__icon resources__icon--document\"><\/div>\n\t\t\t\t\t\t\t<h4 class=\"resources__title\">Directives compl\u00e8tes sur l&rsquo;IRM<\/h4>\n\t\t\t\t\t\t\t<p class=\"resources__excerpt\">Directives compl\u00e8tes sur l&rsquo;IRM<\/p>\n\t\t\t\t\t\t\t<a class=\"resources__link\" href=\"https:\/\/stimrouter.com\/wp-content\/uploads\/2023\/03\/602-00730-001_Rev._A-2.pdf\" download>Download<\/a>\n\t\t\t\t\t\t<\/div>\n\t\t\t\t\t<\/div>\n\t\t\t\t<\/div>\n\t\t\t\t\t\t\t<div class=\"resources__column category--document  category--ous-fr category--pain-fr category--patient-materials-fr category--patients-fr category--physicians-fr\">\n\t\t\t\t\t<div class=\"card\">\n\t\t\t\t\t\t<div class=\"card__content resources__content\">\n\t\t\t\t\t\t\t<div class=\"resources__icon resources__icon--document\"><\/div>\n\t\t\t\t\t\t\t<h4 class=\"resources__title\">StimRouter PNS : Guide de l&rsquo;utilisateur<\/h4>\n\t\t\t\t\t\t\t<p class=\"resources__excerpt\">Ce guide contient des informations utiles sur les composants de la trousse de l\u2019utilisateur, les instructions d&rsquo;utilisation et les exigences d\u2019entretien du syst\u00e8me de neuromodulation StimRouter. Ce guide est destin\u00e9 aux utilisateurs en dehors des \u00c9tats-Unis.<\/p>\n\t\t\t\t\t\t\t<a class=\"resources__link\" href=\"https:\/\/stimrouter.com\/wp-content\/uploads\/2020\/07\/MP612-00756-001-Rev.-D-efile.pdf\" download>Download<\/a>\n\t\t\t\t\t\t<\/div>\n\t\t\t\t\t<\/div>\n\t\t\t\t<\/div>\n\t\t\t\t\t\t\t<div class=\"resources__column category--document  category--instructions-manuals-fr category--pain-fr category--physicians-fr category--us-fr hidden\">\n\t\t\t\t\t<div class=\"card\">\n\t\t\t\t\t\t<div class=\"card__content resources__content\">\n\t\t\t\t\t\t\t<div class=\"resources__icon resources__icon--document\"><\/div>\n\t\t\t\t\t\t\t<h4 class=\"resources__title\">StimRouter PNS : Guide du clinicien<\/h4>\n\t\t\t\t\t\t\t<p class=\"resources__excerpt\">Ce guide contient des informations utiles sur les composants de la trousse de l\u2019utilisateur, les instructions d&rsquo;utilisation et les exigences d\u2019entretien du syst\u00e8me de neuromodulation StimRouter. <\/p>\n\t\t\t\t\t\t\t<a class=\"resources__link\" href=\"https:\/\/stimrouter.com\/wp-content\/uploads\/2020\/07\/MP612-00757-001-Rev.-D-efile-1.pdf\" download>Download<\/a>\n\t\t\t\t\t\t<\/div>\n\t\t\t\t\t<\/div>\n\t\t\t\t<\/div>\n\t\t\t\t\t\t\t<div class=\"resources__column category--document  category--instructions-manuals-fr category--ous-fr category--pain-fr category--physicians-fr category--us-fr hidden\">\n\t\t\t\t\t<div class=\"card\">\n\t\t\t\t\t\t<div class=\"card__content resources__content\">\n\t\t\t\t\t\t\t<div class=\"resources__icon resources__icon--document\"><\/div>\n\t\t\t\t\t\t\t<h4 class=\"resources__title\">StimRouter PNS : Applications courantes<\/h4>\n\t\t\t\t\t\t\t<p class=\"resources__excerpt\">Voici quelques-uns des diagnostics de la douleur les plus courants pour lesquels StimRouter est utilis\u00e9.<\/p>\n\t\t\t\t\t\t\t<a class=\"resources__link\" href=\"https:\/\/stimrouter.com\/wp-content\/uploads\/2020\/07\/SMK-004364_03748_SR_cmmnuse_hndout_US_brnd-updt_r03v02-2.pdf\" download>Download<\/a>\n\t\t\t\t\t\t<\/div>\n\t\t\t\t\t<\/div>\n\t\t\t\t<\/div>\n\t\t\t\t\t\t\t<div class=\"resources__column category--document  category--instructions-manuals-fr category--ous-fr category--pain-fr category--physicians-fr category--region-fr category--us-fr hidden\">\n\t\t\t\t\t<div class=\"card\">\n\t\t\t\t\t\t<div class=\"card__content resources__content\">\n\t\t\t\t\t\t\t<div class=\"resources__icon resources__icon--document\"><\/div>\n\t\t\t\t\t\t\t<h4 class=\"resources__title\">StimRouter PNS : Manuel des proc\u00e9dures<\/h4>\n\t\t\t\t\t\t\t<p class=\"resources__excerpt\">Ce guide contient des informations utiles sur la pr\u00e9paration de l&rsquo;\u00e9quipement, les proc\u00e9dures d&rsquo;implantation et les soins postop\u00e9ratoires du syst\u00e8me de neuromodulation StimRouter. <\/p>\n\t\t\t\t\t\t\t<a class=\"resources__link\" href=\"https:\/\/stimrouter.com\/wp-content\/uploads\/2020\/07\/MP612-00755-001-Rev.-G-efile-2.pdf\" download>Download<\/a>\n\t\t\t\t\t\t<\/div>\n\t\t\t\t\t<\/div>\n\t\t\t\t<\/div>\n\t\t\t\t\t\t\t<div class=\"resources__column category--document  category--instructions-manuals-fr category--ous-fr category--pain-fr category--patient-materials-fr category--patients-fr category--physicians-fr category--us-fr\">\n\t\t\t\t\t<div class=\"card\">\n\t\t\t\t\t\t<div class=\"card__content resources__content\">\n\t\t\t\t\t\t\t<div class=\"resources__icon resources__icon--document\"><\/div>\n\t\t\t\t\t\t\t<h4 class=\"resources__title\">StimRouter PNS : Directives relatives \u00e0 l&rsquo;autonomie de la batterie<\/h4>\n\t\t\t\t\t\t\t<p class=\"resources__excerpt\">Directives pour optimiser la dur\u00e9e de vie de la batterie de votre syst\u00e8me StimRouter PNS.  <\/p>\n\t\t\t\t\t\t\t<a class=\"resources__link\" href=\"https:\/\/stimrouter.com\/wp-content\/uploads\/2020\/07\/SMK-004367_03746_SR_DTC_btrylf_US_brnd-updt_r02v01_lo-2.pdf\" download>Download<\/a>\n\t\t\t\t\t\t<\/div>\n\t\t\t\t\t<\/div>\n\t\t\t\t<\/div>\n\t\t\t\t\t\t\t<div class=\"resources__column category--document  category--brochures-fr category--ous-fr category--pain-fr category--patient-materials-fr category--patients-fr category--physicians-fr category--us-fr\">\n\t\t\t\t\t<div class=\"card\">\n\t\t\t\t\t\t<div class=\"card__content resources__content\">\n\t\t\t\t\t\t\t<div class=\"resources__icon resources__icon--document\"><\/div>\n\t\t\t\t\t\t\t<h4 class=\"resources__title\">StimRouter : R\u00e9sultats de l&rsquo;enqu\u00eate aupr\u00e8s des patients<\/h4>\n\t\t\t\t\t\t\t<p class=\"resources__excerpt\">R\u00e9sum\u00e9 des patients r\u00e9cemment interrog\u00e9s sur StimRouter. <\/p>\n\t\t\t\t\t\t\t<a class=\"resources__link\" href=\"https:\/\/stimrouter.com\/wp-content\/uploads\/2020\/07\/SMK-004365_03756_SR_ptsrvyrslts_hndout_US_brnd-updt_r03v01_lo-2.pdf\" download>Download<\/a>\n\t\t\t\t\t\t<\/div>\n\t\t\t\t\t<\/div>\n\t\t\t\t<\/div>\n\t\t\t\t\t\t\t<div class=\"resources__column category--document  category--brochures-fr category--ous-fr category--pain-fr category--patients-fr category--physicians-fr category--us-fr\">\n\t\t\t\t\t<div class=\"card\">\n\t\t\t\t\t\t<div class=\"card__content resources__content\">\n\t\t\t\t\t\t\t<div class=\"resources__icon resources__icon--document\"><\/div>\n\t\t\t\t\t\t\t<h4 class=\"resources__title\">StimRouter PNS : Brochure sur le produit<\/h4>\n\t\t\t\t\t\t\t<p class=\"resources__excerpt\">Informations sur le syst\u00e8me StimRouter PNS comme traitement de la douleur chronique.  <\/p>\n\t\t\t\t\t\t\t<a class=\"resources__link\" href=\"https:\/\/stimrouter.com\/wp-content\/uploads\/2020\/07\/SMK-004120StimRouterHCPBrochurev3-2.pdf\" download>Download<\/a>\n\t\t\t\t\t\t<\/div>\n\t\t\t\t\t<\/div>\n\t\t\t\t<\/div>\n\t\t\t\t\t\t\t<div class=\"resources__column category--document  category--instructions-manuals-fr category--ous-fr category--pain-fr category--patient-materials-fr category--patients-fr category--physicians-fr category--us-fr\">\n\t\t\t\t\t<div class=\"card\">\n\t\t\t\t\t\t<div class=\"card__content resources__content\">\n\t\t\t\t\t\t\t<div class=\"resources__icon resources__icon--document\"><\/div>\n\t\t\t\t\t\t\t<h4 class=\"resources__title\">StimRouter PNS : Guide de s\u00e9lection des \u00e9lectrodes<\/h4>\n\t\t\t\t\t\t\t<p class=\"resources__excerpt\">Directives pour vous aider \u00e0 choisir la meilleure taille d&rsquo;\u00e9lectrode pour votre implant StimRouter. <\/p>\n\t\t\t\t\t\t\t<a class=\"resources__link\" href=\"https:\/\/stimrouter.com\/wp-content\/uploads\/2020\/07\/02997_SR_extndelctrd_sllsht_r10v01-min-1-3.pdf\" download>Download<\/a>\n\t\t\t\t\t\t<\/div>\n\t\t\t\t\t<\/div>\n\t\t\t\t<\/div>\n\t\t\t\t\t\t\t<div class=\"resources__column category--document  category--ous-fr category--pain-fr category--patient-materials-fr category--patients-fr category--physicians-fr category--us-fr\">\n\t\t\t\t\t<div class=\"card\">\n\t\t\t\t\t\t<div class=\"card__content resources__content\">\n\t\t\t\t\t\t\t<div class=\"resources__icon resources__icon--document\"><\/div>\n\t\t\t\t\t\t\t<h4 class=\"resources__title\">StimRouter PNS : Carte de r\u00e9f\u00e9rence de l&rsquo;utilisateur<\/h4>\n\t\t\t\t\t\t\t<p class=\"resources__excerpt\">Cette carte est une r\u00e9f\u00e9rence rapide comprenant la configuration de StimRouter PNS, les instructions d&rsquo;utilisation du programmateur du patient, le retrait des \u00e9lectrodes et de l&rsquo;\u00e9metteur externe d&rsquo;impulsions (\u00c9EI) et le d\u00e9pannage. <\/p>\n\t\t\t\t\t\t\t<a class=\"resources__link\" href=\"https:\/\/stimrouter.com\/wp-content\/uploads\/2020\/07\/MP602-00632-001-Rev-C-efile-1.pdf\" download>Download<\/a>\n\t\t\t\t\t\t<\/div>\n\t\t\t\t\t<\/div>\n\t\t\t\t<\/div>\n\t\t\t\t\t\t\t<div class=\"resources__column category--document  category--instructions-manuals-fr category--ous-fr category--pain-fr category--physicians-fr hidden\">\n\t\t\t\t\t<div class=\"card\">\n\t\t\t\t\t\t<div class=\"card__content resources__content\">\n\t\t\t\t\t\t\t<div class=\"resources__icon resources__icon--document\"><\/div>\n\t\t\t\t\t\t\t<h4 class=\"resources__title\">Liste de contr\u00f4le pr\u00e9-IRM pour les patients StimRouter<\/h4>\n\t\t\t\t\t\t\t<p class=\"resources__excerpt\">Formulaire d&rsquo;\u00e9ligibilit\u00e9 du patient du syst\u00e8me de neuromodulation StimRouter et liste de contr\u00f4le pr\u00e9-IRM.<\/p>\n\t\t\t\t\t\t\t<a class=\"resources__link\" href=\"https:\/\/stimrouter.com\/wp-content\/uploads\/2020\/07\/StimRouter_Pre-MRI_Checklist_MP918-00097-001_Rev.A-3.pdf\" download>Download<\/a>\n\t\t\t\t\t\t<\/div>\n\t\t\t\t\t<\/div>\n\t\t\t\t<\/div>\n\t\t\t\t\t\t\t<div class=\"resources__column category--document  category--instructions-manuals-fr category--ous-fr category--pain-fr category--physicians-fr category--us-fr hidden\">\n\t\t\t\t\t<div class=\"card\">\n\t\t\t\t\t\t<div class=\"card__content resources__content\">\n\t\t\t\t\t\t\t<div class=\"resources__icon resources__icon--document\"><\/div>\n\t\t\t\t\t\t\t<h4 class=\"resources__title\">StimRouter PNS : Carte de r\u00e9f\u00e9rence du clinicien<\/h4>\n\t\t\t\t\t\t\t<p class=\"resources__excerpt\">Cette carte est une r\u00e9f\u00e9rence rapide pour la configuration de la programmation, la configuration des \u00e9lectrodes et de l&rsquo;\u00e9metteur externe d&rsquo;impulsions (\u00c9EI), la navigation dans le logiciel et la programmation.  <\/p>\n\t\t\t\t\t\t\t<a class=\"resources__link\" href=\"https:\/\/stimrouter.com\/wp-content\/uploads\/2020\/07\/MP602-00633-001-Rev.-C-efile-1.pdf\" download>Download<\/a>\n\t\t\t\t\t\t<\/div>\n\t\t\t\t\t<\/div>\n\t\t\t\t<\/div>\n\t\t\t\t\t\t\t<div class=\"resources__column category--document  category--ous-fr category--pain-fr category--patient-materials-fr category--patients-fr category--physicians-fr category--us-fr\">\n\t\t\t\t\t<div class=\"card\">\n\t\t\t\t\t\t<div class=\"card__content resources__content\">\n\t\t\t\t\t\t\t<div class=\"resources__icon resources__icon--document\"><\/div>\n\t\t\t\t\t\t\t<h4 class=\"resources__title\">StimRouter PNS : Carte de garantie<\/h4>\n\t\t\t\t\t\t\t<p class=\"resources__excerpt\">Cette carte contient des informations utiles sur la garantie limit\u00e9e d&rsquo;un an du syst\u00e8me de neuromodulation StimRouter PNS. <\/p>\n\t\t\t\t\t\t\t<a class=\"resources__link\" href=\"https:\/\/stimrouter.com\/wp-content\/uploads\/2020\/07\/Mp602-00249-001_Rev.-Be-file-3.pdf\" download>Download<\/a>\n\t\t\t\t\t\t<\/div>\n\t\t\t\t\t<\/div>\n\t\t\t\t<\/div>\n\t\t\t\t\t\t\t<div class=\"resources__column category--document  category--data-fr category--ous-fr category--pain-fr category--physicians-fr category--us-fr hidden\">\n\t\t\t\t\t<div class=\"card\">\n\t\t\t\t\t\t<div class=\"card__content resources__content\">\n\t\t\t\t\t\t\t<div class=\"resources__icon resources__icon--document\"><\/div>\n\t\t\t\t\t\t\t<h4 class=\"resources__title\">Livre blanc : Justification de la stimulation du nerf axillaire pour les douleurs de l&rsquo;\u00e9paule apr\u00e8s un AVC<\/h4>\n\t\t\t\t\t\t\t<p class=\"resources__excerpt\">Vue d&rsquo;ensemble d&rsquo;une nouvelle solution implantable, le syst\u00e8me StimRouter PNS pour la douleur de l&rsquo;\u00e9paule apr\u00e8s un AVC.<\/p>\n\t\t\t\t\t\t\t<a class=\"resources__link\" href=\"https:\/\/stimrouter.com\/wp-content\/uploads\/2020\/07\/02376_sr_pssp_whtppr_r03v01-1-2.pdf\" download>Download<\/a>\n\t\t\t\t\t\t<\/div>\n\t\t\t\t\t<\/div>\n\t\t\t\t<\/div>\n\t\t\t\t\t\t\t<div class=\"resources__column category--document  category--ous-fr category--pain-fr category--patient-materials-fr category--patients-fr category--physicians-fr category--us-fr\">\n\t\t\t\t\t<div class=\"card\">\n\t\t\t\t\t\t<div class=\"card__content resources__content\">\n\t\t\t\t\t\t\t<div class=\"resources__icon resources__icon--document\"><\/div>\n\t\t\t\t\t\t\t<h4 class=\"resources__title\">Carte d&rsquo;identification de dispositif m\u00e9dical pour StimRouter PNS<\/h4>\n\t\t\t\t\t\t\t<p class=\"resources__excerpt\">Carte d&rsquo;identification du dispositif m\u00e9dical StimRouter pour les patients qui ont besoin d&rsquo;une carte d&rsquo;identification de dispositif m\u00e9dical de remplacement.<\/p>\n\t\t\t\t\t\t\t<a class=\"resources__link\" href=\"https:\/\/stimrouter.com\/wp-content\/uploads\/2020\/07\/Mp602-00541-001_Rev.Be-file-4.pdf\" download>Download<\/a>\n\t\t\t\t\t\t<\/div>\n\t\t\t\t\t<\/div>\n\t\t\t\t<\/div>\n\t\t\t\t\t\t\t<div class=\"resources__column category--document  category--instructions-manuals-fr category--pain-fr category--patient-materials-fr category--patients-fr category--physicians-fr\">\n\t\t\t\t\t<div class=\"card\">\n\t\t\t\t\t\t<div class=\"card__content resources__content\">\n\t\t\t\t\t\t\t<div class=\"resources__icon resources__icon--document\"><\/div>\n\t\t\t\t\t\t\t<h4 class=\"resources__title\">Brochure d&rsquo;\u00e9ducation des patients StimRouter<\/h4>\n\t\t\t\t\t\t\t<p class=\"resources__excerpt\">Informations sur le fonctionnement du syst\u00e8me StimRouter PNS et sur le traitement de la douleur chronique<\/p>\n\t\t\t\t\t\t\t<a class=\"resources__link\" href=\"https:\/\/stimrouter.com\/wp-content\/uploads\/2020\/07\/SMK-004591StimRouterDTCbrochureCAEN_v3-1.pdf\" download>Download<\/a>\n\t\t\t\t\t\t<\/div>\n\t\t\t\t\t<\/div>\n\t\t\t\t<\/div>\n\t\t\t\t\t<\/div>\n\t<\/div>\n<\/div>\n\n\n\n<style>\n\t@media (min-width: 768px) {\n\t\t.columns__row > .columns__column.columns__column--2 {\n\t\t\twidth: 50%;\n\t\t}\n\t}\n<\/style>\n\n<div id=\"acf\/columns-block_296924a01d06bd4be03a2ff2e94929de\" class=\"pxblock pxblock--columns columns\">\n\t\n\t<div class=\"container\">\n\t\t\n\t\t<div class=\"columns__row\">\n\t\t\t\t\t\t\t<div class=\"columns__column columns__column--2\">\n\t\t\t\t\t\t\t\t\t\t\t<div class=\"card\">\n\t\t\t\t\t\t\t<img loading=\"lazy\" decoding=\"async\" width=\"96\" height=\"96\" src=\"https:\/\/stimrouter.com\/wp-content\/uploads\/2023\/03\/Shopping.png\" class=\"card__icon\" alt=\"\" \/>\n\t\t\t\t\t\t\t<div class=\"card__content\"><h4 style=\"text-align: center;\"><a href=\"\/patient-resource-center\/order-supplies\/\">Commander des fournitures<\/a><\/h4>\n<p style=\"text-align: center;\">Du lundi au vendredi, de 8 h \u00e0 17 h (heure du Pacifique)<br \/>\n<strong>888-453-2136<\/strong><\/p>\n<\/div>\n\t\t\t\t\t\t<\/div>\n\t\t\t\t\t\t\t\t\t<\/div>\n\t\t\t\t\t\t\t<div class=\"columns__column columns__column--2\">\n\t\t\t\t\t\t\t\t\t\t\t<div class=\"card\">\n\t\t\t\t\t\t\t<img loading=\"lazy\" decoding=\"async\" width=\"96\" height=\"96\" src=\"https:\/\/stimrouter.com\/wp-content\/uploads\/2020\/07\/Video-4.png\" class=\"card__icon\" alt=\"\" \/>\n\t\t\t\t\t\t\t<div class=\"card__content\"><h4 style=\"text-align: center;\">Soins apr\u00e8s la proc\u00e9dure<\/h4>\n<p style=\"text-align: center;\">Courtes vid\u00e9os pour les patients actuels utilisant StimRouter<\/p>\n<p style=\"text-align: center;\"><a class=\"pxbutton pxbutton--secondary\" href=\"https:\/\/stimrouter.com\/fr\/patients-targeted-relief\/patient-resource-center\/post-procedure-care\/\">REGARDER MAINTENANT<\/a><\/p>\n<\/div>\n\t\t\t\t\t\t<\/div>\n\t\t\t\t\t\t\t\t\t<\/div>\n\t\t\t\t\t<\/div>\n\t<\/div>\n<\/div>\n\n\n\n<div id=\"acf\/text-block_1999f2e17357a6f1990eb3f08b0f352e\" class=\"pxblock pxblock--text text\">\n\t\n\t<div class=\"container\">\n\t\t<p><small class=\"footnote\"><span style=\"font-weight: 400;\">Rx Only. The StimRouter Neuromodulation System is indicated for pain management in adults who have severe intractable chronic pain of peripheral nerve origin, as an adjunct to other modes of therapy (e.g. medications). The StimRouter is not intended to treat pain in the craniofacial region. StimRouter is contraindicated in patients who have any active implanted device such as an implanted demand cardiac pacemaker or defibrillator, or metallic implant in the immediate area intended for implant. For complete instructions for use, storage, warnings, indications, contraindications, precautions, adverse reactions and disclaimer of warranties, please refer to the insert accompanying each product or online at <\/span><a href=\"http:\/\/www.stimrouter.com\"><span style=\"font-weight: 400;\">www.stimrouter.com<\/span><\/a><span style=\"font-weight: 400;\">.<\/span><\/small><\/p>\n\t<\/div>\n<\/div>\n","protected":false},"excerpt":{"rendered":"","protected":false},"author":29,"featured_media":0,"parent":5887,"menu_order":0,"comment_status":"closed","ping_status":"closed","template":"","meta":{"_acf_changed":true,"footnotes":""},"class_list":["post-6024","page","type-page","status-publish","hentry"],"acf":[],"_links":{"self":[{"href":"https:\/\/stimrouter.com\/fr\/wp-json\/wp\/v2\/pages\/6024","targetHints":{"allow":["GET"]}}],"collection":[{"href":"https:\/\/stimrouter.com\/fr\/wp-json\/wp\/v2\/pages"}],"about":[{"href":"https:\/\/stimrouter.com\/fr\/wp-json\/wp\/v2\/types\/page"}],"author":[{"embeddable":true,"href":"https:\/\/stimrouter.com\/fr\/wp-json\/wp\/v2\/users\/29"}],"replies":[{"embeddable":true,"href":"https:\/\/stimrouter.com\/fr\/wp-json\/wp\/v2\/comments?post=6024"}],"version-history":[{"count":0,"href":"https:\/\/stimrouter.com\/fr\/wp-json\/wp\/v2\/pages\/6024\/revisions"}],"up":[{"embeddable":true,"href":"https:\/\/stimrouter.com\/fr\/wp-json\/wp\/v2\/pages\/5887"}],"wp:attachment":[{"href":"https:\/\/stimrouter.com\/fr\/wp-json\/wp\/v2\/media?parent=6024"}],"curies":[{"name":"wp","href":"https:\/\/api.w.org\/{rel}","templated":true}]}}