{"id":6018,"date":"2020-07-20T16:36:34","date_gmt":"2020-07-20T23:36:34","guid":{"rendered":"https:\/\/stimrouter.com\/patients-targeted-relief\/patients-chronic-pain\/chronic-pain-faqs\/"},"modified":"2024-12-11T06:06:49","modified_gmt":"2024-12-11T13:06:49","slug":"chronic-pain-faqs","status":"publish","type":"page","link":"https:\/\/stimrouter.com\/fr\/patients-targeted-relief\/patients-chronic-pain\/chronic-pain-faqs\/","title":{"rendered":"Chronic Pain FAQs"},"content":{"rendered":"\n<div id=\"acf\/banner-block_ff1f657fc10789ff83c6a767035fc22e\" class=\"pxblock pxblock--banner banner text-color--light height--short\">\n\t\n\t<div class=\"container\">\n\t\t\t\t\t<div class=\"banner__content\">\n\t\t\t\t<h1>StimRouter PNS \u2013 Foire aux questions<\/h1>\n\t\t\t<\/div>\n\t\t\t<\/div>\n\n\t\t\t<img decoding=\"async\" class=\"banner__wave\" src=\"\/wp-content\/themes\/stimrouter\/assets\/images\/wave-image.svg\">\n\t<\/div>\n\n\n\n<div id=\"acf\/text-block_e2ead9215aee980d3fb616368cbb9475\" class=\"pxblock pxblock--text text width--default\">\n\t\n\t<div class=\"container\">\n\t\t<h2>R\u00e9ponses \u00e0 propos de StimRouter PNS<\/h2>\n<h3><span style=\"font-weight: 400;\">Comment puis-je savoir si StimRouter sera efficace dans mon cas ?<\/span><\/h3>\n<p><span style=\"font-weight: 400;\">StimRouter est indiqu\u00e9 pour la prise en charge de la douleur chez les adultes qui souffrent de douleurs chroniques s\u00e9v\u00e8res et rebelles, d&rsquo;origine nerveuse p\u00e9riph\u00e9rique, en compl\u00e9ment d&rsquo;autres modes de traitement (par exemple, les m\u00e9dicaments). StimRouter n&rsquo;est pas destin\u00e9 \u00e0 traiter les douleurs de la r\u00e9gion cr\u00e2nio-faciale. Votre clinicien est la personne la mieux plac\u00e9e pour vous d\u00e9crire comment StimRouter se compare aux autres options possibles de traitement de la douleur.<\/span><\/p>\n<p>&nbsp;<\/p>\n<h3><span style=\"font-weight: 400;\">Y a-t-il des contre-indications ?<\/span><\/h3>\n<p><span style=\"font-weight: 400;\">Oui. StimRouter est contre-indiqu\u00e9 pour les patients qui disposent d\u2019un dispositif implant\u00e9 actif tel qu&rsquo;un stimulateur cardiaque ou un d\u00e9fibrillateur implant\u00e9s sur demande ou un implant m\u00e9tallique dans la zone imm\u00e9diate pr\u00e9vue pour l&rsquo;implantation. Une d\u00e9termination des risques \/ b\u00e9n\u00e9fices doit \u00eatre effectu\u00e9e avant d&rsquo;utiliser le syst\u00e8me StimRouter pour :<\/span><\/p>\n<ul>\n<li style=\"font-weight: 400;\"><span style=\"font-weight: 400;\">Patients expos\u00e9s \u00e0 la diathermie. La diathermie par ultrasons \u00e0 ondes courtes, micro-ondes et \/ ou th\u00e9rapeutique ne doit pas \u00eatre utilis\u00e9e chez les patients qui disposent d\u2019un syst\u00e8me de neuromodulation StimRouter. L\u2019\u00e9nergie g\u00e9n\u00e9r\u00e9e par la diathermie peut \u00eatre transf\u00e9r\u00e9e \u00e0 travers les composants du syst\u00e8me StimRouter, causant des l\u00e9sions tissulaires au niveau de la sonde et pouvant entra\u00eener des blessures graves. La diathermie peut \u00e9galement endommager les composants du syst\u00e8me StimRouter, entra\u00eenant une interruption du traitement. Des blessures ou des dommages peuvent survenir pendant le traitement par la diathermie, que la neurostimulation soit activ\u00e9e ou d\u00e9sactiv\u00e9e. Il est conseill\u00e9 \u00e0 tous les patients d\u2019informer leurs professionnels de la sant\u00e9 qu\u2019ils ne doivent pas \u00eatre expos\u00e9s \u00e0 la diathermie.<\/span><\/li>\n<li style=\"font-weight: 400;\"><span style=\"font-weight: 400;\">Patients expos\u00e9s \u00e0 des ultrasons th\u00e9rapeutiques<\/span><\/li>\n<li style=\"font-weight: 400;\"><span style=\"font-weight: 400;\">Patients incapables de faire fonctionner le syst\u00e8me StimRouter<\/span><\/li>\n<li style=\"font-weight: 400;\"><span style=\"font-weight: 400;\">Les patients pr\u00e9sentant des risques chirurgicaux \u00e9lev\u00e9s ou qui ne sont pas des candidats propices \u00e0 la chirurgie en g\u00e9n\u00e9ral<\/span><\/li>\n<li style=\"font-weight: 400;\"><span style=\"font-weight: 400;\">Les patients pr\u00e9sentant une l\u00e9sion canc\u00e9reuse pr\u00e8s du point de stimulation cible ou pr\u00e8s de l&rsquo;endroit o\u00f9 l&rsquo;\u00e9lectrode StimRouter adh\u00e9rera<\/span><\/li>\n<li style=\"font-weight: 400;\"><span style=\"font-weight: 400;\">Les patients souffrant de troubles de la coagulation ou d&rsquo;une anticoagulation active qui ne peut \u00eatre interrompue pendant quelques jours \u00e0 proximit\u00e9 du moment de l&rsquo;intervention chirurgicale<\/span><\/li>\n<li style=\"font-weight: 400;\"><span style=\"font-weight: 400;\">Impossibilit\u00e9 d&rsquo;utiliser la bobine RF (radiofr\u00e9quence) d&rsquo;\u00e9mission \/ r\u00e9ception si la sonde StimRouter est implant\u00e9e au-dessus de l&rsquo;\u00e9paule<\/span><\/li>\n<\/ul>\n<h3><\/h3>\n<h3><span style=\"font-weight: 400;\">Est-ce que je peux passer une IRM avec le syst\u00e8me StimRouter en place, si j&rsquo;ai l&rsquo;accord du m\u00e9decin ? <\/span><\/h3>\n<p><span style=\"font-weight: 400;\">Oui. La sonde StimRouter implant\u00e9e est compatible avec les IRM \u00e0 1,5 Tesla et \u00e0 3 Tesla. Les patients avec une sonde implant\u00e9e peuvent \u00eatre scann\u00e9s en toute s\u00e9curit\u00e9 dans certaines conditions d&rsquo;IRM. Tous les composants externes du syst\u00e8me doivent \u00eatre retir\u00e9s avant que le patient ne soit autoris\u00e9 \u00e0 entrer dans l&rsquo;environnement IRM. Les informations compl\u00e8tes sur l&rsquo;IRM pour StimRouter sont disponibles <a href=\"https:\/\/stimrouter.com\/wp-content\/uploads\/2022\/11\/602-00730-001_Rev._A-1.pdf\" target=\"_blank\" rel=\"noopener\">ici<\/a>.<\/span><\/p>\n<h3><\/h3>\n<h3><span style=\"font-weight: 400;\">Quels sont les risques li\u00e9s au syst\u00e8me StimRouter ?<\/span><\/h3>\n<p><span style=\"font-weight: 400;\">Un placement sous-optimal de la sonde peut n\u00e9cessiter un ajustement th\u00e9rapeutique et \/ ou l&rsquo;explantation de la sonde. Une l\u00e9sion nerveuse est possible, bien que peu probable. Les complications chirurgicales possibles sont les suivantes : infection, cellulite, abc\u00e8s, fi\u00e8vre, septic\u00e9mie, saignement et douleur temporaire au niveau du site d&rsquo;implantation.<\/span><\/p>\n<h3><\/h3>\n<h3><span style=\"font-weight: 400;\">Combien de temps la sonde implant\u00e9e doit-elle rester dans le corps ?<\/span><\/h3>\n<p><span style=\"font-weight: 400;\">La sonde StimRouter est con\u00e7ue pour \u00eatre un implant \u00e0 long terme. Votre m\u00e9decin discutera de votre plan de traitement individuel appropri\u00e9.<\/span><\/p>\n<h3><\/h3>\n<h3><span style=\"font-weight: 400;\">\u00c0 quoi devrais-je m&rsquo;attendre pendant et apr\u00e8s l&rsquo;intervention ?<\/span><\/h3>\n<p><span style=\"font-weight: 400;\">L&rsquo;intervention chirurgicale est une proc\u00e9dure simple r\u00e9alis\u00e9e sous anesth\u00e9sie locale. Vous serez \u00e9veill\u00e9 pendant l&rsquo;implantation afin de pouvoir fournir des informations au m\u00e9decin implanteur concernant l&rsquo;efficacit\u00e9 de la stimulation. La programmation et la formation \u00e0 l&rsquo;utilisation de votre programmateur du patient auront lieu 2 \u00e0 3 semaines apr\u00e8s la gu\u00e9rison des petites incisions.<\/span><\/p>\n<h3><\/h3>\n<h3><span style=\"font-weight: 400;\">Le syst\u00e8me StimRouter n\u00e9cessite-t-il une ordonnance ?<\/span><\/h3>\n<p><span style=\"font-weight: 400;\">Oui. Pour acqu\u00e9rir StimRouter, une ordonnance de votre m\u00e9decin est n\u00e9cessaire.<\/span><\/p>\n<h3><\/h3>\n<h3><span style=\"font-weight: 400;\">Combien de fois le syst\u00e8me StimRouter a-t-il besoin d\u2019\u00eatre programm\u00e9 apr\u00e8s la configuration initiale ?<\/span><\/h3>\n<p><span style=\"font-weight: 400;\">Votre \u00e9metteur externe d&rsquo;impulsions StimRouter sera initialement programm\u00e9 avec jusqu&rsquo;\u00e0 huit programmes de stimulation diff\u00e9rents parmi lesquels vous pourrez choisir, \u00e9teindre \/ allumer et augmenter ou diminuer l&rsquo;intensit\u00e9 de la stimulation. Si les programmes n&rsquo;apportent plus un soulagement appropri\u00e9 de la douleur, vous pouvez contacter votre m\u00e9decin pour qu&rsquo;il les programme \u00e0 nouveau.<\/span><\/p>\n<h3><\/h3>\n<h3><span style=\"font-weight: 400;\">Mon r\u00e9gime d\u2019assurance couvre-t-il le syst\u00e8me StimRouter ?<\/span><\/h3>\n<p><span style=\"font-weight: 400;\">Le syst\u00e8me StimRouter est factur\u00e9 par votre professionnel de la sant\u00e9 et souvent rembours\u00e9 s&rsquo;il est jug\u00e9 m\u00e9dicalement n\u00e9cessaire. Bien que nous ne puissions pas garantir le remboursement du syst\u00e8me StimRouter par votre assureur, votre r\u00e9gime d&rsquo;assurance maladie peut couvrir une partie ou la totalit\u00e9 du co\u00fbt.<\/span><\/p>\n<h3><\/h3>\n<h3><span style=\"font-weight: 400;\">Le syst\u00e8me StimRouter b\u00e9n\u00e9ficie-t-il d&rsquo;une garantie ?<\/span><\/h3>\n<p><span style=\"font-weight: 400;\">Oui, le syst\u00e8me StimRouter b\u00e9n\u00e9ficie d&rsquo;une garantie limit\u00e9e d&rsquo;un an.<\/span><\/p>\n<h3><\/h3>\n<h3><span style=\"font-weight: 400;\">Comment savoir si je suis un candidat \/ une candidate propice pour StimRouter ?<\/span><\/h3>\n<p><span style=\"font-weight: 400;\">Vous pouvez contacter un repr\u00e9sentant pour vous aider \u00e0 vous lancer en appelant le 888-453-2136. <\/span><\/p>\n<h3><\/h3>\n<h3><span style=\"font-weight: 400;\">Dois-je commander r\u00e9guli\u00e8rement des fournitures ?<\/span><\/h3>\n<p><span style=\"font-weight: 400;\">Oui. Les produits jetables n\u00e9cessaires \u00e0 l&rsquo;utilisation continue de StimRouter sont appel\u00e9s \u00ab patchs \u00bb d&rsquo;\u00e9lectrodes en gel et doivent \u00eatre chang\u00e9s tous les 2 \u00e0 4 jours selon l&rsquo;utilisation. Commandez en ligne ou contactez le Service des relations avec la client\u00e8le au 888-453-2136.<\/span><\/p>\n<h3><\/h3>\n<h3><span style=\"font-weight: 400;\">Qui faut-il contacter si j&rsquo;ai besoin d&rsquo;aide avec mon syst\u00e8me StimRouter ?<\/span><\/h3>\n<p><span style=\"font-weight: 400;\">Pour toute question concernant le d\u00e9pannage de StimRouter, veuillez contacter notre \u00e9quipe d&rsquo;assistance technique au 888-453-2136.<\/span><\/p>\n\t<\/div>\n<\/div>\n\n\n\n<style>\n\t@media (min-width: 768px) {\n\t\t.columns__row > .columns__column.columns__column--1 {\n\t\t\twidth: 100%;\n\t\t}\n\t}\n<\/style>\n\n<div id=\"acf\/columns-block_8616e28aff00f35205e8d9bda5455655\" class=\"pxblock pxblock--columns columns\">\n\t\n\t<div class=\"container\">\n\t\t\n\t\t<div class=\"columns__row\">\n\t\t\t\t\t\t\t<div class=\"columns__column columns__column--1\">\n\t\t\t\t\t\t\t\t\t\t\t<div class=\"card\">\n\t\t\t\t\t\t\t<img loading=\"lazy\" decoding=\"async\" width=\"96\" height=\"96\" src=\"https:\/\/stimrouter.com\/wp-content\/uploads\/2020\/07\/Contact-4.png\" class=\"card__icon\" alt=\"\" \/>\n\t\t\t\t\t\t\t<div class=\"card__content\"><h4 style=\"text-align: center;\"><strong>Soutien clinique de StimRouter<\/strong><\/h4>\n<p style=\"text-align: center;\"><span style=\"font-weight: 400;\">Du lundi au vendredi, de 8 h \u00e0 17 h (heure du Pacifique)<\/span><\/p>\n<p style=\"text-align: center;\"><strong>888-453-2136<\/strong><\/p>\n<\/div>\n\t\t\t\t\t\t<\/div>\n\t\t\t\t\t\t\t\t\t<\/div>\n\t\t\t\t\t<\/div>\n\t<\/div>\n<\/div>\n\n\n\n<div id=\"acf\/text-block_ae38e7c1aa0900871c29da962a79a692\" class=\"pxblock pxblock--text text width--default\">\n\t\n\t<div class=\"container\">\n\t\t<p><small class=\"footnote\"><span style=\"font-weight: 400;\">Rx Only. The StimRouter Neuromodulation System is indicated for pain management in adults who have severe intractable chronic pain of peripheral nerve origin, as an adjunct to other modes of therapy (e.g. medications). The StimRouter is not intended to treat pain in the craniofacial region. StimRouter is contraindicated in patients who have any active implanted device such as an implanted demand cardiac pacemaker or defibrillator, or metallic implant in the immediate area intended for implant. For complete instructions for use, storage, warnings, indications, contraindications, precautions, adverse reactions and disclaimer of warranties, please refer to the insert accompanying each product or online at <\/span><a href=\"http:\/\/www.stimrouter.com\"><span style=\"font-weight: 400;\">www.stimrouter.com<\/span><\/a><span style=\"font-weight: 400;\">.<\/span><\/small><\/p>\n\t<\/div>\n<\/div>\n","protected":false},"excerpt":{"rendered":"","protected":false},"author":29,"featured_media":0,"parent":6008,"menu_order":0,"comment_status":"closed","ping_status":"closed","template":"","meta":{"_acf_changed":true,"footnotes":""},"class_list":["post-6018","page","type-page","status-publish","hentry"],"acf":[],"_links":{"self":[{"href":"https:\/\/stimrouter.com\/fr\/wp-json\/wp\/v2\/pages\/6018","targetHints":{"allow":["GET"]}}],"collection":[{"href":"https:\/\/stimrouter.com\/fr\/wp-json\/wp\/v2\/pages"}],"about":[{"href":"https:\/\/stimrouter.com\/fr\/wp-json\/wp\/v2\/types\/page"}],"author":[{"embeddable":true,"href":"https:\/\/stimrouter.com\/fr\/wp-json\/wp\/v2\/users\/29"}],"replies":[{"embeddable":true,"href":"https:\/\/stimrouter.com\/fr\/wp-json\/wp\/v2\/comments?post=6018"}],"version-history":[{"count":0,"href":"https:\/\/stimrouter.com\/fr\/wp-json\/wp\/v2\/pages\/6018\/revisions"}],"up":[{"embeddable":true,"href":"https:\/\/stimrouter.com\/fr\/wp-json\/wp\/v2\/pages\/6008"}],"wp:attachment":[{"href":"https:\/\/stimrouter.com\/fr\/wp-json\/wp\/v2\/media?parent=6018"}],"curies":[{"name":"wp","href":"https:\/\/api.w.org\/{rel}","templated":true}]}}