{"id":6015,"date":"2020-07-07T16:38:09","date_gmt":"2020-07-07T23:38:09","guid":{"rendered":"https:\/\/stimrouter.com\/patients-targeted-relief\/patients-chronic-pain\/patient-stories\/"},"modified":"2023-03-29T08:31:44","modified_gmt":"2023-03-29T15:31:44","slug":"patient-stories","status":"publish","type":"page","link":"https:\/\/stimrouter.com\/fr\/patients-targeted-relief\/patients-chronic-pain\/patient-stories\/","title":{"rendered":"Patient Stories"},"content":{"rendered":"\n<div id=\"acf\/banner-block_63713fe046e9a3f4b0d07d9ae0018cd8\" class=\"pxblock pxblock--banner banner text-color--light height--short\">\n\t\n\t<div class=\"container\">\n\t\t\t\t\t<div class=\"banner__content\">\n\t\t\t\t<h1>T\u00e9moignages des patients utilisant StimRouter PNS<\/h1>\n\t\t\t<\/div>\n\t\t\t<\/div>\n\n\t\t\t<img decoding=\"async\" class=\"banner__wave\" src=\"\/wp-content\/themes\/stimrouter\/assets\/images\/wave-image.svg\">\n\t<\/div>\n\n\n\n<div id=\"acf\/patient-stories-list-block_52e03a7c63f90af62e4a28387933efc4\" class=\"pxblock pxblock--patient-stories-list\">\n\t\n\n\t<div class=\"container\">\n\t\t<div class=\"heading\"><h2 style=\"text-align: center;\">Ce qu\u2019en disent les patients<\/h2>\n<p class=\"subtitle\" style=\"text-align: center;\">Vous trouverez ci-dessous des vid\u00e9os et des t\u00e9moignages de patients authentiques qui souhaitent partager avec d&rsquo;autres leur exp\u00e9rience avec StimRouter.<\/p>\n<span class=\"rule\"><\/span><\/div>\n\t\t<div class=\"stories\">\n\n\t\t\t\t\t\t\t\t<div class=\"story\">\n\n\t\t\t\t\t\t<div class=\"video-image\">\n\n\t\t\t\t\t\t\t\t\t\t\t\t\t\t\t<div class=\"video-modal-preview\" style=\"background-image: url(https:\/\/stimrouter.com\/wp-content\/uploads\/2020\/07\/Screen-Shot-2020-07-15-at-2.27.21-PM-1024x575.png);\">\n\t\t\t\t\t\t\t\t  <iframe loading=\"lazy\" title=\"Linda | StimRouter Patient Testimonial\" width=\"640\" height=\"360\" src=\"https:\/\/www.youtube.com\/embed\/Fl72NKuUGGk?feature=oembed\" frameborder=\"0\" allow=\"accelerometer; autoplay; clipboard-write; encrypted-media; gyroscope; picture-in-picture; web-share\" referrerpolicy=\"strict-origin-when-cross-origin\" allowfullscreen><\/iframe>\t\t\t\t\t\t\t\t<\/div>\n\t\t\t\t\t\t\t\t\t\t\t\t\t<\/div>\n\n\t\t\t\t\t\t<div class=\"text\">\n\t\t\t\t\t\t\t<h3>Meet Linda.<\/h3>\n\t\t\t\t\t\t\t<h2>StimRouter pour les douleurs chroniques aux jambes<\/h2>\t\t\t\t\t\t\t<div class=\"quote\">\n\t\t\t\t\t\t\t\t<p>La vie est belle maintenant. J&rsquo;ai tr\u00e8s peu de douleur. Je sais comment m&rsquo;en occuper maintenant avec mon appareil. La vie a chang\u00e9, a vraiment chang\u00e9&#8230; <\/p>\n\t\t\t\t\t\t\t<\/div>\n\n\t\t\t\t\t\t\t<a href=\"https:\/\/stimrouter.com\/fr\/patient-story\/lindas-story-complex-pain\/\" class=\"read-more\">Read The Story<\/a>\n\t\t\t\t\t\t<\/div>\n\n\t\t\t\t\t<\/div>\n\t\t\t\t\t\t\t\t\t\t<div class=\"story\">\n\n\t\t\t\t\t\t<div class=\"video-image\">\n\n\t\t\t\t\t\t\t\t\t\t\t\t\t\t\t<div class=\"video-modal-preview\" style=\"background-image: url(https:\/\/stimrouter.com\/wp-content\/uploads\/2020\/07\/Screen-Shot-2020-07-10-at-4.11.31-PM-1024x615.png);\">\n\t\t\t\t\t\t\t\t  <iframe loading=\"lazy\" title=\"Felicia | StimRouter Patient Testimonial\" width=\"500\" height=\"281\" src=\"https:\/\/www.youtube.com\/embed\/8_ul6Z1tUFk?feature=oembed\" frameborder=\"0\" allow=\"accelerometer; autoplay; clipboard-write; encrypted-media; gyroscope; picture-in-picture; web-share\" referrerpolicy=\"strict-origin-when-cross-origin\" allowfullscreen><\/iframe>\t\t\t\t\t\t\t\t<\/div>\n\t\t\t\t\t\t\t\t\t\t\t\t\t<\/div>\n\n\t\t\t\t\t\t<div class=\"text\">\n\t\t\t\t\t\t\t<h3>Meet Felicia.<\/h3>\n\t\t\t\t\t\t\t<h2>StimRouter pour les douleurs chroniques du poignet<\/h2>\t\t\t\t\t\t\t<div class=\"quote\">\n\t\t\t\t\t\t\t\t<p>Je savais que cela ferait quelque chose et soulagerait un peu la douleur. Je ne me rendais pas compte que \u00e7a marcherait autant et aussi efficacement.<\/p>\n\t\t\t\t\t\t\t<\/div>\n\n\t\t\t\t\t\t\t<a href=\"https:\/\/stimrouter.com\/fr\/patient-story\/felicias-story-chronic-wrist-pain\/\" class=\"read-more\">Read The Story<\/a>\n\t\t\t\t\t\t<\/div>\n\n\t\t\t\t\t<\/div>\n\t\t\t\t\t\t\t\t\t\t<div class=\"story\">\n\n\t\t\t\t\t\t<div class=\"video-image\">\n\n\t\t\t\t\t\t\t\t\t\t\t\t\t\t\t<div class=\"video-modal-preview\" style=\"background-image: url(https:\/\/stimrouter.com\/wp-content\/uploads\/2020\/07\/Screen-Shot-2020-07-15-at-3.40.22-PM-1024x623.png);\">\n\t\t\t\t\t\t\t\t  <iframe loading=\"lazy\" title=\"Dr. Rottenberg | StimRouter Patient Testimonial\" width=\"500\" height=\"281\" src=\"https:\/\/www.youtube.com\/embed\/LFVnv5DScWA?feature=oembed\" frameborder=\"0\" allow=\"accelerometer; autoplay; clipboard-write; encrypted-media; gyroscope; picture-in-picture; web-share\" referrerpolicy=\"strict-origin-when-cross-origin\" allowfullscreen><\/iframe>\t\t\t\t\t\t\t\t<\/div>\n\t\t\t\t\t\t\t\t\t\t\t\t\t<\/div>\n\n\t\t\t\t\t\t<div class=\"text\">\n\t\t\t\t\t\t\t<h3>Meet Dr Rottenberg.<\/h3>\n\t\t\t\t\t\t\t<h2>StimRouter pour les douleurs chroniques du pied<\/h2>\t\t\t\t\t\t\t<div class=\"quote\">\n\t\t\t\t\t\t\t\t<p>J&rsquo;ai \u00e9t\u00e9 lib\u00e9r\u00e9e de la douleur pour la premi\u00e8re fois en 13 ans. Et depuis, je n&rsquo;ai plus mal&#8230; J&rsquo;ai retrouv\u00e9 ma qualit\u00e9 de vie\u2026 <\/p>\n\t\t\t\t\t\t\t<\/div>\n\n\t\t\t\t\t\t\t<a href=\"https:\/\/stimrouter.com\/fr\/patient-story\/dr-fabienne-rottenberg-nerve-entrapment\/\" class=\"read-more\">Read The Story<\/a>\n\t\t\t\t\t\t<\/div>\n\n\t\t\t\t\t<\/div>\n\t\t\t\t\t\t\t\t\t\t<div class=\"story\">\n\n\t\t\t\t\t\t<div class=\"video-image\">\n\n\t\t\t\t\t\t\t\t\t\t\t\t\t\t\t<div class=\"video-modal-preview\" style=\"background-image: url(https:\/\/stimrouter.com\/wp-content\/uploads\/2020\/07\/Screen-Shot-2020-07-15-at-2.01.47-PM-1024x532.png);\">\n\t\t\t\t\t\t\t\t  <iframe loading=\"lazy\" title=\"Chris | StimRouter Patient Testimonial\" width=\"500\" height=\"281\" src=\"https:\/\/www.youtube.com\/embed\/Qp3AcAh2ZHY?feature=oembed\" frameborder=\"0\" allow=\"accelerometer; autoplay; clipboard-write; encrypted-media; gyroscope; picture-in-picture; web-share\" referrerpolicy=\"strict-origin-when-cross-origin\" allowfullscreen><\/iframe>\t\t\t\t\t\t\t\t<\/div>\n\t\t\t\t\t\t\t\t\t\t\t\t\t<\/div>\n\n\t\t\t\t\t\t<div class=\"text\">\n\t\t\t\t\t\t\t<h3>Meet Chris.<\/h3>\n\t\t\t\t\t\t\t<h2>StimRouter pour les douleurs chroniques aux jambes<\/h2>\t\t\t\t\t\t\t<div class=\"quote\">\n\t\t\t\t\t\t\t\t<p>&#8230; J&rsquo;ai ressenti un tel soulagement de ma douleur que je peux \u00e0 nouveau marcher confortablement. Lorsque ma femme et moi fonderons une famille, je suis heureux de savoir que je pourrai \u00eatre plus actif avec mes \u00eatres chers. <\/p>\n\t\t\t\t\t\t\t<\/div>\n\n\t\t\t\t\t\t\t<a href=\"https:\/\/stimrouter.com\/fr\/patient-story\/chris-story-chronic-leg-pain\/\" class=\"read-more\">Read The Story<\/a>\n\t\t\t\t\t\t<\/div>\n\n\t\t\t\t\t<\/div>\n\t\t\t\t\t\t\t\t\t\t<div class=\"story\">\n\n\t\t\t\t\t\t<div class=\"video-image\">\n\n\t\t\t\t\t\t\t\t\t\t\t\t\t\t\t<div class=\"video-modal-preview\" style=\"background-image: url(https:\/\/stimrouter.com\/wp-content\/uploads\/2020\/07\/Screen-Shot-2020-06-15-at-10.14.40-AM-1024x585.png);\">\n\t\t\t\t\t\t\t\t  <iframe loading=\"lazy\" title=\"Arielle | StimRouter Patient Testimonial\" width=\"500\" height=\"281\" src=\"https:\/\/www.youtube.com\/embed\/PoqpVvGtdTs?feature=oembed\" frameborder=\"0\" allow=\"accelerometer; autoplay; clipboard-write; encrypted-media; gyroscope; picture-in-picture; web-share\" referrerpolicy=\"strict-origin-when-cross-origin\" allowfullscreen><\/iframe>\t\t\t\t\t\t\t\t<\/div>\n\t\t\t\t\t\t\t\t\t\t\t\t\t<\/div>\n\n\t\t\t\t\t\t<div class=\"text\">\n\t\t\t\t\t\t\t<h3>Meet Arielle.<\/h3>\n\t\t\t\t\t\t\t<h2>StimRouter pour la n\u00e9vralgie<\/h2>\t\t\t\t\t\t\t<div class=\"quote\">\n\t\t\t\t\t\t\t\t<p>Une fois allum\u00e9, je me suis lev\u00e9 dans le bureau de mon m\u00e9decin et la douleur avait disparu. J&rsquo;\u00e9tais pieds nus dans le bureau et je n&rsquo;avais plus mal. Et c&rsquo;\u00e9tait comme une ampoule allum\u00e9e. \u00ab\u00a0Oh mon Dieu, je n&rsquo;ai plus de douleur\u00a0\u00bb &#8211; quelque chose que j&rsquo;ai attendu 10 ans pour enfin ressentir. C&rsquo;\u00e9tait incroyable.<\/p>\n\t\t\t\t\t\t\t<\/div>\n\n\t\t\t\t\t\t\t<a href=\"https:\/\/stimrouter.com\/fr\/patient-story\/arielles-story-neuralgia\/\" class=\"read-more\">Read The Story<\/a>\n\t\t\t\t\t\t<\/div>\n\n\t\t\t\t\t<\/div>\n\t\t\t\t\t\t\t\t\t\t<div class=\"story\">\n\n\t\t\t\t\t\t<div class=\"video-image\">\n\n\t\t\t\t\t\t\t\t\t\t\t\t\t\t\t<div class=\"video-modal-preview\" style=\"background-image: url(https:\/\/stimrouter.com\/wp-content\/uploads\/2020\/07\/Screen-Shot-2020-06-11-at-8.00.51-AM-1024x577.png);\">\n\t\t\t\t\t\t\t\t  <iframe loading=\"lazy\" title=\"Kaye | StimRouter Patient Testimonial\" width=\"640\" height=\"360\" src=\"https:\/\/www.youtube.com\/embed\/nH1-eLzLiIk?feature=oembed\" frameborder=\"0\" allow=\"accelerometer; autoplay; clipboard-write; encrypted-media; gyroscope; picture-in-picture; web-share\" referrerpolicy=\"strict-origin-when-cross-origin\" allowfullscreen><\/iframe>\t\t\t\t\t\t\t\t<\/div>\n\t\t\t\t\t\t\t\t\t\t\t\t\t<\/div>\n\n\t\t\t\t\t\t<div class=\"text\">\n\t\t\t\t\t\t\t<h3>Meet Kaye.<\/h3>\n\t\t\t\t\t\t\t<h2>StimRouter pour les douleurs d\u00e9bilitantes<\/h2>\t\t\t\t\t\t\t<div class=\"quote\">\n\t\t\t\t\t\t\t\t<p><span style=\"font-weight: 400;\">J&rsquo;ai \u00e9t\u00e9 surpris de voir \u00e0 quel point le StimRouter fonctionnait bien. C&rsquo;\u00e9tait un sauveur de vie. Quand vous \u00eates une personne active comme moi et que tout d&rsquo;un coup votre corps ne fonctionne plus et que vous souffrez constamment, c&rsquo;est tr\u00e8s dur. Maintenant, je n&rsquo;ai plus de douleur.<\/span><\/p>\n\t\t\t\t\t\t\t<\/div>\n\n\t\t\t\t\t\t\t<a href=\"https:\/\/stimrouter.com\/fr\/patient-story\/kayes-story-debilitating-pain\/\" class=\"read-more\">Read The Story<\/a>\n\t\t\t\t\t\t<\/div>\n\n\t\t\t\t\t<\/div>\n\t\t\t\t\t\t\t\t\t\t<div class=\"story\">\n\n\t\t\t\t\t\t<div class=\"video-image\">\n\n\t\t\t\t\t\t\t\t\t\t\t\t\t\t\t<div class=\"video-modal-preview\" style=\"background-image: url(https:\/\/stimrouter.com\/wp-content\/uploads\/2020\/07\/Screen-Shot-2020-07-10-at-4.05.23-PM-e1594416766363-1024x554.png);\">\n\t\t\t\t\t\t\t\t  <iframe loading=\"lazy\" title=\"Lucina | StimRouter Patient Testimonial\" width=\"640\" height=\"360\" src=\"https:\/\/www.youtube.com\/embed\/vm1TWrTaEEQ?feature=oembed\" frameborder=\"0\" allow=\"accelerometer; autoplay; clipboard-write; encrypted-media; gyroscope; picture-in-picture; web-share\" referrerpolicy=\"strict-origin-when-cross-origin\" allowfullscreen><\/iframe>\t\t\t\t\t\t\t\t<\/div>\n\t\t\t\t\t\t\t\t\t\t\t\t\t<\/div>\n\n\t\t\t\t\t\t<div class=\"text\">\n\t\t\t\t\t\t\t<h3>Meet  Lucina.<\/h3>\n\t\t\t\t\t\t\t<h2>StimRouter pour les douleurs chroniques \u00e0 l&rsquo;\u00e9paule<\/h2>\t\t\t\t\t\t\t<div class=\"quote\">\n\t\t\t\t\t\t\t\t<p><span style=\"font-weight: 400;\">C&rsquo;\u00e9tait incroyable. Lorsque le m\u00e9decin l&rsquo;a allum\u00e9, la douleur a disparu et maintenant tout ce que je ressens est un l\u00e9ger picotement de mon \u00e9paule. Maintenant, je peux bouger mon bras, le soulever et faire des exercices avec l&rsquo;aide de mon th\u00e9rapeute et la douleur a totalement disparu.<\/span><\/p>\n\t\t\t\t\t\t\t<\/div>\n\n\t\t\t\t\t\t\t<a href=\"https:\/\/stimrouter.com\/fr\/patient-story\/lucinas-story-chronic-shoulder-pain-following-a-stroke\/\" class=\"read-more\">Read The Story<\/a>\n\t\t\t\t\t\t<\/div>\n\n\t\t\t\t\t<\/div>\n\t\t\t\t\t\t\t\t\t\t<div class=\"story\">\n\n\t\t\t\t\t\t<div class=\"video-image\">\n\n\t\t\t\t\t\t\t\t\t\t\t\t\t\t\t<div class=\"video-modal-preview\" style=\"background-image: url(https:\/\/stimrouter.com\/wp-content\/uploads\/2020\/07\/Screen-Shot-2020-07-15-at-2.54.12-PM-1024x650.png);\">\n\t\t\t\t\t\t\t\t  <iframe loading=\"lazy\" title=\"Anna | StimRouter Patient Testimonial\" width=\"640\" height=\"360\" src=\"https:\/\/www.youtube.com\/embed\/F6ajFKGbnVM?feature=oembed\" frameborder=\"0\" allow=\"accelerometer; autoplay; clipboard-write; encrypted-media; gyroscope; picture-in-picture; web-share\" referrerpolicy=\"strict-origin-when-cross-origin\" allowfullscreen><\/iframe>\t\t\t\t\t\t\t\t<\/div>\n\t\t\t\t\t\t\t\t\t\t\t\t\t<\/div>\n\n\t\t\t\t\t\t<div class=\"text\">\n\t\t\t\t\t\t\t<h3>Meet Anna.<\/h3>\n\t\t\t\t\t\t\t<h2>StimRouter pour la neuropathie p\u00e9riph\u00e9rique<\/h2>\t\t\t\t\t\t\t<div class=\"quote\">\n\t\t\t\t\t\t\t\t<p><span style=\"font-weight: 400;\">Je ressens enfin ce qu&rsquo;une personne normale et en bonne sant\u00e9 devrait ressentir\u2026 Cela m&rsquo;a d\u00e9finitivement aid\u00e9 \u00e0 me remettre dans le rythme des choses.<\/span><\/p>\n\t\t\t\t\t\t\t<\/div>\n\n\t\t\t\t\t\t\t<a href=\"https:\/\/stimrouter.com\/fr\/patient-story\/annas-story-peripheral-neuropathy\/\" class=\"read-more\">Read The Story<\/a>\n\t\t\t\t\t\t<\/div>\n\n\t\t\t\t\t<\/div>\n\t\t\t\t\t\t\t\t\t\t<div class=\"story\">\n\n\t\t\t\t\t\t<div class=\"video-image\">\n\n\t\t\t\t\t\t\t\t\t\t\t\t\t\t\t<div class=\"portrait\" style=\"background-image: url(https:\/\/stimrouter.com\/wp-content\/uploads\/2020\/07\/julie-thumbnail.jpg);\"><\/div>\n\t\t\t\t\t\t\t\t\t\t\t\t\t<\/div>\n\n\t\t\t\t\t\t<div class=\"text\">\n\t\t\t\t\t\t\t<h3>Meet Julie.<\/h3>\n\t\t\t\t\t\t\t<h2>StimRouter pour les douleurs cons\u00e9cutives \u00e0 un AVC<\/h2>\t\t\t\t\t\t\t<div class=\"quote\">\n\t\t\t\t\t\t\t\t<p>StimRouter lui a donn\u00e9 un second souffle; avant cela, nous parlions d&rsquo;amputation, en d\u00e9battant vraiment s\u00e9rieusement. C&rsquo;est un long chemin quoi qu&rsquo;il arrive, mais au moins maintenant il y a une lumi\u00e8re au bout du tunnel.<\/p>\n\t\t\t\t\t\t\t<\/div>\n\n\t\t\t\t\t\t\t<a href=\"https:\/\/stimrouter.com\/fr\/patient-story\/julies-story-caregivers-perspective\/\" class=\"read-more\">Read The Story<\/a>\n\t\t\t\t\t\t<\/div>\n\n\t\t\t\t\t<\/div>\n\t\t\t\t\t\t\t\t\t\t<div class=\"story\">\n\n\t\t\t\t\t\t<div class=\"video-image\">\n\n\t\t\t\t\t\t\t\t\t\t\t\t\t\t\t<div class=\"portrait\" style=\"background-image: url(https:\/\/stimrouter.com\/wp-content\/uploads\/2020\/07\/joe-thumbnail-cropped.jpg);\"><\/div>\n\t\t\t\t\t\t\t\t\t\t\t\t\t<\/div>\n\n\t\t\t\t\t\t<div class=\"text\">\n\t\t\t\t\t\t\t<h3>Meet Joe.<\/h3>\n\t\t\t\t\t\t\t<h2>StimRouter pour les douleurs chroniques de l&rsquo;\u00e9paule<\/h2>\t\t\t\t\t\t\t<div class=\"quote\">\n\t\t\t\t\t\t\t\t<p><span style=\"font-weight: 400;\">J&rsquo;ai eu mon AVC il y a 14 ans et j&rsquo;ai souffert de douleurs chroniques \u00e0 l&rsquo;\u00e9paule apr\u00e8s un AVC. J&rsquo;ai tout essay\u00e9 pour soulager la douleur. Avant StimRouter, je dirais que ma douleur a d\u00e9pass\u00e9 l&rsquo;\u00e9chelle &#8211; au-dessus de dix \u00e0 coup s\u00fbr &#8211; parce que ma douleur \u00e9tait vraiment intense. Parfois, \u00e7a faisait mal de respirer. Maintenant, avec l&rsquo;aide de StimRouter, ma douleur n&rsquo;est que de 2 ou 3 au maximum.<\/span><\/p>\n\t\t\t\t\t\t\t<\/div>\n\n\t\t\t\t\t\t\t<a href=\"https:\/\/stimrouter.com\/fr\/patient-story\/joes-story-life-without-pain\/\" class=\"read-more\">Read The Story<\/a>\n\t\t\t\t\t\t<\/div>\n\n\t\t\t\t\t<\/div>\n\t\t\t\t\t\t\t\t\t\t<div class=\"story\">\n\n\t\t\t\t\t\t<div class=\"video-image\">\n\n\t\t\t\t\t\t\t\t\t\t\t\t\t\t\t<div class=\"portrait\" style=\"background-image: url(https:\/\/stimrouter.com\/wp-content\/uploads\/2020\/07\/Lenore.jpg);\"><\/div>\n\t\t\t\t\t\t\t\t\t\t\t\t\t<\/div>\n\n\t\t\t\t\t\t<div class=\"text\">\n\t\t\t\t\t\t\t<h3>Meet Lenore.<\/h3>\n\t\t\t\t\t\t\t<h2>StimRouter pour les douleurs post-op\u00e9ratoires du genou<\/h2>\t\t\t\t\t\t\t<div class=\"quote\">\n\t\t\t\t\t\t\t\t<p><span style=\"font-weight: 400;\">Je recommande StimRouter \u00e0 tout le monde\u2026 vous vous moquez de moi ? Cela m&rsquo;a sauv\u00e9 la vie. Je ne voulais plus me lever. C&rsquo;est une chose horrible, horrible d&rsquo;\u00eatre invalide. Maintenant, j&rsquo;ai de nouveau une vie.<\/span><\/p>\n\t\t\t\t\t\t\t<\/div>\n\n\t\t\t\t\t\t\t<a href=\"https:\/\/stimrouter.com\/fr\/patient-story\/lenores-story-post-surgery-knee-pain\/\" class=\"read-more\">Read The Story<\/a>\n\t\t\t\t\t\t<\/div>\n\n\t\t\t\t\t<\/div>\n\t\t\t\t\t\t\t\t\t\t<div class=\"story\">\n\n\t\t\t\t\t\t<div class=\"video-image\">\n\n\t\t\t\t\t\t\t\t\t\t\t\t\t\t\t<div class=\"portrait\" style=\"background-image: url(https:\/\/stimrouter.com\/wp-content\/uploads\/2020\/07\/MichaelKosh.jpg);\"><\/div>\n\t\t\t\t\t\t\t\t\t\t\t\t\t<\/div>\n\n\t\t\t\t\t\t<div class=\"text\">\n\t\t\t\t\t\t\t<h3>Meet Michael.<\/h3>\n\t\t\t\t\t\t\t<h2>StimRouter pour les douleurs h\u00e9mipl\u00e9giques de l&rsquo;\u00e9paule<\/h2>\t\t\t\t\t\t\t<div class=\"quote\">\n\t\t\t\t\t\t\t\t<p><span style=\"font-weight: 400;\">Je suis \u00e9tonn\u00e9 de voir \u00e0 quel point la mobilit\u00e9 est revenue et j&rsquo;ai h\u00e2te de revoir ma famille pendant les vacances, de leur montrer de quoi je suis capable\u2026 ils ne vont pas le croire.<\/span><\/p>\n\t\t\t\t\t\t\t<\/div>\n\n\t\t\t\t\t\t\t<a href=\"https:\/\/stimrouter.com\/fr\/patient-story\/michaels-story-hemiplegic-shoulder-pain\/\" class=\"read-more\">Read The Story<\/a>\n\t\t\t\t\t\t<\/div>\n\n\t\t\t\t\t<\/div>\n\t\t\t\t\t\t\t\t\t\t<div class=\"story\">\n\n\t\t\t\t\t\t<div class=\"video-image\">\n\n\t\t\t\t\t\t\t\t\t\t\t\t\t\t\t<div class=\"portrait\" style=\"background-image: url(https:\/\/stimrouter.com\/wp-content\/uploads\/2020\/07\/walter-thumbnail.jpg);\"><\/div>\n\t\t\t\t\t\t\t\t\t\t\t\t\t<\/div>\n\n\t\t\t\t\t\t<div class=\"text\">\n\t\t\t\t\t\t\t<h3>Meet Walter.<\/h3>\n\t\t\t\t\t\t\t<h2>StimRouter pour les douleurs chroniques de l&rsquo;\u00e9paule<\/h2>\t\t\t\t\t\t\t<div class=\"quote\">\n\t\t\t\t\t\t\t\t<p><span style=\"font-weight: 400;\">Avant StimRouter, je ne pouvais pas mettre mon bras au-dessus de ma t\u00eate car la douleur \u00e9tait trop intense. Maintenant, je peux le passer au-dessus de ma t\u00eate. J&rsquo;ai m\u00eame remarqu\u00e9 que j&rsquo;avais un certain soulagement de la douleur lorsque je ne portais pas mon StimRouter.<\/span><\/p>\n\t\t\t\t\t\t\t<\/div>\n\n\t\t\t\t\t\t\t<a href=\"https:\/\/stimrouter.com\/fr\/patient-story\/walters-story-untouchable-shoulder\/\" class=\"read-more\">Read The Story<\/a>\n\t\t\t\t\t\t<\/div>\n\n\t\t\t\t\t<\/div>\n\t\t\t\t\t\t\t\t\t\t<div class=\"story\">\n\n\t\t\t\t\t\t<div class=\"video-image\">\n\n\t\t\t\t\t\t\t\t\t\t\t\t\t\t\t<div class=\"portrait\" style=\"background-image: url(https:\/\/stimrouter.com\/wp-content\/uploads\/2020\/07\/nadege_cropped.jpg);\"><\/div>\n\t\t\t\t\t\t\t\t\t\t\t\t\t<\/div>\n\n\t\t\t\t\t\t<div class=\"text\">\n\t\t\t\t\t\t\t<h3>Meet Nadege.<\/h3>\n\t\t\t\t\t\t\t<h2>StimRouter pour les douleurs \u00e0 l&rsquo;\u00e9paule cons\u00e9cutives \u00e0 l\u2019AVC<\/h2>\t\t\t\t\t\t\t<div class=\"quote\">\n\t\t\t\t\t\t\t\t<p><span style=\"font-weight: 400;\">J&rsquo;avais mal aux deux \u00e9paules, mais nous avons d\u00e9cid\u00e9 d&rsquo;essayer StimRouter pour mon \u00e9paule gauche, car la douleur \u00e9tait vraiment intense. Maintenant, je peux me d\u00e9placer et exercer mon bras sans aucun probl\u00e8me &#8211; je ne peux pas me plaindre. Avant la proc\u00e9dure, ma douleur \u00e9tait de 9 ou 10, mais maintenant ma douleur a parfaitement diminu\u00e9.<\/span><\/p>\n\t\t\t\t\t\t\t<\/div>\n\n\t\t\t\t\t\t\t<a href=\"https:\/\/stimrouter.com\/fr\/patient-story\/nadeges-story-post-stroke-shoulder-pain\/\" class=\"read-more\">Read The Story<\/a>\n\t\t\t\t\t\t<\/div>\n\n\t\t\t\t\t<\/div>\n\t\t\t\t\t\t\t\t\t\t<div class=\"story\">\n\n\t\t\t\t\t\t<div class=\"video-image\">\n\n\t\t\t\t\t\t\t\t\t\t\t\t\t\t\t<div class=\"portrait\" style=\"background-image: url(https:\/\/stimrouter.com\/wp-content\/uploads\/2020\/07\/shirley_tn.jpg);\"><\/div>\n\t\t\t\t\t\t\t\t\t\t\t\t\t<\/div>\n\n\t\t\t\t\t\t<div class=\"text\">\n\t\t\t\t\t\t\t<h3>Meet Shirley.<\/h3>\n\t\t\t\t\t\t\t<h2>StimRouter pour les douleurs chroniques aux jambes<\/h2>\t\t\t\t\t\t\t<div class=\"quote\">\n\t\t\t\t\t\t\t\t<p><span style=\"font-weight: 400;\">Avant le StimRouter, ma jambe \u00e9tait si mauvaise et il \u00e9tait difficile de marcher, mais apr\u00e8s le StimRouter, j&rsquo;ai march\u00e9 environ deux milles avec ma fille et elle a dit: \u00ab\u00a0Maman, je suis tellement contente que \u00e7a marche pour toi et maintenant je suis va devoir travailler dur pour vous suivre.<\/span><\/p>\n\t\t\t\t\t\t\t<\/div>\n\n\t\t\t\t\t\t\t<a href=\"https:\/\/stimrouter.com\/fr\/patient-story\/shirleys-story-leg-pain\/\" class=\"read-more\">Read The Story<\/a>\n\t\t\t\t\t\t<\/div>\n\n\t\t\t\t\t<\/div>\n\t\t\t\t\t\n\t\t<\/div>\n\n\n\t\t<div class=\"footnote-container\"><p>StimRouter a fonctionn\u00e9 pour ces patients, mais les r\u00e9sultats individuels peuvent varier. Il n&rsquo;est disponible que sur ordonnance. Le syst\u00e8me de neuromodulation StimRouter est indiqu\u00e9 pour le traitement de la douleur chez les adultes souffrant de douleurs chroniques s\u00e9v\u00e8res et rebelles, d&rsquo;origine nerveuse p\u00e9riph\u00e9rique, en compl\u00e9ment d&rsquo;autres modes de traitement (par exemple, m\u00e9dicaments). StimRouter n&rsquo;est pas destin\u00e9 \u00e0 traiter les douleurs de la r\u00e9gion cr\u00e2nio-faciale. StimRouter est contre-indiqu\u00e9 chez les patients qui ont un dispositif implant\u00e9 actif, tel qu&rsquo;un stimulateur cardiaque ou un d\u00e9fibrillateur implant\u00e9s sur demande ou un implant m\u00e9tallique dans la zone imm\u00e9diate pr\u00e9vue pour l&rsquo;implantation. Pour obtenir des renseignements concernant le mode d&#8217;emploi complet, l\u2019entreposage, les mises en garde, les indications, les contre-indications, les pr\u00e9cautions, les effets ind\u00e9sirables et l&rsquo;exclusion de garantie, veuillez vous reporter \u00e0 la notice accompagnant chaque produit ou en ligne \u00e0 l&rsquo;adresse <a href=\"https:\/\/stimrouter.com\/fr\/\">www.stimrouter.com<\/a>.<\/p>\n<\/div>\n\t<\/div>\n<\/div>\n\n\n\n<style>\n\t@media (min-width: 768px) {\n\t\t.columns__row > .columns__column.columns__column--1 {\n\t\t\twidth: 100%;\n\t\t}\n\t}\n<\/style>\n\n<div id=\"acf\/columns-block_e26870d255ec97c235f390d8bb269205\" class=\"pxblock pxblock--columns columns\">\n\t\n\t<div class=\"container\">\n\t\t\n\t\t<div class=\"columns__row\">\n\t\t\t\t\t\t\t<div class=\"columns__column columns__column--1\">\n\t\t\t\t\t\t\t\t\t\t\t<div class=\"card\">\n\t\t\t\t\t\t\t<img loading=\"lazy\" decoding=\"async\" width=\"96\" height=\"96\" src=\"https:\/\/stimrouter.com\/wp-content\/uploads\/2020\/07\/Podcast-4.png\" class=\"card__icon\" alt=\"\" \/>\n\t\t\t\t\t\t\t<div class=\"card__content\"><h4 style=\"text-align: center;\">Podcast des patients<\/h4>\n<p style=\"text-align: center;\">Les patients utilisant StimRouter PNS discutent de leur parcours li\u00e9 \u00e0 la douleur chronique.\/p&gt;<\/p>\n<p style=\"text-align: center;\"><a class=\"pxbutton pxbutton--secondary href=\" href=\"https:\/\/youtu.be\/xwPFbP2cK4I\">\u00c9COUTEZ MAINTENANT<\/a><\/p>\n<p>&nbsp;<\/p>\n<\/div>\n\t\t\t\t\t\t<\/div>\n\t\t\t\t\t\t\t\t\t<\/div>\n\t\t\t\t\t<\/div>\n\t<\/div>\n<\/div>\n","protected":false},"excerpt":{"rendered":"","protected":false},"author":29,"featured_media":0,"parent":6008,"menu_order":0,"comment_status":"closed","ping_status":"closed","template":"","meta":{"_acf_changed":false,"footnotes":""},"class_list":["post-6015","page","type-page","status-publish","hentry"],"acf":[],"_links":{"self":[{"href":"https:\/\/stimrouter.com\/fr\/wp-json\/wp\/v2\/pages\/6015","targetHints":{"allow":["GET"]}}],"collection":[{"href":"https:\/\/stimrouter.com\/fr\/wp-json\/wp\/v2\/pages"}],"about":[{"href":"https:\/\/stimrouter.com\/fr\/wp-json\/wp\/v2\/types\/page"}],"author":[{"embeddable":true,"href":"https:\/\/stimrouter.com\/fr\/wp-json\/wp\/v2\/users\/29"}],"replies":[{"embeddable":true,"href":"https:\/\/stimrouter.com\/fr\/wp-json\/wp\/v2\/comments?post=6015"}],"version-history":[{"count":0,"href":"https:\/\/stimrouter.com\/fr\/wp-json\/wp\/v2\/pages\/6015\/revisions"}],"up":[{"embeddable":true,"href":"https:\/\/stimrouter.com\/fr\/wp-json\/wp\/v2\/pages\/6008"}],"wp:attachment":[{"href":"https:\/\/stimrouter.com\/fr\/wp-json\/wp\/v2\/media?parent=6015"}],"curies":[{"name":"wp","href":"https:\/\/api.w.org\/{rel}","templated":true}]}}