{"id":6013,"date":"2020-07-14T00:07:52","date_gmt":"2020-07-14T07:07:52","guid":{"rendered":"https:\/\/stimrouter.com\/patients-targeted-relief\/how-stimrouter-works\/"},"modified":"2023-03-29T08:19:21","modified_gmt":"2023-03-29T15:19:21","slug":"how-stimrouter-works","status":"publish","type":"page","link":"https:\/\/stimrouter.com\/fr\/patients-targeted-relief\/how-stimrouter-works\/","title":{"rendered":"How StimRouter Works"},"content":{"rendered":"\n<div id=\"acf\/banner-block_728997210731319310497e4fd50a6c5b\" class=\"pxblock pxblock--banner banner text-color--light height--short\">\n\t\n\t<div class=\"container\">\n\t\t\t\t\t<div class=\"banner__content\">\n\t\t\t\t<h1>Comment StimRouter PNS fonctionne-t-il ?<\/h1>\n\t\t\t<\/div>\n\t\t\t<\/div>\n\n\t\t\t<img decoding=\"async\" class=\"banner__wave\" src=\"\/wp-content\/themes\/stimrouter\/assets\/images\/wave-image.svg\">\n\t<\/div>\n\n\n\n<div id=\"acf\/video-content-block_355a2419d2f7d2ad7969b3ea5dedb3c6\" class=\"pxblock pxblock--video-content video-content vc\">\n\t\n\t<div class=\"vc__container\">\n\t\t<h2 class=\"vc__heading\">Proc\u00e9dure axillaire de StimRouter PNS <\/h2>\n\n\t\t<div class=\"video-modal-preview\" style=\"background-image: url(https:\/\/stimrouter.com\/wp-content\/uploads\/2023\/03\/Screen-Shot-2020-07-29-at-2.36.16-PM-e1596051921272.png);\">\n\t\t\t<iframe loading=\"lazy\" title=\"StimRouter Procedure Animation | Axillary Nerve\" width=\"640\" height=\"360\" src=\"https:\/\/www.youtube.com\/embed\/kleC07Qj8yM?feature=oembed\" frameborder=\"0\" allow=\"accelerometer; autoplay; clipboard-write; encrypted-media; gyroscope; picture-in-picture; web-share\" referrerpolicy=\"strict-origin-when-cross-origin\" allowfullscreen><\/iframe>\t\t<\/div>\n\n\t\t<p class=\"vc__description\">La sonde StimRouter est implant\u00e9e au cours d&rsquo;une proc\u00e9dure ambulatoire peu invasive sous anesth\u00e9sie locale. La proc\u00e9dure StimRouter est moins invasive que les options chirurgicales telles que la stimulation de la moelle \u00e9pini\u00e8re et il n&rsquo;y a pas de g\u00e9n\u00e9rateur d&rsquo;impulsions implant\u00e9, car l&rsquo;\u00e9metteur d&rsquo;impulsions StimRouter se trouve \u00e0 l&rsquo;ext\u00e9rieur du corps. La s\u00e9curit\u00e9 conditionnelle de StimRouter en mati\u00e8re d&rsquo;IRM minimise les restrictions sur les futurs tests de diagnostic.<\/p>\n\t\t\t<\/div>\n<\/div>\n\n\n<div id=\"acf\/image-and-content-block_b913be7479892b0b8b7f613a960559eb\" class=\"pxblock pxblock--image-and-content ic ic--contained\">\n\t\n\t<div class=\"ic__container container\">\t\t<div class=\"ic__row\">\n\t\t\t<div class=\"ic__column ic__column--image ic__column--image-right\">\n\t\t\t\t<img loading=\"lazy\" decoding=\"async\" width=\"630\" height=\"1000\" src=\"https:\/\/stimrouter.com\/wp-content\/uploads\/2020\/07\/Implant_Locations_2_@2x-e1596219400949.png\" class=\"ic__image\" alt=\"\" \/>\t\t\t<\/div>\n\t\t\t<div class=\"ic__column ic__column--content ic__column--content-left\">\n\t\t\t\t<div class=\"ic__content\"><h2>Types de douleurs trait\u00e9s par StimRouter PNS<\/h2>\n<p><span style=\"font-weight: 400;\">StimRouter est indiqu\u00e9 pour le traitement de la douleur chez les adultes qui pr\u00e9sentent une douleur chronique s\u00e9v\u00e8re et rebelle, d&rsquo;origine nerveuse p\u00e9riph\u00e9rique, en compl\u00e9ment d&rsquo;autres modes de traitement (par exemple, les m\u00e9dicaments). StimRouter n&rsquo;est pas destin\u00e9 \u00e0 traiter la douleur dans la r\u00e9gion cr\u00e2nio-faciale. En raison de sa petite taille, le dispositif peut \u00eatre implant\u00e9 \u00e0 de nombreux endroits sur les bras, les jambes et le torse afin de soulager de mani\u00e8re cibl\u00e9e vos sympt\u00f4mes.<\/span><\/p>\n<p><span style=\"font-weight: 400;\">Les applications peuvent inclure les \u00e9tats douloureux chroniques situ\u00e9s au niveau des endroits suivants ou y aff\u00e9rents :<\/span><\/p>\n<ul>\n<li style=\"font-weight: 400;\"><span style=\"font-weight: 400;\">Membres sup\u00e9rieurs ou inf\u00e9rieurs<\/span><\/li>\n<li style=\"font-weight: 400;\"><span style=\"font-weight: 400;\">Syndromes de pi\u00e9geage<\/span><\/li>\n<li style=\"font-weight: 400;\"><span style=\"font-weight: 400;\">N\u00e9vralgies intercostales<\/span><\/li>\n<li style=\"font-weight: 400;\"><span style=\"font-weight: 400;\">Autres blessures ou maladies p\u00e9riph\u00e9riques<\/span><\/li>\n<\/ul>\n<\/div>\n\t\t\t<\/div>\n\t\t<\/div>\n\t<\/div>\t<!-- \/.container -->\n<\/div>\n\n\n\n<div id=\"acf\/text-block_af9b7f88d20255d432bfad06964654da\" class=\"pxblock pxblock--text text width--default\">\n\t\n\t<div class=\"container\">\n\t\t<h2>Programmation de la douleur<\/h2>\n<p><span style=\"font-weight: 400;\">Le syst\u00e8me de programmation de StimRouter est con\u00e7u pour \u00eatre simple et intuitif. L&rsquo;interface de l\u2019utilisateur pr\u00e9sente une navigation simple et des boutons, onglets et menus d\u00e9roulants faciles \u00e0 utiliser. Votre m\u00e9decin programmera votre syst\u00e8me avec diff\u00e9rents param\u00e8tres pour vous aider \u00e0 obtenir un soulagement optimal.<\/span><\/p>\n<p>&nbsp;<\/p>\n<p><span style=\"font-weight: 400;\">Le programmateur du clinicien stocke les informations sur la stimulation du patient et les donn\u00e9es d&rsquo;utilisation pour une r\u00e9cup\u00e9ration et une analyse faciles, afin que vous puissiez en discuter lors de votre prochain rendez-vous.<\/span><\/p>\n<h3><\/h3>\n<p>&nbsp;<\/p>\n\t<\/div>\n<\/div>\n\n\n\n<div id=\"acf\/text-block_2574de7dc2bc6564bc2d99beaa5d43a0\" class=\"pxblock pxblock--text text width--default\">\n\t\n\t<div class=\"container\">\n\t\t<h2>Contr\u00f4le de la douleur \u00e0 long terme<\/h2>\n<p><span style=\"font-weight: 400;\">StimRouter vous permet de contr\u00f4ler la prise en charge de votre douleur gr\u00e2ce aux composants du syst\u00e8me :<\/span><\/p>\n<p>&nbsp;<\/p>\n<h3>\u00c9metteur externe d&rsquo;impulsions (\u00c9EI) et \u00ab patch \u00bb jetable de l\u2019utilisateur<\/h3>\n<p><b> <\/b><span style=\"font-weight: 400;\">L&rsquo;\u00c9EI est le \u00ab cerveau \u00bb du syst\u00e8me StimRouter. Il envoie des signaux \u00e9lectriques \u00e0 travers la peau jusqu&rsquo;\u00e0 la sonde StimRouter implant\u00e9e. L&rsquo;\u00c9EI peut stocker jusqu&rsquo;\u00e0 huit programmes de stimulation personnalis\u00e9s et offrir aux patients diverses options de traitement en fonction de leur activit\u00e9 et \/ ou de leur niveau de douleur. L&rsquo;\u00c9EI se fixe sur le timbre transdermique (\u00ab patch \u00bb) jetable de l\u2019utilisateur, transmettant la stimulation par le biais du \u00ab patch \u00bb d\u2019\u00e9lectrodes en gel.<\/span><\/p>\n<p>&nbsp;<\/p>\n<h3>Programmateur du patient<\/h3>\n<p><span style=\"font-weight: 400;\">Petit et discret, le programmateur du patient se glisse facilement dans la main ou la poche et est con\u00e7u pour \u00eatre emport\u00e9 partout o\u00f9 le patient veut aller. Une connexion sans fil entre le programmateur du patient et l&rsquo;\u00c9EI permet aux patients d&rsquo;activer \/ d\u00e9sactiver facilement la stimulation, d&rsquo;augmenter \/ diminuer l&rsquo;intensit\u00e9 de la stimulation et de s\u00e9lectionner jusqu&rsquo;\u00e0 huit programmes de stimulation m\u00e9moris\u00e9s et personnalis\u00e9s. L&rsquo;\u00e9cran du programmateur du patient permet aux patients de surveiller et de g\u00e9rer leurs programmes de stimulation et leur niveau d&rsquo;intensit\u00e9 de stimulation.<\/span><\/p>\n\t<\/div>\n<\/div>\n\n\n\n<style>\n\t@media (min-width: 768px) {\n\t\t.columns__row > .columns__column.columns__column--1 {\n\t\t\twidth: 100%;\n\t\t}\n\t}\n<\/style>\n\n<div id=\"acf\/columns-block_0570928822208d17d78498325a2e8122\" class=\"pxblock pxblock--columns columns\">\n\t\n\t<div class=\"container\">\n\t\t\n\t\t<div class=\"columns__row\">\n\t\t\t\t\t\t\t<div class=\"columns__column columns__column--1\">\n\t\t\t\t\t\t\t\t\t\t\t<div class=\"card\">\n\t\t\t\t\t\t\t<img loading=\"lazy\" decoding=\"async\" width=\"96\" height=\"96\" src=\"https:\/\/stimrouter.com\/wp-content\/uploads\/2020\/07\/Doctor-3.png\" class=\"card__icon\" alt=\"\" \/>\n\t\t\t\t\t\t\t<div class=\"card__content\"><h4 style=\"text-align: center;\">StimRouter PNS vous int\u00e9resse-t-il ?<\/h4>\n<p style=\"text-align: center;\">Nous pouvons vous aider \u00e0 trouver un m\u00e9decin qui peut vous en dire davantage.<\/p>\n<p style=\"text-align: center;\"><a class=\"pxbutton pxbutton--secondary\" href=\"https:\/\/stimrouter.com\/fr\/find-a-physician\/\">TROUVER UN M\u00c9DECIN<\/a><\/p>\n<\/div>\n\t\t\t\t\t\t<\/div>\n\t\t\t\t\t\t\t\t\t<\/div>\n\t\t\t\t\t<\/div>\n\t<\/div>\n<\/div>\n\n\n\n<div id=\"acf\/text-block_68c570e08433cede5b7641abea178b3d\" class=\"pxblock pxblock--text text\">\n\t\n\t<div class=\"container\">\n\t\t<p><small class=\"footnote\"><span style=\"font-weight: 400;\">Rx Only. The StimRouter Neuromodulation System is indicated for pain management in adults who have severe intractable chronic pain of peripheral nerve origin, as an adjunct to other modes of therapy (e.g. medications). The StimRouter is not intended to treat pain in the craniofacial region. StimRouter is contraindicated in patients who have any active implanted device such as an implanted demand cardiac pacemaker or defibrillator, or metallic implant in the immediate area intended for implant. For complete instructions for use, storage, warnings, indications, contraindications, precautions, adverse reactions and disclaimer of warranties, please refer to the insert accompanying each product or online at <\/span><a href=\"http:\/\/www.stimrouter.com\"><span style=\"font-weight: 400;\">www.stimrouter.com<\/span><\/a><span style=\"font-weight: 400;\">.<\/span><\/small><\/p>\n\t<\/div>\n<\/div>\n","protected":false},"excerpt":{"rendered":"","protected":false},"author":29,"featured_media":0,"parent":5887,"menu_order":0,"comment_status":"closed","ping_status":"closed","template":"","meta":{"_acf_changed":false,"footnotes":""},"class_list":["post-6013","page","type-page","status-publish","hentry"],"acf":[],"_links":{"self":[{"href":"https:\/\/stimrouter.com\/fr\/wp-json\/wp\/v2\/pages\/6013","targetHints":{"allow":["GET"]}}],"collection":[{"href":"https:\/\/stimrouter.com\/fr\/wp-json\/wp\/v2\/pages"}],"about":[{"href":"https:\/\/stimrouter.com\/fr\/wp-json\/wp\/v2\/types\/page"}],"author":[{"embeddable":true,"href":"https:\/\/stimrouter.com\/fr\/wp-json\/wp\/v2\/users\/29"}],"replies":[{"embeddable":true,"href":"https:\/\/stimrouter.com\/fr\/wp-json\/wp\/v2\/comments?post=6013"}],"version-history":[{"count":0,"href":"https:\/\/stimrouter.com\/fr\/wp-json\/wp\/v2\/pages\/6013\/revisions"}],"up":[{"embeddable":true,"href":"https:\/\/stimrouter.com\/fr\/wp-json\/wp\/v2\/pages\/5887"}],"wp:attachment":[{"href":"https:\/\/stimrouter.com\/fr\/wp-json\/wp\/v2\/media?parent=6013"}],"curies":[{"name":"wp","href":"https:\/\/api.w.org\/{rel}","templated":true}]}}