{"id":6008,"date":"2020-07-16T22:19:55","date_gmt":"2020-07-17T05:19:55","guid":{"rendered":"https:\/\/stimrouter.com\/patients-targeted-relief\/patients-chronic-pain\/"},"modified":"2023-01-05T10:48:25","modified_gmt":"2023-01-05T17:48:25","slug":"patients-chronic-pain","status":"publish","type":"page","link":"https:\/\/stimrouter.com\/fr\/patients-targeted-relief\/patients-chronic-pain\/","title":{"rendered":"Patients StimRouter for Chronic Pain"},"content":{"rendered":"\n<div id=\"acf\/banner-block_672a4576449a47d1d1617aeafb72aa89\" class=\"pxblock pxblock--banner banner text-color--light height--short\">\n\t\n\t<div class=\"container\">\n\t\t\t\t\t<div class=\"banner__content\">\n\t\t\t\t<h1>Traitements pour la douleur chronique<\/h1>\n\t\t\t<\/div>\n\t\t\t<\/div>\n\n\t\t\t<img decoding=\"async\" class=\"banner__wave\" src=\"\/wp-content\/themes\/stimrouter\/assets\/images\/wave-image.svg\">\n\t<\/div>\n\n\n<div id=\"acf\/image-and-content-block_4810283338f28bfb0a019da8ff84eaad\" class=\"pxblock pxblock--image-and-content ic ic--contained\">\n\t\n\t<div class=\"ic__container container\">\t\t<div class=\"ic__row\">\n\t\t\t<div class=\"ic__column ic__column--image ic__column--image-right\">\n\t\t\t\t<img loading=\"lazy\" decoding=\"async\" width=\"1120\" height=\"1336\" src=\"https:\/\/stimrouter.com\/wp-content\/uploads\/2020\/07\/09_STIMROUTER_MATT_1422_RT-1.jpg\" class=\"ic__image\" alt=\"\" srcset=\"https:\/\/stimrouter.com\/wp-content\/uploads\/2020\/07\/09_STIMROUTER_MATT_1422_RT-1.jpg 1120w, https:\/\/stimrouter.com\/wp-content\/uploads\/2020\/07\/09_STIMROUTER_MATT_1422_RT-1-251x300.jpg 251w, https:\/\/stimrouter.com\/wp-content\/uploads\/2020\/07\/09_STIMROUTER_MATT_1422_RT-1-858x1024.jpg 858w, https:\/\/stimrouter.com\/wp-content\/uploads\/2020\/07\/09_STIMROUTER_MATT_1422_RT-1-768x916.jpg 768w\" sizes=\"auto, (max-width: 1120px) 100vw, 1120px\" \/>\t\t\t<\/div>\n\t\t\t<div class=\"ic__column ic__column--content ic__column--content-left\">\n\t\t\t\t<div class=\"ic__content\"><h2>Vous souffrez de douleurs chroniques ? Vous n&rsquo;\u00eates pas seul(e).<\/h2>\n<p><span style=\"font-weight: 400;\">La douleur chronique touche des millions d&rsquo;Am\u00e9ricains et le nombre de diagnostics augmente chaque jour. La douleur est consid\u00e9r\u00e9e comme chronique lorsqu&rsquo;elle dure au moins 90 jours. La douleur chronique peut r\u00e9sulter d&rsquo;une blessure, d&rsquo;une op\u00e9ration ou d&rsquo;une maladie et peut avoir un impact significatif sur la qualit\u00e9 de vie des personnes qui en souffrent.<\/span><\/p>\n<p><span style=\"font-weight: 400;\">De nombreux patients souffrant de douleurs chroniques signalent une r\u00e9duction significative de leur qualit\u00e9 de vie. La douleur peut avoir un impact n\u00e9gatif sur la mobilit\u00e9, emp\u00eacher les personnes d&rsquo;effectuer les activit\u00e9s normales de la vie quotidienne et nuire aux relations avec les amis et les proches.<\/span><\/p>\n<\/div>\n\t\t\t<\/div>\n\t\t<\/div>\n\t<\/div>\t<!-- \/.container -->\n<\/div>\n\n\n\n<div id=\"acf\/text-block_ec81ea20a096fb3836f6315291ecf5d0\" class=\"pxblock pxblock--text text width--default\">\n\t\n\t<div class=\"container\">\n\t\t<h2 style=\"text-align: left;\">Traitements de la douleur chronique<\/h2>\n<p><span style=\"font-weight: 400;\">La plupart des programmes de traitement de la douleur chronique commencent par la physioth\u00e9rapie, des m\u00e9dicaments et des injections. Cependant, certaines personnes ne parviennent pas \u00e0 \u00eatre soulag\u00e9es par ces options. La douleur de certains patients les emp\u00eache de s&rsquo;engager pleinement dans la physioth\u00e9rapie, de sorte qu&rsquo;ils ne peuvent en tirer un b\u00e9n\u00e9fice significatif. Les m\u00e9dicaments \u00e0 base d&rsquo;opio\u00efdes ont une longue liste d&rsquo;effets secondaires n\u00e9gatifs et ne sont tout simplement pas une option viable pour certaines personnes.<\/span><\/p>\n<p>&nbsp;<\/p>\n<p><span style=\"font-weight: 400;\">Si vous ne parvenez pas \u00e0 obtenir le soulagement de la douleur que vous souhaitez avec d&rsquo;autres traitements ou si la prise d&rsquo;opio\u00efdes vous inqui\u00e8te, d&rsquo;autres options sont disponibles, notamment la proc\u00e9dure de stimulation nerveuse p\u00e9riph\u00e9rique StimRouter, peu invasive.<\/span><\/p>\n\t<\/div>\n<\/div>\n\n\n<div id=\"acf\/image-and-content-block_b37c7ce1dca17ce0c883b7c1c7cc73c2\" class=\"pxblock pxblock--image-and-content ic ic--contained\">\n\t\n\t<div class=\"ic__container container\">\t\t<div class=\"ic__row\">\n\t\t\t<div class=\"ic__column ic__column--image ic__column--image-right\">\n\t\t\t\t<img loading=\"lazy\" decoding=\"async\" width=\"434\" height=\"377\" src=\"https:\/\/stimrouter.com\/wp-content\/uploads\/2020\/07\/Bioness0847_RT-e1595620598127.png\" class=\"ic__image\" alt=\"\" srcset=\"https:\/\/stimrouter.com\/wp-content\/uploads\/2020\/07\/Bioness0847_RT-e1595620598127.png 434w, https:\/\/stimrouter.com\/wp-content\/uploads\/2020\/07\/Bioness0847_RT-e1595620598127-300x261.png 300w\" sizes=\"auto, (max-width: 434px) 100vw, 434px\" \/>\t\t\t<\/div>\n\t\t\t<div class=\"ic__column ic__column--content ic__column--content-left\">\n\t\t\t\t<div class=\"ic__content\"><h2>En quoi consiste le syst\u00e8me StimRouter PNS ?<\/h2>\n<p><span style=\"font-weight: 400;\">StimRouter a \u00e9t\u00e9 utilis\u00e9 avec succ\u00e8s pour traiter des douleurs sur l&rsquo;ensemble des bras, des jambes et du torse. Il fonctionne en ciblant les nerfs sp\u00e9cifiquement responsables de vos sympt\u00f4mes. Une sonde StimRouter est implant\u00e9e au cours <a href=\"https:\/\/stimrouter.com\/fr\/patients-targeted-relief\/how-stimrouter-works\/\">d&rsquo;une proc\u00e9dure ambulatoire peu invasive<\/a>. Apr\u00e8s l&rsquo;intervention, vous \u00eates responsable de votre propre gestion de la douleur et vous utilisez une t\u00e9l\u00e9commande pour ajuster les niveaux de votre th\u00e9rapie.<\/span><\/p>\n<p><span style=\"font-weight: 400;\">Votre StimRouter est programm\u00e9 sp\u00e9cifiquement pour vos besoins. Votre douleur est personnelle et StimRouter offre des options de programmation flexibles pour r\u00e9pondre \u00e0 vos besoins th\u00e9rapeutiques.<\/span><\/p>\n<\/div>\n\t\t\t<\/div>\n\t\t<\/div>\n\t<\/div>\t<!-- \/.container -->\n<\/div>\n\n\n\n<div id=\"acf\/text-block_f6c5b620566c7e4d8534e33f24cf05da\" class=\"pxblock pxblock--text text width--default\">\n\t\n\t<div class=\"container\">\n\t\t<h2>Le point de vue des patients \u00e0 propos de StimRouter PNS<\/h2>\n<p><span style=\"font-weight: 400;\">Les patients utilisant StimRouter sont r\u00e9guli\u00e8rement interrog\u00e9s dans le cadre de nos efforts d&rsquo;am\u00e9lioration continue. En voici quelques points saillants :<\/span><\/p>\n<ul>\n<li style=\"font-weight: 400;\"><span style=\"font-weight: 400;\">StimRouter a r\u00e9duit la douleur moyenne des patients de 8 \u00e0 2<\/span><span style=\"font-weight: 400;\"><sup><a href=\u201dhttps:\/\/stimrouter.com\/fr\/references\/\u201d>1<\/a><\/sup>\u00a0<\/span><\/li>\n<li style=\"font-weight: 400;\"><span style=\"font-weight: 400;\">88% des patients continuent \u00e0 utiliser activement StimRouter pour traiter leurs douleurs chroniques apr\u00e8s un an<\/span><span style=\"font-weight: 400;\"><sup><a href=\u201dhttps:\/\/stimrouter.com\/fr\/references\/\u201d>2<\/a><\/sup><\/span><\/li>\n<\/ul>\n<ul>\n<li style=\"font-weight: 400;\"><span style=\"font-weight: 400;\">76% se disent satisfaits de leur appareil et pr\u00e8s de 40% extr\u00eamement satisfaits<sup><a href=\u201dhttps:\/\/stimrouter.com\/fr\/references\/\u201d>2<\/a><\/sup><\/span><\/li>\n<li style=\"font-weight: 400;\">La majorit\u00e9 des patients ont signal\u00e9 une augmentation d&rsquo;au moins 50 % de leur niveau d&rsquo;activit\u00e9 apr\u00e8s avoir re\u00e7u leur implant StimRouter<sup><a href=\u201dhttps:\/\/stimrouter.com\/fr\/references\/\u201d>2<\/a><\/sup><\/li>\n<\/ul>\n\t<\/div>\n<\/div>\n\n\n\n<style>\n\t@media (min-width: 768px) {\n\t\t.columns__row > .columns__column.columns__column--1 {\n\t\t\twidth: 100%;\n\t\t}\n\t}\n<\/style>\n\n<div id=\"acf\/columns-block_a4cc4db708756d1ee4ad7e4e6ce08767\" class=\"pxblock pxblock--columns columns\">\n\t\n\t<div class=\"container\">\n\t\t\n\t\t<div class=\"columns__row\">\n\t\t\t\t\t\t\t<div class=\"columns__column columns__column--1\">\n\t\t\t\t\t<img loading=\"lazy\" decoding=\"async\" width=\"958\" height=\"260\" src=\"https:\/\/stimrouter.com\/wp-content\/uploads\/2022\/11\/StimRouter-removebg-preview.png\" class=\"columns__image\" alt=\"\" srcset=\"https:\/\/stimrouter.com\/wp-content\/uploads\/2022\/11\/StimRouter-removebg-preview.png 958w, https:\/\/stimrouter.com\/wp-content\/uploads\/2022\/11\/StimRouter-removebg-preview-300x81.png 300w, https:\/\/stimrouter.com\/wp-content\/uploads\/2022\/11\/StimRouter-removebg-preview-768x208.png 768w\" sizes=\"auto, (max-width: 958px) 100vw, 958px\" \/>\t\t\t\t\t\t\t\t\t<\/div>\n\t\t\t\t\t<\/div>\n\t<\/div>\n<\/div>\n\n\n\n<div id=\"acf\/text-block_08ce514dfac17824147943b7fc5f4da8\" class=\"pxblock pxblock--text text width--default\">\n\t\n\t<div class=\"container\">\n\t\t<h2 class=\"p1\"><span class=\"s1\">Avantages du syst\u00e8me StimRouter<\/span><\/h2>\n<ul>\n<li style=\"font-weight: 400;\"><span style=\"font-weight: 400;\">Proc\u00e9dure ambulatoire peu invasive<\/span><\/li>\n<li style=\"font-weight: 400;\"><span style=\"font-weight: 400;\">Moins invasive que les options chirurgicales telles que la stimulation de la moelle \u00e9pini\u00e8re<\/span><\/li>\n<li style=\"font-weight: 400;\"><span style=\"font-weight: 400;\">Le soulagement de la douleur a \u00e9t\u00e9 prouv\u00e9<\/span><sup><a href=\u201dhttps:\/\/stimrouter.com\/fr\/references\/\u201d>2<\/a><\/sup><\/li>\n<li style=\"font-weight: 400;\"><span style=\"font-weight: 400;\">Le stimulateur et le programmateur externes vous permettent de contr\u00f4ler la gestion de votre douleur.<\/span><\/li>\n<li style=\"font-weight: 400;\"><span style=\"font-weight: 400;\">Am\u00e9liore la qualit\u00e9 de vie<\/span><sup><a href=\u201dhttps:\/\/stimrouter.com\/fr\/references\/\u201d>2<\/a><\/sup><\/li>\n<li style=\"font-weight: 400;\"><span style=\"font-weight: 400;\">Solution non opio\u00efde pour soulager les patients<\/span><\/li>\n<\/ul>\n<p>&nbsp;<\/p>\n<p>&nbsp;<\/p>\n<h2 class=\"p1\"><span class=\"s1\">Qui est un(e) candidat(e) propice ?<\/span><\/h2>\n<p><span style=\"font-weight: 400;\">Vous pourriez \u00eatre un candidat \/ une candidate propice au traitement par StimRouter PNS si :<\/span><\/p>\n<ul>\n<li style=\"font-weight: 400;\"><span style=\"font-weight: 400;\">Vous \u00eates fatigu\u00e9(e) de lutter contre la douleur chronique quotidienne<\/span><\/li>\n<li style=\"font-weight: 400;\"><span style=\"font-weight: 400;\">Vous ne souhaitez pas subir une intervention chirurgicale importante<\/span><\/li>\n<li style=\"font-weight: 400;\"><span style=\"font-weight: 400;\">Vous souhaitez \u00e9viter ou r\u00e9duire votre d\u00e9pendance aux m\u00e9dicaments<\/span><\/li>\n<\/ul>\n<p>L\u2019utilisation de StimRouter n&rsquo;est pas destin\u00e9e aux patients qui ont un dispositif implant\u00e9 actif tel qu&rsquo;un stimulateur cardiaque ou un d\u00e9fibrillateur implant\u00e9s sur demande ou un implant m\u00e9tallique dans la zone imm\u00e9diate pr\u00e9vue pour l&rsquo;implantation.<\/p>\n\t<\/div>\n<\/div>\n\n\n\n<style>\n\t@media (min-width: 768px) {\n\t\t.columns__row > .columns__column.columns__column--1 {\n\t\t\twidth: 100%;\n\t\t}\n\t}\n<\/style>\n\n<div id=\"acf\/columns-block_2a81161fc6bf793853a3a718cecac3b1\" class=\"pxblock pxblock--columns columns\">\n\t\n\t<div class=\"container\">\n\t\t\n\t\t<div class=\"columns__row\">\n\t\t\t\t\t\t\t<div class=\"columns__column columns__column--1\">\n\t\t\t\t\t\t\t\t\t\t\t<div class=\"card\">\n\t\t\t\t\t\t\t<img loading=\"lazy\" decoding=\"async\" width=\"96\" height=\"96\" src=\"https:\/\/stimrouter.com\/wp-content\/uploads\/2020\/07\/Video-4.png\" class=\"card__icon\" alt=\"\" \/>\n\t\t\t\t\t\t\t<div class=\"card__content\"><h4 style=\"text-align: center;\">D\u00e9couvrez comment fonctionne StimRouter PNS<\/h4>\n<p style=\"text-align: center;\">Voir comment StimRouter cible la source de la douleur chronique<\/p>\n<p style=\"text-align: center;\"><a class=\"pxbutton pxbutton--secondary\" href=\"https:\/\/stimrouter.com\/fr\/patients-targeted-relief\/how-stimrouter-works\/\">COMMENT \u00c7A FONCTIONNE <\/a><\/p>\n<\/div>\n\t\t\t\t\t\t<\/div>\n\t\t\t\t\t\t\t\t\t<\/div>\n\t\t\t\t\t<\/div>\n\t<\/div>\n<\/div>\n\n\n\n<div id=\"acf\/text-block_074ced6d38a7489fe291d58c9488f8e3\" class=\"pxblock pxblock--text text width--default\">\n\t\n\t<div class=\"container\">\n\t\t<p><small class=\"footnote\"><span style=\"font-weight: 400;\">Rx Only. The StimRouter Neuromodulation System is indicated for pain management in adults who have severe intractable chronic pain of peripheral nerve origin, as an adjunct to other modes of therapy (e.g. medications). The StimRouter is not intended to treat pain in the craniofacial region. StimRouter is contraindicated in patients who have any active implanted device such as an implanted demand cardiac pacemaker or defibrillator, or metallic implant in the immediate area intended for implant. For complete instructions for use, storage, warnings, indications, contraindications, precautions, adverse reactions and disclaimer of warranties, please refer to the insert accompanying each product or online at <\/span><a href=\"http:\/\/www.stimrouter.com\"><span style=\"font-weight: 400;\">www.stimrouter.com<\/span><\/a><span style=\"font-weight: 400;\">.<\/span><\/small><\/p>\n<p><small class=\"footnote\"><span style=\"font-weight: 400;\">1. Survey of 39 patients<\/span><\/small><\/p>\n<p><small class=\"footnote\"><span style=\"font-weight: 400;\">2. Survey of 133 patients, representing experience with 17 different peripheral nerves <\/span><\/small><\/p>\n\t<\/div>\n<\/div>\n","protected":false},"excerpt":{"rendered":"","protected":false},"author":29,"featured_media":0,"parent":5887,"menu_order":0,"comment_status":"closed","ping_status":"closed","template":"","meta":{"_acf_changed":false,"footnotes":""},"class_list":["post-6008","page","type-page","status-publish","hentry"],"acf":[],"_links":{"self":[{"href":"https:\/\/stimrouter.com\/fr\/wp-json\/wp\/v2\/pages\/6008","targetHints":{"allow":["GET"]}}],"collection":[{"href":"https:\/\/stimrouter.com\/fr\/wp-json\/wp\/v2\/pages"}],"about":[{"href":"https:\/\/stimrouter.com\/fr\/wp-json\/wp\/v2\/types\/page"}],"author":[{"embeddable":true,"href":"https:\/\/stimrouter.com\/fr\/wp-json\/wp\/v2\/users\/29"}],"replies":[{"embeddable":true,"href":"https:\/\/stimrouter.com\/fr\/wp-json\/wp\/v2\/comments?post=6008"}],"version-history":[{"count":0,"href":"https:\/\/stimrouter.com\/fr\/wp-json\/wp\/v2\/pages\/6008\/revisions"}],"up":[{"embeddable":true,"href":"https:\/\/stimrouter.com\/fr\/wp-json\/wp\/v2\/pages\/5887"}],"wp:attachment":[{"href":"https:\/\/stimrouter.com\/fr\/wp-json\/wp\/v2\/media?parent=6008"}],"curies":[{"name":"wp","href":"https:\/\/api.w.org\/{rel}","templated":true}]}}