{"id":6000,"date":"2020-07-14T00:11:30","date_gmt":"2020-07-14T07:11:30","guid":{"rendered":"https:\/\/stimrouter.com\/get-information-for-your-practice\/"},"modified":"2024-12-11T09:49:45","modified_gmt":"2024-12-11T16:49:45","slug":"get-information-for-your-practice","status":"publish","type":"page","link":"https:\/\/stimrouter.com\/fr\/get-information-for-your-practice\/","title":{"rendered":"Get information for your practice"},"content":{"rendered":"\n<div id=\"acf\/banner-block_7bed158b74b4962126ec3a2720d79c70\" class=\"pxblock pxblock--banner banner text-color--light height--short\">\n\t\n\t<div class=\"container\">\n\t\t\t<\/div>\n\n\t\t\t<img decoding=\"async\" class=\"banner__wave\" src=\"\/wp-content\/themes\/stimrouter\/assets\/images\/wave-image.svg\">\n\t<\/div>\n\n\n\n<div id=\"acf\/text-block_6a0aa25acfdf70e847fb47c594822818\" class=\"pxblock pxblock--text text width--default\">\n\t\n\t<div class=\"container\">\n\t\t<h2><b>Je souhaiterais en savoir plus sur le syst\u00e8me de neuromodulation StimRouter PNS.<\/b><\/h2>\n<p><span style=\"font-weight: 400;\">Le syst\u00e8me de neuromodulation StimRouter peut apporter de la valeur \u00e0 vos patients et \u00e0 votre cabinet m\u00e9dical. Si vous souhaitez en savoir plus, veuillez remplir ce formulaire de contact et un repr\u00e9sentant vous contactera dans les plus brefs d\u00e9lais.<\/span><\/p>\n<p>&nbsp;<\/p>\n<p><span style=\"font-weight: 400;\">Si vous pr\u00e9f\u00e9rez, appelez le 1-855-771-0606. Notre centre d&rsquo;appels est ouvert du lundi au vendredi, de 8 h \u00e0 17 h (heure du Pacifique).<\/span><br \/>\n&nbsp;&nbsp;<\/p>\n\n<div class=\"wpcf7 no-js\" id=\"wpcf7-f7239-o1\" lang=\"en-US\" dir=\"ltr\" data-wpcf7-id=\"7239\">\n<div class=\"screen-reader-response\"><p role=\"status\" aria-live=\"polite\" aria-atomic=\"true\"><\/p> <ul><\/ul><\/div>\n<form action=\"\/fr\/wp-json\/wp\/v2\/pages\/6000#wpcf7-f7239-o1\" method=\"post\" class=\"wpcf7-form init\" aria-label=\"Contact form\" novalidate=\"novalidate\" data-status=\"init\">\n<fieldset class=\"hidden-fields-container\"><input type=\"hidden\" name=\"_wpcf7\" value=\"7239\" \/><input type=\"hidden\" name=\"_wpcf7_version\" value=\"6.1.5\" \/><input type=\"hidden\" name=\"_wpcf7_locale\" value=\"en_US\" \/><input type=\"hidden\" name=\"_wpcf7_unit_tag\" value=\"wpcf7-f7239-o1\" \/><input type=\"hidden\" name=\"_wpcf7_container_post\" value=\"0\" \/><input type=\"hidden\" name=\"_wpcf7_posted_data_hash\" value=\"\" \/><input type=\"hidden\" name=\"_wpcf7_recaptcha_response\" value=\"\" \/>\n<\/fieldset>\n<table class=\"order-online\">\n\t<tr>\n\t\t<td>\n\t\t\t<p><label class=\"required\">Pr\u00e9nom<\/label><br \/>\n<span class=\"wpcf7-form-control-wrap\" data-name=\"first-name\"><input size=\"40\" maxlength=\"400\" class=\"wpcf7-form-control wpcf7-text wpcf7-validates-as-required\" aria-required=\"true\" aria-invalid=\"false\" value=\"\" type=\"text\" name=\"first-name\" \/><\/span>\n\t\t\t<\/p>\n\t\t<\/td>\n\t\t<td>\n\t\t<\/td>\n\t<\/tr>\n\t<tr>\n\t\t<td>\n\t\t\t<p><label class=\"required\">Nom de famille<\/label><br \/>\n<span class=\"wpcf7-form-control-wrap\" data-name=\"last-name\"><input size=\"40\" maxlength=\"400\" class=\"wpcf7-form-control wpcf7-text wpcf7-validates-as-required\" aria-required=\"true\" aria-invalid=\"false\" value=\"\" type=\"text\" name=\"last-name\" \/><\/span>\n\t\t\t<\/p>\n\t\t<\/td>\n\t\t<td>\n\t\t<\/td>\n\t<\/tr>\n\t<tr>\n\t\t<td>\n\t\t\t<p><label class=\"required\">T\u00e9l\u00e9phone<\/label><br \/>\n<span class=\"wpcf7-form-control-wrap\" data-name=\"phone\"><input size=\"40\" maxlength=\"400\" class=\"wpcf7-form-control wpcf7-tel wpcf7-validates-as-required wpcf7-text wpcf7-validates-as-tel\" aria-required=\"true\" aria-invalid=\"false\" value=\"\" type=\"tel\" name=\"phone\" \/><\/span>\n\t\t\t<\/p>\n\t\t<\/td>\n\t\t<td>\n\t\t<\/td>\n\t<\/tr>\n\t<tr>\n\t\t<td>\n\t\t\t<p><label class=\"required\">E-mail<\/label><br \/>\n<span class=\"wpcf7-form-control-wrap\" data-name=\"email\"><input size=\"40\" maxlength=\"400\" class=\"wpcf7-form-control wpcf7-email wpcf7-validates-as-required wpcf7-text wpcf7-validates-as-email\" aria-required=\"true\" aria-invalid=\"false\" value=\"\" type=\"email\" name=\"email\" \/><\/span>\n\t\t\t<\/p>\n\t\t<\/td>\n\t\t<td>\n\t\t<\/td>\n\t<\/tr>\n\t<tr>\n\t\t<td>\n\t\t\t<p><label >Nom de la clinique\/de l&rsquo;h\u00f4pital<\/label><br \/>\n<span class=\"wpcf7-form-control-wrap\" data-name=\"hospital-name\"><input size=\"40\" maxlength=\"400\" class=\"wpcf7-form-control wpcf7-text\" aria-invalid=\"false\" value=\"\" type=\"text\" name=\"hospital-name\" \/><\/span>\n\t\t\t<\/p>\n\t\t<\/td>\n\t\t<td>\n\t\t<\/td>\n\t<\/tr>\n\t<tr>\n\t\t<td>\n\t\t\t<p><label>Clinique\/H\u00f4pital Pays<\/label><br \/>\n<span class=\"wpcf7-form-control-wrap\" data-name=\"hospital-country\"><select class=\"wpcf7-form-control wpcf7-select\" aria-invalid=\"false\" name=\"hospital-country\"><option value=\"USA\">USA<\/option><option value=\"Canada\">Canada<\/option><option value=\"Antigua and Barbuda\">Antigua and Barbuda<\/option><option value=\"Argentina\">Argentina<\/option><option value=\"The Bahamas\">The Bahamas<\/option><option value=\"Barbados\">Barbados<\/option><option value=\"Belize\">Belize<\/option><option value=\"Bolivia\">Bolivia<\/option><option value=\"Brazil\">Brazil<\/option><option value=\"Chile\">Chile<\/option><option value=\"Colombia\">Colombia<\/option><option value=\"Costa Rica\">Costa Rica<\/option><option value=\"Cuba\">Cuba<\/option><option value=\"Dominica\">Dominica<\/option><option value=\"Dominica Republic\">Dominica Republic<\/option><option value=\"Ecuador\">Ecuador<\/option><option value=\"El Salvador\">El Salvador<\/option><option value=\"Grenada\">Grenada<\/option><option value=\"Guatemala\">Guatemala<\/option><option value=\"Guyana\">Guyana<\/option><option value=\"Haiti\">Haiti<\/option><option value=\"Honduras\">Honduras<\/option><option value=\"Jamaica\">Jamaica<\/option><option value=\"Nicaragua\">Nicaragua<\/option><option value=\"Panama\">Panama<\/option><option value=\"Paraguay\">Paraguay<\/option><option value=\"Peru\">Peru<\/option><option value=\"Saint Lucia\">Saint Lucia<\/option><option value=\"Saint Vincent and The Grenadines\">Saint Vincent and The Grenadines<\/option><option value=\"Suriname\">Suriname<\/option><option value=\"Trinidad and Tobago\">Trinidad and Tobago<\/option><option value=\"Uruguay\">Uruguay<\/option><option value=\"Venezuela\">Venezuela<\/option><\/select><\/span>\n\t\t\t<\/p>\n\t\t<\/td>\n\t\t<td>\n\t\t<\/td>\n\t<\/tr>\n\t<tr>\n\t\t<td>\n\t\t\t<p><label>Clinique\/\u00c9tat hospitalier<\/label><br \/>\n<span class=\"wpcf7-form-control-wrap\" data-name=\"state\"><input size=\"40\" maxlength=\"400\" class=\"wpcf7-form-control wpcf7-text\" aria-invalid=\"false\" value=\"\" type=\"text\" name=\"state\" \/><\/span>\n\t\t\t<\/p>\n\t\t\t<p>State \/ Province \/ Region\n\t\t\t<\/p>\n\t\t<\/td>\n\t\t<td>\n\t\t<\/td>\n\t<\/tr>\n\t<tr>\n\t\t<td>\n\t\t\t<p><label>Je suis un:\/label><br \/>\n<span class=\"wpcf7-form-control-wrap\" data-name=\"i-am\"><select class=\"wpcf7-form-control wpcf7-select\" aria-invalid=\"false\" name=\"i-am\"><option value=\"Specialiste de la douleur interventionnelle\">Specialiste de la douleur interventionnelle<\/option><option value=\"Neurochirurgien\">Neurochirurgien<\/option><option value=\"Medecin naturopathe\">Medecin naturopathe<\/option><option value=\"Specialiste du paiement ou de la facturation\">Specialiste du paiement ou de la facturation<\/option><option value=\"Autre\">Autre<\/option><\/select><\/span><br \/>\n<\/label>\n\t\t\t<\/p>\n\t\t<\/td>\n\t\t<td>\n\t\t<\/td>\n\t<\/tr>\n\t<tr>\n\t\t<td>\n\t\t\t<p><label >Veuillez me contacter \u00e0 propos de<\/label><br \/>\n<span class=\"wpcf7-form-control-wrap\" data-name=\"contactmeabout\"><span class=\"wpcf7-form-control wpcf7-checkbox\"><span class=\"wpcf7-list-item first\"><label><input type=\"checkbox\" name=\"contactmeabout[]\" value=\"La proc\u00e9dure PNS\" \/><span class=\"wpcf7-list-item-label\">La proc\u00e9dure PNS<\/span><\/label><\/span><span class=\"wpcf7-list-item\"><label><input type=\"checkbox\" name=\"contactmeabout[]\" value=\"S\u00e9lection des patients\" \/><span class=\"wpcf7-list-item-label\">S\u00e9lection des patients<\/span><\/label><\/span><span class=\"wpcf7-list-item\"><label><input type=\"checkbox\" name=\"contactmeabout[]\" value=\"Remboursement\" \/><span class=\"wpcf7-list-item-label\">Remboursement<\/span><\/label><\/span><span class=\"wpcf7-list-item last\"><label><input type=\"checkbox\" name=\"contactmeabout[]\" value=\"Demandez \u00e0 un repr\u00e9sentant commercial de me contacter\" \/><span class=\"wpcf7-list-item-label\">Demandez \u00e0 un repr\u00e9sentant commercial de me contacter<\/span><\/label><\/span><\/span><\/span>\n\t\t\t<\/p>\n\t\t<\/td>\n\t\t<td>\n\t\t<\/td>\n\t<\/tr>\n\t<tr>\n\t\t<td colspan=\"2\">\n\t\t<span class=\"wpcf7-form-control-wrap recaptcha\" data-name=\"recaptcha\"><span data-sitekey=\"6LfL22QqAAAAAH1xmP4oPng3KX0DzAc51zSYH5ok\" class=\"wpcf7-form-control wpcf7-recaptcha g-recaptcha\"><\/span>\r\n<noscript>\r\n\t<div class=\"grecaptcha-noscript\">\r\n\t\t<iframe loading=\"lazy\" src=\"https:\/\/www.google.com\/recaptcha\/api\/fallback?k=6LfL22QqAAAAAH1xmP4oPng3KX0DzAc51zSYH5ok\" frameborder=\"0\" scrolling=\"no\" width=\"310\" height=\"430\">\r\n\t\t<\/iframe>\r\n\t\t<textarea name=\"g-recaptcha-response\" rows=\"3\" cols=\"40\" placeholder=\"reCaptcha Response Here\">\r\n\t\t<\/textarea>\r\n\t<\/div>\r\n<\/noscript>\r\n<\/span>\n\t\t\t<p>En cliquant sur soumettre, j\u2019accepte de recevoir des communications par e-mail et par t\u00e9l\u00e9phone \u00e0 l\u2019adresse e-mail et au num\u00e9ro de t\u00e9l\u00e9phone fournis ci-dessus, envoy\u00e9s par ou au nom de Bioventus.\n\t\t\t<\/p>\n\t\t<\/td>\n\t<\/tr>\n\t<tr>\n\t\t<td>\n\t\t\t<p><input class=\"wpcf7-form-control wpcf7-submit has-spinner\" type=\"submit\" value=\"Soumettre\" \/>\n\t\t\t<\/p>\n\t\t<\/td>\n\t<\/tr>\n<\/table><p style=\"display: none !important;\" class=\"akismet-fields-container\" data-prefix=\"_wpcf7_ak_\"><label>&#916;<textarea name=\"_wpcf7_ak_hp_textarea\" cols=\"45\" rows=\"8\" maxlength=\"100\"><\/textarea><\/label><input type=\"hidden\" id=\"ak_js_1\" name=\"_wpcf7_ak_js\" value=\"149\"\/><script type=\"text\/javascript\">\n\/* <![CDATA[ *\/\ndocument.getElementById( \"ak_js_1\" ).setAttribute( \"value\", ( new Date() ).getTime() );\n\/* ]]&gt; *\/\n<\/script>\n<\/p><div class=\"wpcf7-response-output\" aria-hidden=\"true\"><\/div>\n<\/form>\n<\/div>\n\n\t<\/div>\n<\/div>\n","protected":false},"excerpt":{"rendered":"","protected":false},"author":29,"featured_media":0,"parent":0,"menu_order":0,"comment_status":"closed","ping_status":"closed","template":"","meta":{"_acf_changed":true,"footnotes":""},"class_list":["post-6000","page","type-page","status-publish","hentry"],"acf":[],"_links":{"self":[{"href":"https:\/\/stimrouter.com\/fr\/wp-json\/wp\/v2\/pages\/6000","targetHints":{"allow":["GET"]}}],"collection":[{"href":"https:\/\/stimrouter.com\/fr\/wp-json\/wp\/v2\/pages"}],"about":[{"href":"https:\/\/stimrouter.com\/fr\/wp-json\/wp\/v2\/types\/page"}],"author":[{"embeddable":true,"href":"https:\/\/stimrouter.com\/fr\/wp-json\/wp\/v2\/users\/29"}],"replies":[{"embeddable":true,"href":"https:\/\/stimrouter.com\/fr\/wp-json\/wp\/v2\/comments?post=6000"}],"version-history":[{"count":0,"href":"https:\/\/stimrouter.com\/fr\/wp-json\/wp\/v2\/pages\/6000\/revisions"}],"wp:attachment":[{"href":"https:\/\/stimrouter.com\/fr\/wp-json\/wp\/v2\/media?parent=6000"}],"curies":[{"name":"wp","href":"https:\/\/api.w.org\/{rel}","templated":true}]}}