{"id":5873,"date":"2020-04-10T19:13:36","date_gmt":"2020-04-11T02:13:36","guid":{"rendered":"https:\/\/stimrouter.com\/home-stimrouter-pns\/"},"modified":"2023-03-29T08:26:55","modified_gmt":"2023-03-29T15:26:55","slug":"home-stimrouter-pns","status":"publish","type":"page","link":"https:\/\/stimrouter.com\/fr\/","title":{"rendered":"Home"},"content":{"rendered":"\n<div id=\"acf\/banner-block_c5c2cfb6bd73d65288d1cdf0bed11388\" class=\"pxblock pxblock--banner banner text-color--light height--default\" style=\"background-image: url(https:\/\/stimrouter.com\/wp-content\/uploads\/2020\/07\/Home-Header@2x.png), linear-gradient(to right, #003f43, #78d69e)\">\n\t\n\t<div class=\"container\">\n\t\t\t\t\t<div class=\"banner__content\">\n\t\t\t\t<h1 class=\"p1\">Un soulagement cibl\u00e9 pour de meilleurs r\u00e9sultats chez les patients<\/h1>\n<p class=\"p1\"><span style=\"font-weight: 400;\">Le soulagement de la douleur chronique des nerfs p\u00e9riph\u00e9riques est possible sans m\u00e9dicaments ni chirurgie invasive. C&rsquo;est tout \u00e0 fait possible gr\u00e2ce au syst\u00e8me de stimulation nerveuse p\u00e9riph\u00e9rique StimRouter PNS.<\/span><\/p>\n<p><a class=\"pxbutton pxbutton--primary\" href=\"https:\/\/stimrouter.com\/fr\/physicians\/stimrouter-pns-for-chronic-pain-management\/\">EN SAVOIR PLUS<\/a><\/p>\n\t\t\t<\/div>\n\t\t\t<\/div>\n\n\t\t\t<img decoding=\"async\" class=\"banner__wave\" src=\"\/wp-content\/themes\/stimrouter\/assets\/images\/wave-image--alt.svg\">\n\t<\/div>\n\n\n\n<div id=\"acf\/text-block_3ef4b0666030961e917f27d722b723ca\" class=\"pxblock pxblock--text text width--slim\">\n\t\n\t<div class=\"container\">\n\t\t<h2 style=\"text-align: center;\">StimRouter cible la douleur chronique \u00e0 sa source<\/h2>\n<p class=\"subtitle\" style=\"text-align: center;\">Le petit profil de StimRouter permet d&rsquo;implanter le syst\u00e8me \u00e0 de nombreux endroits du corps, en fonction des besoins du patient.<\/p>\n\t<\/div>\n<\/div>\n\n\n\n<style>\n\t@media (min-width: 768px) {\n\t\t.columns__row > .columns__column.columns__column--2 {\n\t\t\twidth: 50%;\n\t\t}\n\t}\n<\/style>\n\n<div id=\"acf\/columns-block_63fae21701c4b52f0870caf6772eb8b8\" class=\"pxblock pxblock--columns columns\">\n\t\n\t<div class=\"container\">\n\t\t\n\t\t<div class=\"columns__row\">\n\t\t\t\t\t\t\t<div class=\"columns__column columns__column--2\">\n\t\t\t\t\t\t\t\t\t\t\t<div class=\"card\">\n\t\t\t\t\t\t\t<img loading=\"lazy\" decoding=\"async\" width=\"96\" height=\"96\" src=\"https:\/\/stimrouter.com\/wp-content\/uploads\/2020\/07\/Doctor-3.png\" class=\"card__icon\" alt=\"\" \/>\n\t\t\t\t\t\t\t<div class=\"card__content\"><h4 style=\"text-align: center;\">Informations pour les professionnels de la sant\u00e9<\/h4>\n<p style=\"text-align: center;\"><span class=\"s1\">Learn how <span style=\"font-weight: 400;\">D\u00e9couvrez comment StimRouter peut apporter des avantages mesurables \u00e0 votre cabinet m\u00e9dical et \u00e0 vos patients.<\/span><\/span><\/p>\n<p style=\"text-align: center;\"><a class=\"pxbutton pxbutton--secondary\" href=\"https:\/\/stimrouter.com\/fr\/physicians\/\"><strong>EN SAVOIR PLUS<\/strong><\/a><\/p>\n<p>&nbsp;<\/p>\n<\/div>\n\t\t\t\t\t\t<\/div>\n\t\t\t\t\t\t\t\t\t<\/div>\n\t\t\t\t\t\t\t<div class=\"columns__column columns__column--2\">\n\t\t\t\t\t\t\t\t\t\t\t<div class=\"card\">\n\t\t\t\t\t\t\t<img loading=\"lazy\" decoding=\"async\" width=\"96\" height=\"96\" src=\"https:\/\/stimrouter.com\/wp-content\/uploads\/2020\/07\/Patients-4.png\" class=\"card__icon\" alt=\"\" \/>\n\t\t\t\t\t\t\t<div class=\"card__content\"><h4 style=\"text-align: center;\">Information pour le patient<\/h4>\n<p style=\"text-align: center;\"><span style=\"font-weight: 400;\">D\u00e9couvrez comment le syst\u00e8me de stimulation nerveuse p\u00e9riph\u00e9rique StimRouter PNS cible la source des sympt\u00f4mes de la douleur sans m\u00e9dicaments ni chirurgie invasive.<\/span><\/p>\n<p style=\"text-align: center;\"><a class=\"pxbutton pxbutton--secondary\" href=\"https:\/\/stimrouter.com\/fr\/patients-targeted-relief\/\">EN SAVOIR PLUS<\/a><\/p>\n<\/div>\n\t\t\t\t\t\t<\/div>\n\t\t\t\t\t\t\t\t\t<\/div>\n\t\t\t\t\t<\/div>\n\t<\/div>\n<\/div>\n\n\n<div id=\"acf\/image-and-content-block_b6012bbd46cd2d702b964a53385898bd\" class=\"pxblock pxblock--image-and-content ic ic--contained\">\n\t\n\t<div class=\"ic__container container\">\t\t<div class=\"ic__row\">\n\t\t\t<div class=\"ic__column ic__column--image ic__column--image-right\">\n\t\t\t\t<img loading=\"lazy\" decoding=\"async\" width=\"1120\" height=\"1336\" src=\"https:\/\/stimrouter.com\/wp-content\/uploads\/2020\/07\/09_STIMROUTER_MATT_1422_RT.jpg\" class=\"ic__image\" alt=\"\" srcset=\"https:\/\/stimrouter.com\/wp-content\/uploads\/2020\/07\/09_STIMROUTER_MATT_1422_RT.jpg 1120w, https:\/\/stimrouter.com\/wp-content\/uploads\/2020\/07\/09_STIMROUTER_MATT_1422_RT-251x300.jpg 251w, https:\/\/stimrouter.com\/wp-content\/uploads\/2020\/07\/09_STIMROUTER_MATT_1422_RT-858x1024.jpg 858w, https:\/\/stimrouter.com\/wp-content\/uploads\/2020\/07\/09_STIMROUTER_MATT_1422_RT-768x916.jpg 768w\" sizes=\"auto, (max-width: 1120px) 100vw, 1120px\" \/>\t\t\t<\/div>\n\t\t\t<div class=\"ic__column ic__column--content ic__column--content-left\">\n\t\t\t\t<div class=\"ic__content\"><h2 class=\"p1\">Les patients pr\u00e9f\u00e8rent StimRouter PNS<\/h2>\n<p><span style=\"font-weight: 400;\">Que disent les patients de leurs implants StimRouter ? Selon une enqu\u00eate r\u00e9cente men\u00e9e aupr\u00e8s de 133 patients utilisant StimRouter et repr\u00e9sentant une exp\u00e9rience pratique avec 17 nerfs p\u00e9riph\u00e9riques diff\u00e9rents<sup><a href=\"https:\/\/stimrouter.com\/fr\/references\/\">1<\/a><\/sup> :<\/span><\/p>\n<ul>\n<li style=\"font-weight: 400;\"><span style=\"font-weight: 400;\">88 % des patients continuent d&rsquo;utiliser activement StimRouter pour traiter leurs douleurs chroniques apr\u00e8s un an<\/span><\/li>\n<li style=\"font-weight: 400;\"><span style=\"font-weight: 400;\">76% sont satisfaits de leur appareil et pr\u00e8s de 40 % extr\u00eamement satisfaits<\/span><\/li>\n<li style=\"font-weight: 400;\"><span style=\"font-weight: 400;\">La majorit\u00e9 des patients signalent une augmentation d&rsquo;au moins 50 % de leur niveau d&rsquo;activit\u00e9 apr\u00e8s l&rsquo;implantation de StimRouter<\/span><\/li>\n<\/ul>\n<p><a class=\"pxbutton pxbutton--primary\" href=\"https:\/\/stimrouter.com\/wp-content\/uploads\/2020\/07\/SMK-004365_03756_SR_ptsrvyrslts_hndout_US_brnd-updt_r03v01_lo.pdf\" target=\"_blank\" rel=\"noopener\">R\u00c9SULTATS DE L\u2019ENQU\u00caTE (PDF)<\/a><\/p>\n<\/div>\n\t\t\t<\/div>\n\t\t<\/div>\n\t<\/div>\t<!-- \/.container -->\n<\/div>\n\n\n\n<div id=\"acf\/stats-block_e45739b3e7b1fb80d155b2ffafec3eeb\" class=\"pxblock pxblock--stats pxblock--gradient stats\">\n\t\n\t<div class=\"container\">\n\t\t<h2 class=\"stats__title\">Points saillants de l&rsquo;essai contr\u00f4l\u00e9 randomis\u00e9 de StimRouter<sup><a href=\"https:\/\/stimrouter.com\/fr\/references\/\">1<\/a><\/sup><\/h2>\n\n\t\t<div class=\"flexgrid\">\n\t\t\t\t\t\t\t<div class=\"stats__statistic\">\n\t\t\t\t\t<div class=\"stats__number-container\"><span class=\"stats__number\">8+<\/span><\/div>\n\t\t\t\t\t<p class=\"stats__description\">50% des membres du groupe de traitement ont \u00e9valu\u00e9 leur satisfaction \u00e0 8 ou plus sur une \u00e9chelle de 10 points.<\/p>\n\t\t\t\t<\/div>\n\t\t\t\t\t\t\t<div class=\"stats__statistic\">\n\t\t\t\t\t<div class=\"stats__number-container\"><span class=\"stats__number\">5 \u00e0 7<\/span><\/div>\n\t\t\t\t\t<p class=\"stats__description\">53% des membres du groupe de traitement ont \u00e9valu\u00e9 l&rsquo;am\u00e9lioration de leur qualit\u00e9 de vie entre 5 et 7 sur une \u00e9chelle de 7 points.<\/p>\n\t\t\t\t<\/div>\n\t\t\t\t\t\t\t<div class=\"stats__statistic\">\n\t\t\t\t\t<div class=\"stats__number-container\"><span class=\"stats__number\">10\/10<\/span><\/div>\n\t\t\t\t\t<p class=\"stats__description\">31% des membres du groupe de traitement ont \u00e9valu\u00e9 leur satisfaction \u00e0 10 sur une \u00e9chelle de 10 points.<\/p>\n\t\t\t\t<\/div>\n\t\t\t\t\t<\/div>\n\t<\/div>\n<\/div>\n\n\n\n<div id=\"acf\/patient-stories-slider-block_29e0c01b423a6b07213e2a564a765f2c\" class=\"pxblock pxblock--patient-stories-slider pss\">\n\t\n\t<div class=\"container\">\n\t\t<h2 class=\"pss__title\">T\u00c9MOIGNAGES DES PATIENTS<\/h2>\n\t\t<!-- \/.patient__title -->\n\n\t\t<div class=\"pss__intro\">\n\t\t\tD\u00e9couvrez comment le syst\u00e8me de stimulation nerveuse p\u00e9riph\u00e9rique StimRouter PNS soulage les personnes souffrant de douleurs chroniques.\t\t<\/div>\n\t\t<!-- \/.patient__intro -->\n\n\t\t<div class=\"pss__glide-wrapper glide-wrapper\">\n\t\t\t<div class=\"glide\">\n\t\t\t\t<div class=\"glide__track\" data-glide-el=\"track\">\n\t\t\t\t\t<ul class=\"glide__slides\">\n\t\t\t\t\t\t\t\t\t\t\t\t\t<li class=\"glide__slide\">\n\t\t\t\t\t\t\t\t<div class=\"pss__story-wrapper\">\n\t\t\t\t\t\t\t\t\t<div class=\"pss__story in-slide\">\n\t\t\t\t\t\t\t\t\t\t<div class=\"pss__portrait\" style=\"background-image: url(https:\/\/stimrouter.com\/wp-content\/uploads\/2020\/07\/Screen-Shot-2020-07-15-at-2.27.21-PM.png)\"><\/div>\n\n\t\t\t\t\t\t\t\t\t\t<div class=\"pss__content\">\n\t\t\t\t\t\t\t\t\t\t\t<h4 class=\"pss__name\">Histoire de Linda<\/h4>\n\t\t\t\t\t\t\t\t\t\t\t<h5 class=\"pss__for\">StimRouter pour les douleurs chroniques aux jambes<\/h5>\n\n\t\t\t\t\t\t\t\t\t\t\t<p class=\"quote\">\n\t\t\t\t\t\t\t\t\t\t\t\tLa vie est belle maintenant. J&rsquo;ai tr\u00e8s peu de douleur. Je sais comment m&rsquo;en occuper maintenant avec mon&#8230;\t\t\t\t\t\t\t\t\t\t\t<\/p>\n\n\t\t\t\t\t\t\t\t\t\t\t<a href=\"https:\/\/stimrouter.com\/fr\/patient-story\/lindas-story-complex-pain\/\" class=\"read-more\">Read the Story<\/a>\n\n\t\t\t\t\t\t\t\t\t\t<\/div>\n\n\t\t\t\t\t\t\t\t\t\t<a href=\"https:\/\/stimrouter.com\/fr\/patient-story\/lindas-story-complex-pain\/\" class=\"cover-link\"><\/a>\n\t\t\t\t\t\t\t\t\t<\/div>\n\t\t\t\t\t\t\t\t<\/div>\n\t\t\t\t\t\t\t<\/li>\n\t\t\t\t\t\t\t\t\t\t\t\t\t<li class=\"glide__slide\">\n\t\t\t\t\t\t\t\t<div class=\"pss__story-wrapper\">\n\t\t\t\t\t\t\t\t\t<div class=\"pss__story in-slide\">\n\t\t\t\t\t\t\t\t\t\t<div class=\"pss__portrait\" style=\"background-image: url(https:\/\/stimrouter.com\/wp-content\/uploads\/2020\/07\/Screen-Shot-2020-07-10-at-4.11.31-PM.png)\"><\/div>\n\n\t\t\t\t\t\t\t\t\t\t<div class=\"pss__content\">\n\t\t\t\t\t\t\t\t\t\t\t<h4 class=\"pss__name\">L\u2019histoire de F\u00e9licia<\/h4>\n\t\t\t\t\t\t\t\t\t\t\t<h5 class=\"pss__for\">StimRouter pour les douleurs chroniques du poignet<\/h5>\n\n\t\t\t\t\t\t\t\t\t\t\t<p class=\"quote\">\n\t\t\t\t\t\t\t\t\t\t\t\tJe savais que cela ferait quelque chose et soulagerait un peu la douleur. Je ne me rendais pas compte que \u00e7a marcherait autant&#8230;\t\t\t\t\t\t\t\t\t\t\t<\/p>\n\n\t\t\t\t\t\t\t\t\t\t\t<a href=\"https:\/\/stimrouter.com\/fr\/patient-story\/felicias-story-chronic-wrist-pain\/\" class=\"read-more\">Read the Story<\/a>\n\n\t\t\t\t\t\t\t\t\t\t<\/div>\n\n\t\t\t\t\t\t\t\t\t\t<a href=\"https:\/\/stimrouter.com\/fr\/patient-story\/felicias-story-chronic-wrist-pain\/\" class=\"cover-link\"><\/a>\n\t\t\t\t\t\t\t\t\t<\/div>\n\t\t\t\t\t\t\t\t<\/div>\n\t\t\t\t\t\t\t<\/li>\n\t\t\t\t\t\t\t\t\t\t\t\t\t<li class=\"glide__slide\">\n\t\t\t\t\t\t\t\t<div class=\"pss__story-wrapper\">\n\t\t\t\t\t\t\t\t\t<div class=\"pss__story in-slide\">\n\t\t\t\t\t\t\t\t\t\t<div class=\"pss__portrait\" style=\"background-image: url(https:\/\/stimrouter.com\/wp-content\/uploads\/2020\/07\/Screen-Shot-2020-06-11-at-8.00.51-AM.png)\"><\/div>\n\n\t\t\t\t\t\t\t\t\t\t<div class=\"pss__content\">\n\t\t\t\t\t\t\t\t\t\t\t<h4 class=\"pss__name\">L\u2019histoire de Kaye<\/h4>\n\t\t\t\t\t\t\t\t\t\t\t<h5 class=\"pss__for\">StimRouter pour les douleurs d\u00e9bilitantes<\/h5>\n\n\t\t\t\t\t\t\t\t\t\t\t<p class=\"quote\">\n\t\t\t\t\t\t\t\t\t\t\t\tJ&rsquo;ai \u00e9t\u00e9 surpris de voir \u00e0 quel point le StimRouter fonctionnait bien. C&rsquo;\u00e9tait un sauveur de vie&#8230;.\t\t\t\t\t\t\t\t\t\t\t<\/p>\n\n\t\t\t\t\t\t\t\t\t\t\t<a href=\"https:\/\/stimrouter.com\/fr\/patient-story\/kayes-story-debilitating-pain\/\" class=\"read-more\">Read the Story<\/a>\n\n\t\t\t\t\t\t\t\t\t\t<\/div>\n\n\t\t\t\t\t\t\t\t\t\t<a href=\"https:\/\/stimrouter.com\/fr\/patient-story\/kayes-story-debilitating-pain\/\" class=\"cover-link\"><\/a>\n\t\t\t\t\t\t\t\t\t<\/div>\n\t\t\t\t\t\t\t\t<\/div>\n\t\t\t\t\t\t\t<\/li>\n\t\t\t\t\t\t\t\t\t\t\t\t\t<li class=\"glide__slide\">\n\t\t\t\t\t\t\t\t<div class=\"pss__story-wrapper\">\n\t\t\t\t\t\t\t\t\t<div class=\"pss__story in-slide\">\n\t\t\t\t\t\t\t\t\t\t<div class=\"pss__portrait\" style=\"background-image: url(https:\/\/stimrouter.com\/wp-content\/uploads\/2020\/07\/Screen-Shot-2020-07-15-at-3.40.22-PM.png)\"><\/div>\n\n\t\t\t\t\t\t\t\t\t\t<div class=\"pss__content\">\n\t\t\t\t\t\t\t\t\t\t\t<h4 class=\"pss__name\">L\u2019histoire de Dre Rottenberg<\/h4>\n\t\t\t\t\t\t\t\t\t\t\t<h5 class=\"pss__for\">StimRouter pour les douleurs chroniques du pied<\/h5>\n\n\t\t\t\t\t\t\t\t\t\t\t<p class=\"quote\">\n\t\t\t\t\t\t\t\t\t\t\t\tJ&rsquo;ai \u00e9t\u00e9 lib\u00e9r\u00e9e de la douleur pour la premi\u00e8re fois en 13 ans. Et depuis, je n&rsquo;ai&#8230;\t\t\t\t\t\t\t\t\t\t\t<\/p>\n\n\t\t\t\t\t\t\t\t\t\t\t<a href=\"https:\/\/stimrouter.com\/fr\/patient-story\/dr-fabienne-rottenberg-nerve-entrapment\/\" class=\"read-more\">Read the Story<\/a>\n\n\t\t\t\t\t\t\t\t\t\t<\/div>\n\n\t\t\t\t\t\t\t\t\t\t<a href=\"https:\/\/stimrouter.com\/fr\/patient-story\/dr-fabienne-rottenberg-nerve-entrapment\/\" class=\"cover-link\"><\/a>\n\t\t\t\t\t\t\t\t\t<\/div>\n\t\t\t\t\t\t\t\t<\/div>\n\t\t\t\t\t\t\t<\/li>\n\t\t\t\t\t\t\t\t\t\t\t\t\t<li class=\"glide__slide\">\n\t\t\t\t\t\t\t\t<div class=\"pss__story-wrapper\">\n\t\t\t\t\t\t\t\t\t<div class=\"pss__story in-slide\">\n\t\t\t\t\t\t\t\t\t\t<div class=\"pss__portrait\" style=\"background-image: url(https:\/\/stimrouter.com\/wp-content\/uploads\/2020\/07\/Screen-Shot-2020-07-15-at-2.01.47-PM.png)\"><\/div>\n\n\t\t\t\t\t\t\t\t\t\t<div class=\"pss__content\">\n\t\t\t\t\t\t\t\t\t\t\t<h4 class=\"pss__name\">L\u2019histoire de Chris<\/h4>\n\t\t\t\t\t\t\t\t\t\t\t<h5 class=\"pss__for\">StimRouter pour les douleurs chroniques aux jambes<\/h5>\n\n\t\t\t\t\t\t\t\t\t\t\t<p class=\"quote\">\n\t\t\t\t\t\t\t\t\t\t\t\t&#8230; J&rsquo;ai ressenti un tel soulagement de ma douleur que je peux \u00e0 nouveau marcher confortablement. Lorsque ma femme et moi fonderons une&#8230;\t\t\t\t\t\t\t\t\t\t\t<\/p>\n\n\t\t\t\t\t\t\t\t\t\t\t<a href=\"https:\/\/stimrouter.com\/fr\/patient-story\/chris-story-chronic-leg-pain\/\" class=\"read-more\">Read the Story<\/a>\n\n\t\t\t\t\t\t\t\t\t\t<\/div>\n\n\t\t\t\t\t\t\t\t\t\t<a href=\"https:\/\/stimrouter.com\/fr\/patient-story\/chris-story-chronic-leg-pain\/\" class=\"cover-link\"><\/a>\n\t\t\t\t\t\t\t\t\t<\/div>\n\t\t\t\t\t\t\t\t<\/div>\n\t\t\t\t\t\t\t<\/li>\n\t\t\t\t\t\t\t\t\t\t\t<\/ul>\n\t\t\t\t<\/div>\n\n\t\t\t\t<div class=\"pss__arrows glide__arrows\">\n\t\t\t\t\t<button class=\"pss__button prev\"><\/button>\n\t\t\t\t\t<button class=\"pss__button next\"><\/button>\n\t\t\t\t<\/div>\n\t\t\t<\/div>\n\t\t<\/div>\n\t<\/div>\n\t<!-- \/.container -->\n<\/div>\n\n\n<div id=\"acf\/image-and-content-block_47fd1c7216fd9a03420d50854de3df3e\" class=\"pxblock pxblock--image-and-content ic ic--contained\">\n\t\n\t<div class=\"ic__container container\">\t\t<div class=\"ic__row\">\n\t\t\t<div class=\"ic__column ic__column--image ic__column--image-left\">\n\t\t\t\t<img loading=\"lazy\" decoding=\"async\" width=\"833\" height=\"768\" src=\"https:\/\/stimrouter.com\/wp-content\/uploads\/2020\/07\/iStock-958886668-1.png\" class=\"ic__image\" alt=\"\" srcset=\"https:\/\/stimrouter.com\/wp-content\/uploads\/2020\/07\/iStock-958886668-1.png 833w, https:\/\/stimrouter.com\/wp-content\/uploads\/2020\/07\/iStock-958886668-1-300x277.png 300w, https:\/\/stimrouter.com\/wp-content\/uploads\/2020\/07\/iStock-958886668-1-768x708.png 768w\" sizes=\"auto, (max-width: 833px) 100vw, 833px\" \/>\t\t\t<\/div>\n\t\t\t<div class=\"ic__column ic__column--content ic__column--content-right\">\n\t\t\t\t<div class=\"ic__content\"><h2>Int\u00e9grer le syst\u00e8me StimRouter PNS \u00e0 votre pratique m\u00e9dicale<\/h2>\n<p>StimRouter offre un avantage mesurable \u00e0 votre cabinet m\u00e9dical et \u00e0 vos patients. D\u00e9couvrez comment vous pouvez connecter les patients \u00e0 un traitement de neuromodulation moins invasif, rembours\u00e9 par Medicare et la plupart des payeurs priv\u00e9s.<br \/>\n<a class=\"pxbutton pxbutton--primary\" href=\"https:\/\/stimrouter.com\/fr\/get-information-for-your-practice\/\">DEMANDER DES RENSEIGNEMENTS<\/a><\/p>\n<\/div>\n\t\t\t<\/div>\n\t\t<\/div>\n\t<\/div>\t<!-- \/.container -->\n<\/div>\n","protected":false},"excerpt":{"rendered":"","protected":false},"author":29,"featured_media":0,"parent":0,"menu_order":0,"comment_status":"closed","ping_status":"closed","template":"","meta":{"_acf_changed":false,"footnotes":""},"class_list":["post-5873","page","type-page","status-publish","hentry"],"acf":[],"_links":{"self":[{"href":"https:\/\/stimrouter.com\/fr\/wp-json\/wp\/v2\/pages\/5873","targetHints":{"allow":["GET"]}}],"collection":[{"href":"https:\/\/stimrouter.com\/fr\/wp-json\/wp\/v2\/pages"}],"about":[{"href":"https:\/\/stimrouter.com\/fr\/wp-json\/wp\/v2\/types\/page"}],"author":[{"embeddable":true,"href":"https:\/\/stimrouter.com\/fr\/wp-json\/wp\/v2\/users\/29"}],"replies":[{"embeddable":true,"href":"https:\/\/stimrouter.com\/fr\/wp-json\/wp\/v2\/comments?post=5873"}],"version-history":[{"count":0,"href":"https:\/\/stimrouter.com\/fr\/wp-json\/wp\/v2\/pages\/5873\/revisions"}],"wp:attachment":[{"href":"https:\/\/stimrouter.com\/fr\/wp-json\/wp\/v2\/media?parent=5873"}],"curies":[{"name":"wp","href":"https:\/\/api.w.org\/{rel}","templated":true}]}}